{"id":132419,"date":"2022-09-03T18:49:29","date_gmt":"2022-09-03T18:49:29","guid":{"rendered":"https:\/\/clearchox.com\/de\/?post_type=product&#038;p=132419"},"modified":"2026-04-21T11:48:19","modified_gmt":"2026-04-21T11:48:19","slug":"auro-milchschokolade-plant-based-47-gesalzene-erdnuss","status":"publish","type":"product","link":"https:\/\/clearchox.com\/de\/shop\/auro-milchschokolade-plant-based-47-gesalzene-erdnuss\/","title":{"rendered":"Auro Schokolade Plant-Based 47% gesalzene Erdnuss"},"content":{"rendered":"<p>Entdecken Sie ein Fest der tropischen Aromen mit unseren s\u00fcchtig machenden Salted Peants &#8211; eine Kombination aus pflanzlicher 47%iger Haferdrinkschokolade und gesalzenen Erdn\u00fcssen.<\/p>\n<p>Das Design ist vom <a href=\"https:\/\/en.wikipedia.org\/wiki\/MassKara_Festival\" target=\"_blank\" rel=\"noopener\">MassKara-Festival in Bacolod<\/a> inspiriert, das ein Sinnbild f\u00fcr St\u00e4rke und Z\u00e4higkeit ist. Jeder Biss ist ein Hochgenuss f\u00fcr die Sinne.<\/p>\n<p>&nbsp;<\/p>\n<p><strong>Zutaten<\/strong>: Rohrzucker, Kakaomasse, Kakaobutter, <span style=\"color: #993300\"><em><strong>Hafer<\/strong><\/em><\/span>pulver, ger\u00f6stete <span style=\"color: #993300\"><em><strong>Erdn\u00fcsse<\/strong><\/em><\/span>, Meersalz<\/p>\n<p><span style=\"color: #993300\"><em><strong>Enth\u00e4lt Hafer und Erdn\u00fcsse. Kann auch Spuren von Milch, Soja und N\u00fcssen enthalten.<\/strong><\/em><\/span><\/p>\n<table border=\"0\" width=\"593\" cellspacing=\"0\" cellpadding=\"0\">\n<tbody>\n<tr>\n<td class=\"xl68\" width=\"333\" height=\"15\"><strong>Nutrition values\/N\u00e4hrwerte\/Voedingswaarde\/Information nutritionelles<\/strong><\/td>\n<td class=\"xl66\" width=\"260\"><strong>per\/pro\/per 100 g<\/strong><\/td>\n<\/tr>\n<tr>\n<td class=\"xl64\" height=\"15\">Energy\/Energie<\/td>\n<td class=\"xl65\">564 kcal\/ 2361 kJ<\/td>\n<\/tr>\n<tr>\n<td class=\"xl64\" height=\"15\">Fat\/Fett\/vetten\/lipides<\/td>\n<td class=\"xl65\">37 g<\/td>\n<\/tr>\n<tr>\n<td class=\"xl64\" height=\"15\">of which saturated\/davon ges\u00e4ttigte Fetts\u00e4uren\/waarvan verzadigd\/dont acides gras saturis<\/td>\n<td class=\"xl65\">20 g<\/td>\n<\/tr>\n<tr>\n<td class=\"xl64\" height=\"15\">Carbonhydrates\/Kohlenhydrate\/koolhydraten\/glucides<\/td>\n<td class=\"xl65\">52 g<\/td>\n<\/tr>\n<tr>\n<td class=\"xl64\" height=\"15\">of which sugar\/davon Zucker\/dont sucre<\/td>\n<td class=\"xl65\">33 g<\/td>\n<\/tr>\n<tr>\n<td class=\"xl64\" height=\"15\">Proteins\/Eiweiss\/eiwitten\/prot\u00e9ines<\/td>\n<td class=\"xl65\">7 g<\/td>\n<\/tr>\n<tr>\n<td class=\"xl67\" height=\"15\">Salt\/Salz\/zout\/sel<\/td>\n<td class=\"xl63\">88 mg<\/td>\n<\/tr>\n<\/tbody>\n<\/table>\n<p>EAN 4806531802458<\/p>\n","protected":false},"excerpt":{"rendered":"<p>Aus der Filippino Fiesta-Kollektion: Pflanzliche Milchschokolade mit k\u00f6stlichen ger\u00f6steten Erdn\u00fcssen. Du wirst immer weiterfeiern!<\/p>\n","protected":false},"featured_media":132409,"comment_status":"open","ping_status":"closed","template":"","meta":[],"product_brand":[116],"product_cat":[754,15,736],"product_tag":[],"class_list":{"0":"post-132419","1":"product","2":"type-product","3":"status-publish","4":"has-post-thumbnail","6":"product_brand-auro","7":"product_cat-herkunftschokolade","8":"product_cat-schokolade","9":"product_cat-vegan","10":"product_shipping_class-16","11":"infinite-scroll-item","12":"resize-featured-image","13":"sales-flash-overlay","14":"woocommerce-text-align-center","15":"woocommerce-image-align-center","16":"wc-has-gallery","18":"first","19":"instock","20":"shipping-taxable","21":"purchasable","22":"product-type-simple"},"_links":{"self":[{"href":"https:\/\/clearchox.com\/de\/wp-json\/wp\/v2\/product\/132419","targetHints":{"allow":["GET"]}}],"collection":[{"href":"https:\/\/clearchox.com\/de\/wp-json\/wp\/v2\/product"}],"about":[{"href":"https:\/\/clearchox.com\/de\/wp-json\/wp\/v2\/types\/product"}],"replies":[{"embeddable":true,"href":"https:\/\/clearchox.com\/de\/wp-json\/wp\/v2\/comments?post=132419"}],"wp:featuredmedia":[{"embeddable":true,"href":"https:\/\/clearchox.com\/de\/wp-json\/wp\/v2\/media\/132409"}],"wp:attachment":[{"href":"https:\/\/clearchox.com\/de\/wp-json\/wp\/v2\/media?parent=132419"}],"wp:term":[{"taxonomy":"product_brand","embeddable":true,"href":"https:\/\/clearchox.com\/de\/wp-json\/wp\/v2\/product_brand?post=132419"},{"taxonomy":"product_cat","embeddable":true,"href":"https:\/\/clearchox.com\/de\/wp-json\/wp\/v2\/product_cat?post=132419"},{"taxonomy":"product_tag","embeddable":true,"href":"https:\/\/clearchox.com\/de\/wp-json\/wp\/v2\/product_tag?post=132419"}],"curies":[{"name":"wp","href":"https:\/\/api.w.org\/{rel}","templated":true}]}}