{"id":132561,"date":"2022-09-16T11:45:50","date_gmt":"2022-09-16T11:45:50","guid":{"rendered":"https:\/\/clearchox.com\/de\/?post_type=product&#038;p=132561"},"modified":"2026-01-08T10:01:11","modified_gmt":"2026-01-08T10:01:11","slug":"chocolat-madagascar-edelvollmilchschokolade-mit-cashew-50","status":"publish","type":"product","link":"https:\/\/clearchox.com\/de\/shop\/chocolat-madagascar-edelvollmilchschokolade-mit-cashew-50\/","title":{"rendered":"Chocolat Madagascar Edelvollmilchschokolade mit Cashewkernen 50%"},"content":{"rendered":"<p>Edle Schokolade aus Kakao, der im Schatten der Regenw\u00e4lder des Sambirano-Tals im Nordwesten Madagaskars w\u00e4chst und reift. Die Bohnen stammen ebenso wie die Cashewn\u00fcsse von eigenen Plantagen.<\/p>\n<p><strong>Geschmacksnoten<\/strong>: Mild, cremig, Cashewn\u00fcsse, fruchtige Noten, Sultaninen und Zitrusfr\u00fcchte. Feine und knusprige Textur. Langer Nachgeschmack.<br \/>\n<strong>Zutaten<\/strong>: Kakaobutter, Voll<span style=\"color: #993300;\"><strong><em>milch<\/em><\/strong><\/span>pulver, <span style=\"color: #993300;\"><em><strong>Cashewkerne<\/strong><\/em><\/span>, Rohrzucker, Kakaobohnen, GMO-freies Sonnenblumenlecithin<\/p>\n<p><span style=\"color: #993300;\"><strong><em>Enth\u00e4lt Milch und Cashews. Hergestellt in einer Umgebung, die auch mit Soja und anderen N\u00fcssen arbeitet.<\/em><\/strong><\/span><\/p>\n<table border=\"0\" width=\"593\" cellspacing=\"0\" cellpadding=\"0\">\n<tbody>\n<tr>\n<td class=\"xl68\" width=\"333\" height=\"15\"><strong>Nutrition values\/N\u00e4hrwerte\/Voedingswaarde\/Information nutritionelles<\/strong><\/td>\n<td class=\"xl66\" width=\"260\"><strong>per\/pro\/per 100 g<\/strong><\/td>\n<\/tr>\n<tr>\n<td class=\"xl64\" height=\"15\">Energy\/Energie<\/td>\n<td class=\"xl65\">595 kcal\/ 2489 kJ<\/td>\n<\/tr>\n<tr>\n<td class=\"xl64\" height=\"15\">Fat\/Fett\/vetten\/lipides<\/td>\n<td class=\"xl65\">46 g<\/td>\n<\/tr>\n<tr>\n<td class=\"xl64\" height=\"15\">of which saturated\/davon ges\u00e4ttigte Fetts\u00e4uren\/waarvan verzadigd\/dont acides gras saturis<\/td>\n<td class=\"xl65\">25g<\/td>\n<\/tr>\n<tr>\n<td class=\"xl64\" height=\"15\">Carbonhydrates\/Kohlenhydrate\/koolhydraten\/glucides<\/td>\n<td class=\"xl65\">37 g<\/td>\n<\/tr>\n<tr>\n<td class=\"xl64\" height=\"15\">of which sugar\/davon Zucker\/dont sucre<\/td>\n<td class=\"xl65\">28\u00a0 g<\/td>\n<\/tr>\n<tr>\n<td class=\"xl64\" height=\"15\">Proteins\/Eiweiss\/eiwitten\/prot\u00e9ines<\/td>\n<td class=\"xl65\">11 g<\/td>\n<\/tr>\n<tr>\n<td class=\"xl67\" height=\"15\">Salt\/Salz\/zout\/sel<\/td>\n<td class=\"xl63\">30 mg<\/td>\n<\/tr>\n<\/tbody>\n<\/table>\n<p>EAN 0634654724496<\/p>\n","protected":false},"excerpt":{"rendered":"<p>Madagassische Schokolade aus einer einzigen Plantage. Eine k\u00f6stliche, knusprige Milchschokolade mit 50% Kakaoanteil und vielen echten Cashewkernst\u00fcckchen.<\/p>\n","protected":false},"featured_media":132502,"comment_status":"open","ping_status":"closed","template":"","meta":[],"product_brand":[869],"product_cat":[754,15],"product_tag":[],"class_list":{"0":"post-132561","1":"product","2":"type-product","3":"status-publish","4":"has-post-thumbnail","6":"product_brand-chocolat-madagascar-de","7":"product_cat-herkunftschokolade","8":"product_cat-schokolade","9":"product_shipping_class-16","10":"infinite-scroll-item","11":"resize-featured-image","12":"sales-flash-overlay","13":"woocommerce-text-align-center","14":"woocommerce-image-align-center","15":"wc-has-gallery","17":"first","18":"outofstock","19":"shipping-taxable","20":"purchasable","21":"product-type-simple"},"_links":{"self":[{"href":"https:\/\/clearchox.com\/de\/wp-json\/wp\/v2\/product\/132561","targetHints":{"allow":["GET"]}}],"collection":[{"href":"https:\/\/clearchox.com\/de\/wp-json\/wp\/v2\/product"}],"about":[{"href":"https:\/\/clearchox.com\/de\/wp-json\/wp\/v2\/types\/product"}],"replies":[{"embeddable":true,"href":"https:\/\/clearchox.com\/de\/wp-json\/wp\/v2\/comments?post=132561"}],"wp:featuredmedia":[{"embeddable":true,"href":"https:\/\/clearchox.com\/de\/wp-json\/wp\/v2\/media\/132502"}],"wp:attachment":[{"href":"https:\/\/clearchox.com\/de\/wp-json\/wp\/v2\/media?parent=132561"}],"wp:term":[{"taxonomy":"product_brand","embeddable":true,"href":"https:\/\/clearchox.com\/de\/wp-json\/wp\/v2\/product_brand?post=132561"},{"taxonomy":"product_cat","embeddable":true,"href":"https:\/\/clearchox.com\/de\/wp-json\/wp\/v2\/product_cat?post=132561"},{"taxonomy":"product_tag","embeddable":true,"href":"https:\/\/clearchox.com\/de\/wp-json\/wp\/v2\/product_tag?post=132561"}],"curies":[{"name":"wp","href":"https:\/\/api.w.org\/{rel}","templated":true}]}}