{"id":132562,"date":"2022-09-16T13:21:41","date_gmt":"2022-09-16T13:21:41","guid":{"rendered":"https:\/\/clearchox.com\/de\/?post_type=product&#038;p=132562"},"modified":"2026-04-23T07:34:51","modified_gmt":"2026-04-23T07:34:51","slug":"chocolat-madagascar-domaine-mava-100","status":"publish","type":"product","link":"https:\/\/clearchox.com\/de\/shop\/chocolat-madagascar-domaine-mava-100\/","title":{"rendered":"Chocolat Madagascar Domaine Mava 100%"},"content":{"rendered":"<p>Edle Schokolade aus Kakao vom Estate Mava, in den W\u00e4ldern des Sambirano-Tals im Nordwesten Madagaskars. Agroforstwirtschaft, wie sie gedacht war.<\/p>\n<p>Gewinner des Cocoa of Excellence 2017 und 2019<\/p>\n<p><strong>Aroma<\/strong>: N\u00fcsse und getrocknete Fr\u00fcchte, zart, leicht adstringierend im Abgang.<br \/>\n<strong>Zutaten<\/strong>: Kakaobohnen und damit nur nat\u00fcrlicher Fruchtzucker des Kakaos<\/p>\n<p><em><strong><span style=\"color: #993300\">Hergestellt in einer Umgebung, die auch mit Milch, Soja und Cashewn\u00fcssen arbeitet.<\/span><\/strong><\/em><\/p>\n<table border=\"0\" width=\"593\" cellspacing=\"0\" cellpadding=\"0\">\n<tbody>\n<tr>\n<td class=\"xl68\" width=\"333\" height=\"15\"><strong>Nutrition values\/N\u00e4hrwerte\/Voedingswaarde\/Information nutritionelles<\/strong><\/td>\n<td class=\"xl66\" width=\"260\"><strong>per\/pro\/per 100 g<\/strong><\/td>\n<\/tr>\n<tr>\n<td class=\"xl64\" height=\"15\">Energy\/Energie<\/td>\n<td class=\"xl65\">596 kcal\/ 2466 kJ<\/td>\n<\/tr>\n<tr>\n<td class=\"xl64\" height=\"15\">Fat\/Fett\/vetten\/lipides<\/td>\n<td class=\"xl65\">48 g<\/td>\n<\/tr>\n<tr>\n<td class=\"xl64\" height=\"15\">of which saturated\/davon ges\u00e4ttigte Fetts\u00e4uren\/waarvan verzadigd\/dont acides gras saturis<\/td>\n<td class=\"xl65\">29 g<\/td>\n<\/tr>\n<tr>\n<td class=\"xl64\" height=\"15\">Carbonhydrates\/Kohlenhydrate\/koolhydraten\/glucides<\/td>\n<td class=\"xl65\">32 g<\/td>\n<\/tr>\n<tr>\n<td class=\"xl64\" height=\"15\">of which sugar\/davon Zucker\/dont sucre<\/td>\n<td class=\"xl65\">0,5 g<\/td>\n<\/tr>\n<tr>\n<td class=\"xl64\" height=\"15\">Proteins\/Eiweiss\/eiwitten\/prot\u00e9ines<\/td>\n<td class=\"xl65\">14 g<\/td>\n<\/tr>\n<tr>\n<td class=\"xl67\" height=\"15\">Salt\/Salz\/zout\/sel<\/td>\n<td class=\"xl63\">30 mg<\/td>\n<\/tr>\n<\/tbody>\n<\/table>\n<p>EAN 0659436909526<\/p>\n","protected":false},"excerpt":{"rendered":"<p>Schokolade aus den Bohnen des Mava Estate, Sambriano, Madagaskar. Reicher Geschmack von ger\u00f6steten N\u00fcssen und getrockneten Fr\u00fcchten. Ohne Zuckerzusatz.<\/p>\n","protected":false},"featured_media":132504,"comment_status":"open","ping_status":"closed","template":"","meta":[],"product_brand":[869],"product_cat":[733,15],"product_tag":[],"class_list":{"0":"post-132562","1":"product","2":"type-product","3":"status-publish","4":"has-post-thumbnail","6":"product_brand-chocolat-madagascar-de","7":"product_cat-preistraeger","8":"product_cat-schokolade","9":"infinite-scroll-item","10":"resize-featured-image","11":"sales-flash-overlay","12":"woocommerce-text-align-center","13":"woocommerce-image-align-center","14":"wc-has-gallery","16":"first","17":"instock","18":"shipping-taxable","19":"purchasable","20":"product-type-simple"},"_links":{"self":[{"href":"https:\/\/clearchox.com\/de\/wp-json\/wp\/v2\/product\/132562","targetHints":{"allow":["GET"]}}],"collection":[{"href":"https:\/\/clearchox.com\/de\/wp-json\/wp\/v2\/product"}],"about":[{"href":"https:\/\/clearchox.com\/de\/wp-json\/wp\/v2\/types\/product"}],"replies":[{"embeddable":true,"href":"https:\/\/clearchox.com\/de\/wp-json\/wp\/v2\/comments?post=132562"}],"wp:featuredmedia":[{"embeddable":true,"href":"https:\/\/clearchox.com\/de\/wp-json\/wp\/v2\/media\/132504"}],"wp:attachment":[{"href":"https:\/\/clearchox.com\/de\/wp-json\/wp\/v2\/media?parent=132562"}],"wp:term":[{"taxonomy":"product_brand","embeddable":true,"href":"https:\/\/clearchox.com\/de\/wp-json\/wp\/v2\/product_brand?post=132562"},{"taxonomy":"product_cat","embeddable":true,"href":"https:\/\/clearchox.com\/de\/wp-json\/wp\/v2\/product_cat?post=132562"},{"taxonomy":"product_tag","embeddable":true,"href":"https:\/\/clearchox.com\/de\/wp-json\/wp\/v2\/product_tag?post=132562"}],"curies":[{"name":"wp","href":"https:\/\/api.w.org\/{rel}","templated":true}]}}