{"id":132629,"date":"2022-10-05T09:53:41","date_gmt":"2022-10-05T09:53:41","guid":{"rendered":"https:\/\/clearchox.com\/de\/?post_type=product&#038;p=132629"},"modified":"2026-03-30T07:13:00","modified_gmt":"2026-03-30T07:13:00","slug":"chocolat-madagascar-domaine-mava-75","status":"publish","type":"product","link":"https:\/\/clearchox.com\/de\/shop\/chocolat-madagascar-domaine-mava-75\/","title":{"rendered":"Chocolat Madagascar Domaine Mava 75%"},"content":{"rendered":"<p>Edelkakao. Herkunft &#8211; Single Plantation MAVA Estate.<br \/>\nOberes und unteres Sambirano-Tal, Nordwest-Madagaskar. Das MAVA-Gut umfasst 1700 Hektar, davon 600 Hektar f\u00fcr Edelkakao. Die Plantage ist vollst\u00e4ndig im Besitz der Familie.<br \/>\nEs gibt zwei Ernten pro Jahr.<\/p>\n<p>Die MAVA-Plantagen sind Gewinner der renommierten Cocoa of Excellence 2017 und 2019. Und diese Tafel gewann Silber bei der Academy of Chocolate<\/p>\n<p><strong>Geschmacksprofil<\/strong>: Noten von ger\u00f6steten N\u00fcssen und getrockneten Fr\u00fcchten, s\u00fc\u00df mit S\u00e4ure und Rundheit, leichte Adstringenz am Ende<br \/>\n<strong>Zutaten<\/strong>: Kakaobohnen, Rohrzucker, Kakaobohnen<\/p>\n<p><em><strong><span style=\"color: #993300\">Hergestellt in einer Umgebung, die auch mit Milch, Soja und Cashewn\u00fcssen arbeitet.<\/span><\/strong><\/em><\/p>\n<table border=\"0\" width=\"593\" cellspacing=\"0\" cellpadding=\"0\">\n<tbody>\n<tr>\n<td class=\"xl68\" width=\"333\" height=\"15\"><strong>Nutrition values\/N\u00e4hrwerte\/Voedingswaarde\/Information nutritionelles<\/strong><\/td>\n<td class=\"xl66\" width=\"260\"><strong>per\/pro\/per 100 g<\/strong><\/td>\n<\/tr>\n<tr>\n<td class=\"xl64\" height=\"15\">Energy\/Energie<\/td>\n<td class=\"xl65\">601 kcal\/ 2501 kJ<\/td>\n<\/tr>\n<tr>\n<td class=\"xl64\" height=\"15\">Fat\/Fett\/vetten\/lipides<\/td>\n<td class=\"xl65\">44 g<\/td>\n<\/tr>\n<tr>\n<td class=\"xl64\" height=\"15\">of which saturated\/davon ges\u00e4ttigte Fetts\u00e4uren\/waarvan verzadigd\/dont acides gras saturis<\/td>\n<td class=\"xl65\">26 g<\/td>\n<\/tr>\n<tr>\n<td class=\"xl64\" height=\"15\">Carbonhydrates\/Kohlenhydrate\/koolhydraten\/glucides<\/td>\n<td class=\"xl65\">43 g<\/td>\n<\/tr>\n<tr>\n<td class=\"xl64\" height=\"15\">of which sugar\/davon Zucker\/dont sucre<\/td>\n<td class=\"xl65\">28 g<\/td>\n<\/tr>\n<tr>\n<td class=\"xl64\" height=\"15\">Proteins\/Eiweiss\/eiwitten\/prot\u00e9ines<\/td>\n<td class=\"xl65\">9 g<\/td>\n<\/tr>\n<tr>\n<td class=\"xl67\" height=\"15\">Salt\/Salz\/zout\/sel<\/td>\n<td class=\"xl63\">10 mg<\/td>\n<\/tr>\n<\/tbody>\n<\/table>\n<p>EAN 0659436909502<\/p>\n","protected":false},"excerpt":{"rendered":"<p>Schokolade aus den Bohnen des Mava Estate, Sambriano, Madagaskar. Reicher Geschmack von ger\u00f6steten N\u00fcssen und getrockneten Fr\u00fcchten, s\u00fc\u00df mit S\u00e4ure mit Rundheit.<\/p>\n","protected":false},"featured_media":132631,"comment_status":"open","ping_status":"closed","template":"","meta":[],"product_brand":[869],"product_cat":[754,733,15],"product_tag":[],"class_list":{"0":"post-132629","1":"product","2":"type-product","3":"status-publish","4":"has-post-thumbnail","6":"product_brand-chocolat-madagascar-de","7":"product_cat-herkunftschokolade","8":"product_cat-preistraeger","9":"product_cat-schokolade","10":"product_shipping_class-16","11":"infinite-scroll-item","12":"resize-featured-image","13":"sales-flash-overlay","14":"woocommerce-text-align-center","15":"woocommerce-image-align-center","16":"wc-has-gallery","18":"first","19":"outofstock","20":"shipping-taxable","21":"purchasable","22":"product-type-simple"},"_links":{"self":[{"href":"https:\/\/clearchox.com\/de\/wp-json\/wp\/v2\/product\/132629","targetHints":{"allow":["GET"]}}],"collection":[{"href":"https:\/\/clearchox.com\/de\/wp-json\/wp\/v2\/product"}],"about":[{"href":"https:\/\/clearchox.com\/de\/wp-json\/wp\/v2\/types\/product"}],"replies":[{"embeddable":true,"href":"https:\/\/clearchox.com\/de\/wp-json\/wp\/v2\/comments?post=132629"}],"wp:featuredmedia":[{"embeddable":true,"href":"https:\/\/clearchox.com\/de\/wp-json\/wp\/v2\/media\/132631"}],"wp:attachment":[{"href":"https:\/\/clearchox.com\/de\/wp-json\/wp\/v2\/media?parent=132629"}],"wp:term":[{"taxonomy":"product_brand","embeddable":true,"href":"https:\/\/clearchox.com\/de\/wp-json\/wp\/v2\/product_brand?post=132629"},{"taxonomy":"product_cat","embeddable":true,"href":"https:\/\/clearchox.com\/de\/wp-json\/wp\/v2\/product_cat?post=132629"},{"taxonomy":"product_tag","embeddable":true,"href":"https:\/\/clearchox.com\/de\/wp-json\/wp\/v2\/product_tag?post=132629"}],"curies":[{"name":"wp","href":"https:\/\/api.w.org\/{rel}","templated":true}]}}