{"id":132774,"date":"2022-10-05T17:40:59","date_gmt":"2022-10-05T17:40:59","guid":{"rendered":"https:\/\/clearchox.com\/de\/?post_type=product&#038;p=132774"},"modified":"2026-04-23T07:34:52","modified_gmt":"2026-04-23T07:34:52","slug":"chocolat-madagascar-mava-ottange-dunkel-100","status":"publish","type":"product","link":"https:\/\/clearchox.com\/de\/shop\/chocolat-madagascar-mava-ottange-dunkel-100\/","title":{"rendered":"Chocolat Madagascar Mava Ottange &#8211; Dunkel 100%"},"content":{"rendered":"<p>Dies ist ein weiterer Preistr\u00e4ger! Schokolade aus einem einzigen Landgut.<\/p>\n<p>Die 1726 Hektar gro\u00dfe Mava-Plantage wurde 2015 erworben und erstreckt sich \u00fcber das obere und untere Sambirano-Tal. Die MAVA-Plantage umfasst 8 Landg\u00fcter, die unterschiedliche Terroir-Kakaosorten mit eigenen, einzigartigen Geschmacksprofilen anbieten &#8211; Ankidony, Ambalahonko, Ambohimena Nord, Ambohimena Sud, Antsamala, Maliolo, Ambodivato und Ottange.<\/p>\n<p>Mava Ottange gewinnt die Cocoa of Excellence Awards auf dem Salon du Chocolat Paris im Oktober 2017.<\/p>\n<p><strong>Geschmacksprofil<\/strong>: leicht s\u00e4uerlich, mit Noten von gelben Fr\u00fcchten, Honig, ger\u00f6steten N\u00fcssen und Leder<br \/>\n<strong>Zutaten<\/strong>: Kakaomasse<\/p>\n<p><span style=\"color: #993300\"><strong><em>Hergestellt in einer Umgebung, in der auch Milch, N\u00fcsse und Soja verwendet werden.<\/em><\/strong><\/span><\/p>\n<p>&nbsp;<\/p>\n<table border=\"0\" width=\"593\" cellspacing=\"0\" cellpadding=\"0\">\n<tbody>\n<tr>\n<td class=\"xl68\" width=\"333\" height=\"15\"><strong>Nutrition values\/N\u00e4hrwerte\/Voedingswaarde\/Information nutritionelles<\/strong><\/td>\n<td class=\"xl66\" width=\"260\"><strong>per\/pro\/per 100 g<\/strong><\/td>\n<\/tr>\n<tr>\n<td class=\"xl64\" height=\"15\">Energy\/Energie<\/td>\n<td class=\"xl65\">596 kcal\/ 2466 kJ<\/td>\n<\/tr>\n<tr>\n<td class=\"xl64\" height=\"15\">Fat\/Fett\/vetten\/lipides<\/td>\n<td class=\"xl65\">48 g<\/td>\n<\/tr>\n<tr>\n<td class=\"xl64\" height=\"15\">of which saturated\/davon ges\u00e4ttigte Fetts\u00e4uren\/waarvan verzadigd\/dont acides gras saturis<\/td>\n<td class=\"xl65\">29 g<\/td>\n<\/tr>\n<tr>\n<td class=\"xl64\" height=\"15\">Carbonhydrates\/Kohlenhydrate\/koolhydraten\/glucides<\/td>\n<td class=\"xl65\">32 g<\/td>\n<\/tr>\n<tr>\n<td class=\"xl64\" height=\"15\">of which sugar\/davon Zucker\/dont sucre<\/td>\n<td class=\"xl65\">0,5 g<\/td>\n<\/tr>\n<tr>\n<td class=\"xl64\" height=\"15\">Proteins\/Eiweiss\/eiwitten\/prot\u00e9ines<\/td>\n<td class=\"xl65\">14 g<\/td>\n<\/tr>\n<tr>\n<td class=\"xl67\" height=\"15\">Salt\/Salz\/zout\/sel<\/td>\n<td class=\"xl63\">30 mg<\/td>\n<\/tr>\n<\/tbody>\n<\/table>\n<p>EAN 0660989888909<\/p>\n","protected":false},"excerpt":{"rendered":"<p>Schokolade von einer einzigen Plantage. Ein leicht w\u00fcrziger &#8222;Terroir&#8220;-Kakao von einer einzigen Farm mit Noten von gelben Fr\u00fcchten, Honig, ger\u00f6steten N\u00fcssen und Leder. Gold bei der renommierten Academy of Chocolate im Jahr 2020!<\/p>\n","protected":false},"featured_media":132783,"comment_status":"open","ping_status":"closed","template":"","meta":[],"product_brand":[869],"product_cat":[754,733,15,736],"product_tag":[],"class_list":{"0":"post-132774","1":"product","2":"type-product","3":"status-publish","4":"has-post-thumbnail","6":"product_brand-chocolat-madagascar-de","7":"product_cat-herkunftschokolade","8":"product_cat-preistraeger","9":"product_cat-schokolade","10":"product_cat-vegan","11":"product_shipping_class-16","12":"infinite-scroll-item","13":"resize-featured-image","14":"sales-flash-overlay","15":"woocommerce-text-align-center","16":"woocommerce-image-align-center","17":"wc-has-gallery","19":"first","20":"instock","21":"shipping-taxable","22":"purchasable","23":"product-type-simple"},"_links":{"self":[{"href":"https:\/\/clearchox.com\/de\/wp-json\/wp\/v2\/product\/132774","targetHints":{"allow":["GET"]}}],"collection":[{"href":"https:\/\/clearchox.com\/de\/wp-json\/wp\/v2\/product"}],"about":[{"href":"https:\/\/clearchox.com\/de\/wp-json\/wp\/v2\/types\/product"}],"replies":[{"embeddable":true,"href":"https:\/\/clearchox.com\/de\/wp-json\/wp\/v2\/comments?post=132774"}],"wp:featuredmedia":[{"embeddable":true,"href":"https:\/\/clearchox.com\/de\/wp-json\/wp\/v2\/media\/132783"}],"wp:attachment":[{"href":"https:\/\/clearchox.com\/de\/wp-json\/wp\/v2\/media?parent=132774"}],"wp:term":[{"taxonomy":"product_brand","embeddable":true,"href":"https:\/\/clearchox.com\/de\/wp-json\/wp\/v2\/product_brand?post=132774"},{"taxonomy":"product_cat","embeddable":true,"href":"https:\/\/clearchox.com\/de\/wp-json\/wp\/v2\/product_cat?post=132774"},{"taxonomy":"product_tag","embeddable":true,"href":"https:\/\/clearchox.com\/de\/wp-json\/wp\/v2\/product_tag?post=132774"}],"curies":[{"name":"wp","href":"https:\/\/api.w.org\/{rel}","templated":true}]}}