{"id":132796,"date":"2022-10-06T15:15:12","date_gmt":"2022-10-06T15:15:12","guid":{"rendered":"https:\/\/clearchox.com\/de\/?post_type=product&#038;p=132796"},"modified":"2026-03-12T17:57:48","modified_gmt":"2026-03-12T17:57:48","slug":"chocolat-madagascar-mava-ottange-dunkel-75","status":"publish","type":"product","link":"https:\/\/clearchox.com\/de\/shop\/chocolat-madagascar-mava-ottange-dunkel-75\/","title":{"rendered":"Chocolat Madagascar Mava Ottange &#8211; Dunkel 75%"},"content":{"rendered":"<p>Dies ist ein weiterer Preistr\u00e4ger! <strong>Schokolade von einem einzigen Landgut<\/strong>.<\/p>\n<p>Die 1726 Hektar gro\u00dfe Mava-Plantage wurde 2015 erworben und erstreckt sich \u00fcber das obere und untere Sambirano-Tal. Die MAVA-Plantage besteht aus 8 Landg\u00fctern, die verschiedene Kakao-Terroirs mit eigenen, einzigartigen Geschmacksprofilen anbieten &#8211; Ankidony, Ambalahonko, Ambohimena Nord, Ambohimena Sud, Antsamala, Maliolo, Ambodivato und <strong>Ottange<\/strong>.<\/p>\n<p>Terroir:\u00a0 S 13<sup>o<\/sup> 45\u2019 47\u201d E 48<sup>o<\/sup> 28\u2019 29\u201d<\/p>\n<p>Mava Ottange gewinnt die Cocoa of Excellence Awards auf dem Salon du Chocolat Paris im Oktober 2017.<\/p>\n<p><strong>Geschmacksnoten<\/strong>: ausgewogen, zitrische und violette Fr\u00fcchte, Honig, ger\u00f6stete N\u00fcsse, Leder<br \/>\n<strong>Zutaten<\/strong>: Kakaomasse, Rohrzucker<\/p>\n<p><em><strong><span style=\"color: #993300\">Hergestellt in einer Umgebung, in der auch Milch, N\u00fcsse und Soja verwendet werden.<\/span><\/strong><\/em><\/p>\n<p>&nbsp;<\/p>\n<table border=\"0\" width=\"593\" cellspacing=\"0\" cellpadding=\"0\">\n<tbody>\n<tr>\n<td class=\"xl68\" width=\"333\" height=\"15\"><strong>Nutrition values\/N\u00e4hrwerte\/Voedingswaarde\/Information nutritionelles<\/strong><\/td>\n<td class=\"xl66\" width=\"260\"><strong>per\/pro\/per 100 g<\/strong><\/td>\n<\/tr>\n<tr>\n<td class=\"xl64\" height=\"15\">Energy\/Energie<\/td>\n<td class=\"xl65\">544 kcal\/ 2276 kJ<\/td>\n<\/tr>\n<tr>\n<td class=\"xl64\" height=\"15\">Fat\/Fett\/vetten\/lipides<\/td>\n<td class=\"xl65\">36 g<\/td>\n<\/tr>\n<tr>\n<td class=\"xl64\" height=\"15\">of which saturated\/davon ges\u00e4ttigte Fetts\u00e4uren\/waarvan verzadigd\/dont acides gras saturis<\/td>\n<td class=\"xl65\">22 g<\/td>\n<\/tr>\n<tr>\n<td class=\"xl64\" height=\"15\">Carbonhydrates\/Kohlenhydrate\/koolhydraten\/glucides<\/td>\n<td class=\"xl65\">49 g<\/td>\n<\/tr>\n<tr>\n<td class=\"xl64\" height=\"15\">of which sugar\/davon Zucker\/dont sucre<\/td>\n<td class=\"xl65\">25 g<\/td>\n<\/tr>\n<tr>\n<td class=\"xl64\" height=\"15\">Proteins\/Eiweiss\/eiwitten\/prot\u00e9ines<\/td>\n<td class=\"xl65\">11 g<\/td>\n<\/tr>\n<tr>\n<td class=\"xl67\" height=\"15\">Salt\/Salz\/zout\/sel<\/td>\n<td class=\"xl63\">20 mg<\/td>\n<\/tr>\n<\/tbody>\n<\/table>\n<p>EAN 0660989888916<\/p>\n","protected":false},"excerpt":{"rendered":"<p>Gold bei der renommierten Academy of Chocolate im Jahr 2020! Ein leicht w\u00fcrziger Single Farm &#8222;Terroir&#8220; Kakao mit einem Hauch von gelben Fr\u00fcchten, Honig, ger\u00f6steten N\u00fcssen und Leder.<\/p>\n","protected":false},"featured_media":132514,"comment_status":"open","ping_status":"closed","template":"","meta":[],"product_brand":[869],"product_cat":[754,733,15],"product_tag":[],"class_list":{"0":"post-132796","1":"product","2":"type-product","3":"status-publish","4":"has-post-thumbnail","6":"product_brand-chocolat-madagascar-de","7":"product_cat-herkunftschokolade","8":"product_cat-preistraeger","9":"product_cat-schokolade","10":"product_shipping_class-16","11":"infinite-scroll-item","12":"resize-featured-image","13":"sales-flash-overlay","14":"woocommerce-text-align-center","15":"woocommerce-image-align-center","16":"wc-has-gallery","18":"first","19":"outofstock","20":"shipping-taxable","21":"purchasable","22":"product-type-simple"},"_links":{"self":[{"href":"https:\/\/clearchox.com\/de\/wp-json\/wp\/v2\/product\/132796","targetHints":{"allow":["GET"]}}],"collection":[{"href":"https:\/\/clearchox.com\/de\/wp-json\/wp\/v2\/product"}],"about":[{"href":"https:\/\/clearchox.com\/de\/wp-json\/wp\/v2\/types\/product"}],"replies":[{"embeddable":true,"href":"https:\/\/clearchox.com\/de\/wp-json\/wp\/v2\/comments?post=132796"}],"wp:featuredmedia":[{"embeddable":true,"href":"https:\/\/clearchox.com\/de\/wp-json\/wp\/v2\/media\/132514"}],"wp:attachment":[{"href":"https:\/\/clearchox.com\/de\/wp-json\/wp\/v2\/media?parent=132796"}],"wp:term":[{"taxonomy":"product_brand","embeddable":true,"href":"https:\/\/clearchox.com\/de\/wp-json\/wp\/v2\/product_brand?post=132796"},{"taxonomy":"product_cat","embeddable":true,"href":"https:\/\/clearchox.com\/de\/wp-json\/wp\/v2\/product_cat?post=132796"},{"taxonomy":"product_tag","embeddable":true,"href":"https:\/\/clearchox.com\/de\/wp-json\/wp\/v2\/product_tag?post=132796"}],"curies":[{"name":"wp","href":"https:\/\/api.w.org\/{rel}","templated":true}]}}