{"id":132798,"date":"2022-10-06T17:16:02","date_gmt":"2022-10-06T17:16:02","guid":{"rendered":"https:\/\/clearchox.com\/de\/?post_type=product&#038;p=132798"},"modified":"2026-01-08T10:01:38","modified_gmt":"2026-01-08T10:01:38","slug":"chocolat-madagascar-mava-ambohimena-dunkel-100","status":"publish","type":"product","link":"https:\/\/clearchox.com\/de\/shop\/chocolat-madagascar-mava-ambohimena-dunkel-100\/","title":{"rendered":"Chocolat Madagascar Mava Ambohimena &#8211; Dunkel 100%"},"content":{"rendered":"<p>Dies ist ein weiterer Preistr\u00e4ger! Schokolade aus einem einzigen Landgut.<\/p>\n<p>Die 1726 Hektar gro\u00dfe Mava-Plantage wurde 2015 erworben und erstreckt sich \u00fcber das obere und untere Sambirano-Tal. Die MAVA-Plantage umfasst 8 Landg\u00fcter, die unterschiedliche Terroir-Kakaosorten mit eigenen, einzigartigen Geschmacksprofilen anbieten \u2013 Ankidony, Ambalahonko, Ambohimena Nord, <strong>Ambohimena Sud<\/strong>, Antsamala, Maliolo, Ambodivato und Ottange.<\/p>\n<p>Terroir:\u00a0 S 13<sup>o<\/sup> 36\u2019 31\u201d E 48<sup>o<\/sup> 24\u2019 27\u201d<\/p>\n<p>Mava Ambohimena gewinnt die Cocoa of Excellence Awards auf dem Salon du Chocolat Paris im Oktober 2019.<\/p>\n<p><strong>Geschmacksnoten<\/strong>: Karamell, nussig, Pflaume, Holz, schokoladig<br \/>\n<strong>Zutaten<\/strong>: Kakaomasse<\/p>\n<p><span style=\"color: #993300;\"><em><strong>Hergestellt in einer Umgebung, in der auch Milch, N\u00fcsse und Soja verwendet werden.<\/strong><\/em><\/span><\/p>\n<p>&nbsp;<\/p>\n<table border=\"0\" width=\"593\" cellspacing=\"0\" cellpadding=\"0\">\n<tbody>\n<tr>\n<td class=\"xl68\" width=\"333\" height=\"15\"><strong>Nutrition values\/N\u00e4hrwerte\/Voedingswaarde\/Information nutritionelles<\/strong><\/td>\n<td class=\"xl66\" width=\"260\"><strong>per\/pro\/per 100 g<\/strong><\/td>\n<\/tr>\n<tr>\n<td class=\"xl64\" height=\"15\">Energy\/Energie<\/td>\n<td class=\"xl65\">596 kcal\/ 2466 kJ<\/td>\n<\/tr>\n<tr>\n<td class=\"xl64\" height=\"15\">Fat\/Fett\/vetten\/lipides<\/td>\n<td class=\"xl65\">48 g<\/td>\n<\/tr>\n<tr>\n<td class=\"xl64\" height=\"15\">of which saturated\/davon ges\u00e4ttigte Fetts\u00e4uren\/waarvan verzadigd\/dont acides gras saturis<\/td>\n<td class=\"xl65\">29 g<\/td>\n<\/tr>\n<tr>\n<td class=\"xl64\" height=\"15\">Carbonhydrates\/Kohlenhydrate\/koolhydraten\/glucides<\/td>\n<td class=\"xl65\">32 g<\/td>\n<\/tr>\n<tr>\n<td class=\"xl64\" height=\"15\">of which sugar\/davon Zucker\/dont sucre<\/td>\n<td class=\"xl65\">0,5 g<\/td>\n<\/tr>\n<tr>\n<td class=\"xl64\" height=\"15\">Proteins\/Eiweiss\/eiwitten\/prot\u00e9ines<\/td>\n<td class=\"xl65\">11 g<\/td>\n<\/tr>\n<tr>\n<td class=\"xl67\" height=\"15\">Salt\/Salz\/zout\/sel<\/td>\n<td class=\"xl63\">30 mg<\/td>\n<\/tr>\n<\/tbody>\n<\/table>\n<p>EAN 0660989888923<\/p>\n","protected":false},"excerpt":{"rendered":"<p>Gold bei der renommierten Academy of Chocolate in 2020! Ein s\u00fc\u00dfer Terroir-Kakao von der Ambohimena-Farm auf dem Mava-Anwesen im Sambirano-Tal. Erstaunlich weiche Aromen von Karamell, Pflaumen und ger\u00f6steten N\u00fcssen.<\/p>\n","protected":false},"featured_media":132516,"comment_status":"open","ping_status":"closed","template":"","meta":[],"product_brand":[869],"product_cat":[754,733,15],"product_tag":[],"class_list":{"0":"post-132798","1":"product","2":"type-product","3":"status-publish","4":"has-post-thumbnail","6":"product_brand-chocolat-madagascar-de","7":"product_cat-herkunftschokolade","8":"product_cat-preistraeger","9":"product_cat-schokolade","10":"infinite-scroll-item","11":"resize-featured-image","12":"sales-flash-overlay","13":"woocommerce-text-align-center","14":"woocommerce-image-align-center","15":"wc-has-gallery","17":"first","18":"outofstock","19":"shipping-taxable","20":"purchasable","21":"product-type-simple"},"_links":{"self":[{"href":"https:\/\/clearchox.com\/de\/wp-json\/wp\/v2\/product\/132798","targetHints":{"allow":["GET"]}}],"collection":[{"href":"https:\/\/clearchox.com\/de\/wp-json\/wp\/v2\/product"}],"about":[{"href":"https:\/\/clearchox.com\/de\/wp-json\/wp\/v2\/types\/product"}],"replies":[{"embeddable":true,"href":"https:\/\/clearchox.com\/de\/wp-json\/wp\/v2\/comments?post=132798"}],"wp:featuredmedia":[{"embeddable":true,"href":"https:\/\/clearchox.com\/de\/wp-json\/wp\/v2\/media\/132516"}],"wp:attachment":[{"href":"https:\/\/clearchox.com\/de\/wp-json\/wp\/v2\/media?parent=132798"}],"wp:term":[{"taxonomy":"product_brand","embeddable":true,"href":"https:\/\/clearchox.com\/de\/wp-json\/wp\/v2\/product_brand?post=132798"},{"taxonomy":"product_cat","embeddable":true,"href":"https:\/\/clearchox.com\/de\/wp-json\/wp\/v2\/product_cat?post=132798"},{"taxonomy":"product_tag","embeddable":true,"href":"https:\/\/clearchox.com\/de\/wp-json\/wp\/v2\/product_tag?post=132798"}],"curies":[{"name":"wp","href":"https:\/\/api.w.org\/{rel}","templated":true}]}}