{"id":133442,"date":"2023-01-14T13:59:05","date_gmt":"2023-01-14T13:59:05","guid":{"rendered":"https:\/\/clearchox.com\/de\/?post_type=product&#038;p=133442"},"modified":"2026-04-20T19:19:04","modified_gmt":"2026-04-20T19:19:04","slug":"pure-chocolate-dunkle-schokolade-84","status":"publish","type":"product","link":"https:\/\/clearchox.com\/de\/shop\/pure-chocolate-dunkle-schokolade-84\/","title":{"rendered":"Pure Chocolate Dunkle Schokolade 84%"},"content":{"rendered":"<p>Lesen Sie diesen (englischsprachigen) Artikel in der <a href=\"https:\/\/www.jamaicaobserver.com\/business\/pure-chocolate-combines-jamaica-and-holland\/\" target=\"_blank\" rel=\"noopener\">Jamaica Observer<\/a><\/p>\n<hr \/>\n<p><strong><img loading=\"lazy\" decoding=\"async\" class=\"alignleft size-medium wp-image-92924\" src=\"https:\/\/clearchox.com\/nl\/wp-content\/uploads\/sites\/11\/2023\/01\/Pure-Chocolate-Dennis-Bodie-244x300.jpg\" alt=\"\" width=\"244\" height=\"300\" \/>Kakao von Dennis Bodie<\/strong><br \/>\nDer von Pure Chocolate verwendete Kakao wird von Dennis Bodie geliefert. Ein Bauer eines Geh\u00f6fts namens Tom&#8217;s Hope, inmitten der<a href=\"https:\/\/en.wikipedia.org\/wiki\/John_Crow_Mountains\" target=\"_blank\" rel=\"noopener\"> John Crow Mountains<\/a>\u00a0 (in Fellowship im Landkreis<a href=\"https:\/\/de.wikipedia.org\/wiki\/Portland_Parish\" target=\"_blank\" rel=\"noopener\"> Portland<\/a>). Um Bodies Farm zu finden, ist man auf die Hilfe der Einheimischen angewiesen. Es gibt keine Stra\u00dfennamen, keine Hausnummern, und auch der Hof ist nicht ausgeschildert. Dennis Bodie ist der Besitzer der Farm. Sie ist sein ganzer Stolz; er hat sich mit Leib und Seele seinem Hof verschrieben, macht keinen Urlaub, sondern genie\u00dft, wie er sagt, jeden Tag das Rauschen des Baches und die Natur um sich herum.<\/p>\n<p>Sein Kakao ist eine Kreuzung aus Criollo und Trinitario, der von Hand fermentiert und getrocknet wird. Bei der Schokoladenherstellung ist das, was bei der Ernte und danach passiert, entscheidend. Durch das besondere Verfahren bleibt der au\u00dfergew\u00f6hnliche Kakaogeschmack der urspr\u00fcnglichen Kakaobohnen bestm\u00f6glich erhalten.<\/p>\n<hr \/>\n<p><strong>Geschmacksnoten<\/strong>: Reichhaltige Kakaoaromen mit leichen Bitternoten, ger\u00f6steten N\u00fcssen, dunkles Karamell und Beeren<br \/>\n<strong>Zutaten<\/strong>: Kakaomasse, Rohrzucker, Kakaobutter<\/p>\n<p><span style=\"color: #993300;\"><em><strong>Kann Spuren von N\u00fcssen, Erdn\u00fcssen und Milch enthalten.<\/strong><\/em><\/span><\/p>\n<p>&nbsp;<\/p>\n<table border=\"0\" width=\"593\" cellspacing=\"0\" cellpadding=\"0\">\n<tbody>\n<tr>\n<td class=\"xl68\" width=\"333\" height=\"15\"><strong>Nutrition values\/N\u00e4hrwerte\/Voedingswaarde\/Information nutritionelles<\/strong><\/td>\n<td class=\"xl66\" width=\"260\"><strong>per\/pro\/per 100 g<\/strong><\/td>\n<\/tr>\n<tr>\n<td class=\"xl64\" height=\"15\">Energy\/Energie<\/td>\n<td class=\"xl65\">591 kcal\/ 2470 kJ<\/td>\n<\/tr>\n<tr>\n<td class=\"xl64\" height=\"15\">Fat\/Fett\/vetten\/lipides<\/td>\n<td class=\"xl65\">42 g<\/td>\n<\/tr>\n<tr>\n<td class=\"xl64\" height=\"15\">of which saturated\/davon ges\u00e4ttigte Fetts\u00e4uren\/waarvan verzadigd\/dont acides gras saturis<\/td>\n<td class=\"xl65\">25 g<\/td>\n<\/tr>\n<tr>\n<td class=\"xl64\" height=\"15\">Carbonhydrates\/Kohlenhydrate\/koolhydraten\/glucides<\/td>\n<td class=\"xl65\">47 g<\/td>\n<\/tr>\n<tr>\n<td class=\"xl64\" height=\"15\">of which sugar\/davon Zucker\/dont sucre<\/td>\n<td class=\"xl65\">16 g<\/td>\n<\/tr>\n<tr>\n<td class=\"xl64\" height=\"15\">Proteins\/Eiweiss\/eiwitten\/prot\u00e9ines10<\/td>\n<td class=\"xl65\">\u00a0g<\/td>\n<\/tr>\n<tr>\n<td class=\"xl67\" height=\"15\">Salt\/Salz\/zout\/sel<\/td>\n<td class=\"xl63\">0 mg<\/td>\n<\/tr>\n<\/tbody>\n<\/table>\n<p>&nbsp;<\/p>\n","protected":false},"excerpt":{"rendered":"<p>Kr\u00e4ftige und herrliche Tafel f\u00fcr alle Schokoladenkenner, aber auch sehr zug\u00e4nglich f\u00fcr diejenigen, die hochprozentige Schokoladen nicht gewohnt sind.<\/p>\n","protected":false},"featured_media":135075,"comment_status":"open","ping_status":"closed","template":"","meta":[],"product_brand":[1124],"product_cat":[754,15,736],"product_tag":[1289,1206],"class_list":{"0":"post-133442","1":"product","2":"type-product","3":"status-publish","4":"has-post-thumbnail","6":"product_brand-pure-chocolate","7":"product_cat-herkunftschokolade","8":"product_cat-schokolade","9":"product_cat-vegan","10":"product_tag-1289","11":"product_tag-dunkel","12":"product_shipping_class-16","13":"infinite-scroll-item","14":"resize-featured-image","15":"sales-flash-overlay","16":"woocommerce-text-align-center","17":"woocommerce-image-align-center","18":"wc-has-gallery","20":"first","21":"instock","22":"shipping-taxable","23":"purchasable","24":"product-type-simple"},"_links":{"self":[{"href":"https:\/\/clearchox.com\/de\/wp-json\/wp\/v2\/product\/133442","targetHints":{"allow":["GET"]}}],"collection":[{"href":"https:\/\/clearchox.com\/de\/wp-json\/wp\/v2\/product"}],"about":[{"href":"https:\/\/clearchox.com\/de\/wp-json\/wp\/v2\/types\/product"}],"replies":[{"embeddable":true,"href":"https:\/\/clearchox.com\/de\/wp-json\/wp\/v2\/comments?post=133442"}],"wp:featuredmedia":[{"embeddable":true,"href":"https:\/\/clearchox.com\/de\/wp-json\/wp\/v2\/media\/135075"}],"wp:attachment":[{"href":"https:\/\/clearchox.com\/de\/wp-json\/wp\/v2\/media?parent=133442"}],"wp:term":[{"taxonomy":"product_brand","embeddable":true,"href":"https:\/\/clearchox.com\/de\/wp-json\/wp\/v2\/product_brand?post=133442"},{"taxonomy":"product_cat","embeddable":true,"href":"https:\/\/clearchox.com\/de\/wp-json\/wp\/v2\/product_cat?post=133442"},{"taxonomy":"product_tag","embeddable":true,"href":"https:\/\/clearchox.com\/de\/wp-json\/wp\/v2\/product_tag?post=133442"}],"curies":[{"name":"wp","href":"https:\/\/api.w.org\/{rel}","templated":true}]}}