{"id":133632,"date":"2023-03-27T07:56:36","date_gmt":"2023-03-27T07:56:36","guid":{"rendered":"https:\/\/clearchox.com\/de\/?post_type=product&#038;p=133632"},"modified":"2026-04-09T10:49:02","modified_gmt":"2026-04-09T10:49:02","slug":"definite-kokosnuss-milch-60","status":"publish","type":"product","link":"https:\/\/clearchox.com\/de\/shop\/definite-kokosnuss-milch-60\/","title":{"rendered":"Definite Kokosnuss-Milch 60%"},"content":{"rendered":"<p>Diese Schokolade wird mit Kokosmilch hergestellt und hat nur einen Hauch von Kokos. Sie genie\u00dfen alle aufregenden Aromen des Kakaos.<\/p>\n<p>Der biologisch angebaute Kakao f\u00fcr diese Tafel stammt von <a href=\"http:\/\/www.valdezcacao.com.do\/\" target=\"_blank\" rel=\"noopener noreferrer\">Valdez Cacao<\/a>. Dieses Familienunternehmen hat seine Farm in Castillo (Provinz Duarte). Mehr als 60% des gesamten dominikanischen Kakaos wird in dieser Region angebaut. Valdez Cacao wurde 1961 von Porfirio Valdez gegr\u00fcndet. Er begann klein, kaufte mit dem Geld, das er verdiente, Landst\u00fccke und entwickelte sein Unternehmen langsam zu einer der f\u00fchrenden Farmen im Kakaoanbau.<\/p>\n<p>Valdez Cacao engagiert sich sozial f\u00fcr die lokale Bev\u00f6lkerung. Sie bietet Arbeit, leistet soziale Dienste, baute zwei Aqu\u00e4dukte, ein Baseballfeld und verbindet die Grundschule mit dem Internet.<\/p>\n<p><strong>Geschmacksprofil<\/strong>: getrocknete Fr\u00fcchte<\/p>\n<p><strong>Zutaten:<\/strong> Kakaomasse (60%), Rohrzucker, Kakaobutter, <span style=\"color: #993300;\"><strong><em>Kokosnuss<\/em><\/strong><\/span>milch,<\/p>\n<p><span style=\"color: #993300;\"><em><strong>Kann Spuren von Schalenfr\u00fcchten, Erdn\u00fcssen und Milch enthalten.<\/strong><\/em><\/span><\/p>\n<table border=\"0\" width=\"593\" cellspacing=\"0\" cellpadding=\"0\">\n<colgroup>\n<col width=\"333\" \/>\n<col width=\"260\" \/><\/colgroup>\n<tbody>\n<tr>\n<td class=\"xl68\" width=\"333\" height=\"15\"><strong>Nutrition values\/N\u00e4hrwerte\/Voedingswaarde<\/strong><\/td>\n<td class=\"xl66\" width=\"260\"><strong>per\/pro\/per 100 g<\/strong><\/td>\n<\/tr>\n<tr>\n<td class=\"xl64\" height=\"15\">Energy\/Energie<\/td>\n<td class=\"xl65\">589 kcal\/ 2464 kJ<\/td>\n<\/tr>\n<tr>\n<td class=\"xl64\" height=\"15\">Fat\/Fett\/vetten<\/td>\n<td class=\"xl65\">41,8 g<\/td>\n<\/tr>\n<tr>\n<td class=\"xl64\" height=\"15\">of which saturated\/davon ges\u00e4ttigte Fetts\u00e4uren\/waarvan verzadigd<\/td>\n<td class=\"xl65\">27,4 g<\/td>\n<\/tr>\n<tr>\n<td class=\"xl64\" height=\"15\">Carbonhydrates\/Kohlenhydrate\/koolhydraten<\/td>\n<td class=\"xl65\">51,9 g<\/td>\n<\/tr>\n<tr>\n<td class=\"xl64\" height=\"15\">of which sugar\/davon Zucker\/waarvan suiker<\/td>\n<td class=\"xl65\">32,9 g<\/td>\n<\/tr>\n<tr>\n<td class=\"xl64\" height=\"15\">Proteins\/Eiweiss\/eiwitten<\/td>\n<td class=\"xl65\">6,3 g<\/td>\n<\/tr>\n<tr>\n<td class=\"xl67\" height=\"15\">Salt\/Salz\/zout<\/td>\n<td class=\"xl63\">0,0 g<\/td>\n<\/tr>\n<\/tbody>\n<\/table>\n","protected":false},"excerpt":{"rendered":"<p>Diese Schokolade wird mit Kokosmilch hergestellt und hat nur einen Hauch von Kokos. Sie genie\u00dfen alle aufregenden Aromen des Kakaos.<\/p>\n","protected":false},"featured_media":134784,"comment_status":"open","ping_status":"closed","template":"","meta":[],"product_brand":[758],"product_cat":[754,15,736],"product_tag":[],"class_list":{"0":"post-133632","1":"product","2":"type-product","3":"status-publish","4":"has-post-thumbnail","6":"product_brand-definite-chocolate","7":"product_cat-herkunftschokolade","8":"product_cat-schokolade","9":"product_cat-vegan","10":"infinite-scroll-item","11":"resize-featured-image","12":"sales-flash-overlay","13":"woocommerce-text-align-center","14":"woocommerce-image-align-center","15":"wc-has-gallery","17":"first","18":"instock","19":"shipping-taxable","20":"purchasable","21":"product-type-simple"},"_links":{"self":[{"href":"https:\/\/clearchox.com\/de\/wp-json\/wp\/v2\/product\/133632","targetHints":{"allow":["GET"]}}],"collection":[{"href":"https:\/\/clearchox.com\/de\/wp-json\/wp\/v2\/product"}],"about":[{"href":"https:\/\/clearchox.com\/de\/wp-json\/wp\/v2\/types\/product"}],"replies":[{"embeddable":true,"href":"https:\/\/clearchox.com\/de\/wp-json\/wp\/v2\/comments?post=133632"}],"wp:featuredmedia":[{"embeddable":true,"href":"https:\/\/clearchox.com\/de\/wp-json\/wp\/v2\/media\/134784"}],"wp:attachment":[{"href":"https:\/\/clearchox.com\/de\/wp-json\/wp\/v2\/media?parent=133632"}],"wp:term":[{"taxonomy":"product_brand","embeddable":true,"href":"https:\/\/clearchox.com\/de\/wp-json\/wp\/v2\/product_brand?post=133632"},{"taxonomy":"product_cat","embeddable":true,"href":"https:\/\/clearchox.com\/de\/wp-json\/wp\/v2\/product_cat?post=133632"},{"taxonomy":"product_tag","embeddable":true,"href":"https:\/\/clearchox.com\/de\/wp-json\/wp\/v2\/product_tag?post=133632"}],"curies":[{"name":"wp","href":"https:\/\/api.w.org\/{rel}","templated":true}]}}