{"id":133782,"date":"2023-07-17T19:40:35","date_gmt":"2023-07-17T19:40:35","guid":{"rendered":"https:\/\/clearchox.com\/de\/?post_type=product&#038;p=133782"},"modified":"2026-04-24T11:04:11","modified_gmt":"2026-04-24T11:04:11","slug":"georgia-ramon-kuesten-pfeffer-70-bio","status":"publish","type":"product","link":"https:\/\/clearchox.com\/de\/shop\/georgia-ramon-kuesten-pfeffer-70-bio\/","title":{"rendered":"Georgia Ramon K\u00fcsten-Pfeffer 70% BIO"},"content":{"rendered":"<p>Eine k\u00f6stliche Tafel Schokolade mit zwei verschiedenen Arten von Pfeffer, die an den K\u00fcsten von Indien und Indonesien angebaut werden. Voller und w\u00fcrziger Geschmack.<\/p>\n<p>Schwarzer Pfeffer ist an der Malabark\u00fcste Indiens beheimatet, und der Malabar-Pfeffer wird dort und in anderen tropischen Regionen in extensiver Weise angebaut, also ohne D\u00fcngemittel, Pestizide oder massivem Maschineneinsatz.<\/p>\n<p>Kubebenpfeffer ist auf Java heimisch. Er wird auch in anderen Gebieten Indonesiens und in Sri Lanka angebaut. Kubebenpfeffer wird als Gew\u00fcrz und als Heilpflanze verwendet.<\/p>\n<div class=\"content--title\">Die verwendete dunkle Schokolade ist aus Kakaobohnen von <a href=\"https:\/\/oko-caribe.com\/\" target=\"_blank\" rel=\"noopener\">\u00d6ko Caribe<\/a>, aus der Dominikanischen Republik.<\/div>\n<div><\/div>\n<div class=\"content--title\"><strong>Zutaten<br \/>\n<\/strong>Bio-Kakaomasse, Bio-Rohrohrzucker, Bio-Kakaobutter, <a href=\"https:\/\/de.wikipedia.org\/wiki\/Kubeben-Pfeffer\" target=\"_blank\" rel=\"noopener\">Kubeben-Pfeffer<\/a> (3%), Malabar-Pfeffer (2%)<\/div>\n<div><\/div>\n<div class=\"content--title\">Garantiert glutenfrei, vegan<br \/>\n<span style=\"color: #993300;\"><strong>Kann Spuren von Schalenfr\u00fcchten und Milch enthalten.<\/strong><\/span><\/div>\n<div class=\"content--title\"><\/div>\n<p><strong>Valeurs nutritionnelles \/ Nutritional values \/ Voedingswaarde \/ N\u00e4hrwerte<br \/>\n<\/strong>pour \/ per \/ pro 100g<\/p>\n<table width=\"713\">\n<tbody>\n<tr>\n<td width=\"613\">Valeur \u00e9nerg\u00e9tique \/ Energy \/ Energie<\/td>\n<td width=\"100\">551 Kcal \/ 2303 KJ<\/td>\n<\/tr>\n<tr>\n<td width=\"632\">Prot\u00e9ines \/ Proteins \/ Eiwitten \/ Eiwei\u00df<\/td>\n<td width=\"81\">7 g<\/td>\n<\/tr>\n<tr>\n<td width=\"632\">Glucides \/ Carbohydrates \/ Koolhydraten \/ Kohlenhydrate<\/td>\n<td width=\"81\">37 g<\/td>\n<\/tr>\n<tr>\n<td width=\"632\">dont sucre \/ of which sugar \/ waarvan suiker \/ davon Zucker<\/td>\n<td width=\"81\">30 g<\/td>\n<\/tr>\n<tr>\n<td width=\"632\">Lipides \/ Fat \/ Vet \/ Fett<\/td>\n<td width=\"81\">49 g<\/td>\n<\/tr>\n<tr>\n<td width=\"632\">dont acides gras satur\u00e9s \/ of which saturated fat \/ waarvan verzadigde vetzuren \/ davon ges\u00e4ttigte Fetts\u00e4uren<\/td>\n<td width=\"81\">37 g<\/td>\n<\/tr>\n<tr>\n<td width=\"632\">Fibres \/ Fibers \/ Vezels \/ Ballaststoffe<\/td>\n<td width=\"81\"><\/td>\n<\/tr>\n<tr>\n<td width=\"632\">Sel \/ Salt \/ Zout \/ Salz<\/td>\n<td width=\"81\">0,01 g<\/td>\n<\/tr>\n<\/tbody>\n<\/table>\n<p>EAN 4260441820414<\/p>\n","protected":false},"excerpt":{"rendered":"<p>Dunkle Schokolade aus der Dominikanischen Republik, gew\u00fcrzt mit schwarzem Malabar-Pfeffer aus Indien und Kubeben-Pfeffer aus Indonesien. Mild und doch sch\u00f6n w\u00fcrzig.<\/p>\n","protected":false},"featured_media":133783,"comment_status":"open","ping_status":"closed","template":"","meta":[],"product_brand":[77],"product_cat":[735,754,736],"product_tag":[],"class_list":{"0":"post-133782","1":"product","2":"type-product","3":"status-publish","4":"has-post-thumbnail","6":"product_brand-georgia-ramon","7":"product_cat-bio","8":"product_cat-herkunftschokolade","9":"product_cat-vegan","10":"product_shipping_class-16","11":"infinite-scroll-item","12":"resize-featured-image","13":"sales-flash-overlay","14":"woocommerce-text-align-center","15":"woocommerce-image-align-center","16":"wc-has-gallery","18":"first","19":"instock","20":"shipping-taxable","21":"purchasable","22":"product-type-simple"},"_links":{"self":[{"href":"https:\/\/clearchox.com\/de\/wp-json\/wp\/v2\/product\/133782","targetHints":{"allow":["GET"]}}],"collection":[{"href":"https:\/\/clearchox.com\/de\/wp-json\/wp\/v2\/product"}],"about":[{"href":"https:\/\/clearchox.com\/de\/wp-json\/wp\/v2\/types\/product"}],"replies":[{"embeddable":true,"href":"https:\/\/clearchox.com\/de\/wp-json\/wp\/v2\/comments?post=133782"}],"wp:featuredmedia":[{"embeddable":true,"href":"https:\/\/clearchox.com\/de\/wp-json\/wp\/v2\/media\/133783"}],"wp:attachment":[{"href":"https:\/\/clearchox.com\/de\/wp-json\/wp\/v2\/media?parent=133782"}],"wp:term":[{"taxonomy":"product_brand","embeddable":true,"href":"https:\/\/clearchox.com\/de\/wp-json\/wp\/v2\/product_brand?post=133782"},{"taxonomy":"product_cat","embeddable":true,"href":"https:\/\/clearchox.com\/de\/wp-json\/wp\/v2\/product_cat?post=133782"},{"taxonomy":"product_tag","embeddable":true,"href":"https:\/\/clearchox.com\/de\/wp-json\/wp\/v2\/product_tag?post=133782"}],"curies":[{"name":"wp","href":"https:\/\/api.w.org\/{rel}","templated":true}]}}