{"id":133790,"date":"2023-07-18T08:15:10","date_gmt":"2023-07-18T08:15:10","guid":{"rendered":"https:\/\/clearchox.com\/de\/?post_type=product&#038;p=133790"},"modified":"2026-04-07T14:17:56","modified_gmt":"2026-04-07T14:17:56","slug":"georgia-ramon-matcha-und-himbeere-bio","status":"publish","type":"product","link":"https:\/\/clearchox.com\/de\/shop\/georgia-ramon-matcha-und-himbeere-bio\/","title":{"rendered":"Georgia Ramon Matcha &#038; Himbeere BIO"},"content":{"rendered":"<p>Zweifarbige Schokolade! Matcha ist ein pulverisierter gr\u00fcner Tee, der in der japanischen Teezeremonie verwendet wird. Er hat eine intensive gr\u00fcne Farbe und einen angenehm s\u00fc\u00dfen Geschmack, der bei sp\u00e4terer Pfl\u00fcckung auch leicht w\u00fcrzig ist. Und er passt perfekt zum zart-s\u00fc\u00dfen Aroma der Himbeeren. Und die sind rosa-rot.<\/p>\n<p>Die verwendete reine Kakaobutter stammt aus der Dominikanischen Republik.<\/p>\n<p><strong>Zutaten<\/strong>: Kakaobutter, Rohrohrzucker, <span style=\"color: #993300;\"><strong><em>Vollmilch<\/em><\/strong><\/span>pulver, Himbeeren getrocknet (6%), <span style=\"color: #993300;\"><strong><em>Matcha<\/em>\u00a0<\/strong><\/span>(3%), Sonnenblumenlecithin, Kakao: 40% mindestens<\/p>\n<p><strong>Garantiert glutenfrei, Bio zertifiziert<\/strong><\/p>\n<p><strong><em><span style=\"color: #993300;\">Enth\u00e4lt Milch. Kann Spuren von Schalenfr\u00fcchten enthalten.<\/span><\/em><\/strong><\/p>\n<table width=\"593\">\n<tbody>\n<tr>\n<td width=\"333\"><strong>N\u00e4hrwerte\/Voedingswaarde\/Nutrition values\/Information nutritionelles<br \/>\n<\/strong><\/td>\n<td width=\"260\"><strong>per\/pro 100 g<\/strong><\/td>\n<\/tr>\n<tr>\n<td>Energie\/energy<\/td>\n<td>611 kcal\/ 2558 kJ<\/td>\n<\/tr>\n<tr>\n<td>Fett\/fat\/vet\/lipides<\/td>\n<td>48 g<\/td>\n<\/tr>\n<tr>\n<td>davon ges\u00e4ttigte\/of which saturated\/waarvan verzadigde\/dont gras satur\u00e9s<\/td>\n<td>27 g<\/td>\n<\/tr>\n<tr>\n<td>Kohlenhydrate\/carbohydrate\/koolhydraten\/glucides<\/td>\n<td>42 g<\/td>\n<\/tr>\n<tr>\n<td>davon Zucker\/of which sugar\/waarvan suiker\/dont sucre<\/td>\n<td>41 g<\/td>\n<\/tr>\n<tr>\n<td>Eiwei\u00df\/protein\/eiwit\/prot\u00e9ines<\/td>\n<td>6 g<\/td>\n<\/tr>\n<tr>\n<td>Salz\/salt\/zout\/sel<\/td>\n<td>0,18 g<\/td>\n<\/tr>\n<\/tbody>\n<\/table>\n<p>EAN: 4260441821428<\/p>\n","protected":false},"excerpt":{"rendered":"<p>Zweifarbige Schokolade! Rosa und gr\u00fcn und dezent s\u00fc\u00df im Geschmack, mit aromatisch fruchtigen Himbeeren und zartem Matcha.<\/p>\n","protected":false},"featured_media":133784,"comment_status":"open","ping_status":"closed","template":"","meta":[],"product_brand":[77],"product_cat":[735,754],"product_tag":[],"class_list":{"0":"post-133790","1":"product","2":"type-product","3":"status-publish","4":"has-post-thumbnail","6":"product_brand-georgia-ramon","7":"product_cat-bio","8":"product_cat-herkunftschokolade","9":"product_shipping_class-16","10":"infinite-scroll-item","11":"resize-featured-image","12":"sales-flash-overlay","13":"woocommerce-text-align-center","14":"woocommerce-image-align-center","16":"first","17":"instock","18":"shipping-taxable","19":"purchasable","20":"product-type-simple"},"_links":{"self":[{"href":"https:\/\/clearchox.com\/de\/wp-json\/wp\/v2\/product\/133790","targetHints":{"allow":["GET"]}}],"collection":[{"href":"https:\/\/clearchox.com\/de\/wp-json\/wp\/v2\/product"}],"about":[{"href":"https:\/\/clearchox.com\/de\/wp-json\/wp\/v2\/types\/product"}],"replies":[{"embeddable":true,"href":"https:\/\/clearchox.com\/de\/wp-json\/wp\/v2\/comments?post=133790"}],"wp:featuredmedia":[{"embeddable":true,"href":"https:\/\/clearchox.com\/de\/wp-json\/wp\/v2\/media\/133784"}],"wp:attachment":[{"href":"https:\/\/clearchox.com\/de\/wp-json\/wp\/v2\/media?parent=133790"}],"wp:term":[{"taxonomy":"product_brand","embeddable":true,"href":"https:\/\/clearchox.com\/de\/wp-json\/wp\/v2\/product_brand?post=133790"},{"taxonomy":"product_cat","embeddable":true,"href":"https:\/\/clearchox.com\/de\/wp-json\/wp\/v2\/product_cat?post=133790"},{"taxonomy":"product_tag","embeddable":true,"href":"https:\/\/clearchox.com\/de\/wp-json\/wp\/v2\/product_tag?post=133790"}],"curies":[{"name":"wp","href":"https:\/\/api.w.org\/{rel}","templated":true}]}}