{"id":133800,"date":"2023-07-24T17:45:11","date_gmt":"2023-07-24T17:45:11","guid":{"rendered":"https:\/\/clearchox.com\/de\/?post_type=product&#038;p=133800"},"modified":"2026-01-08T10:02:18","modified_gmt":"2026-01-08T10:02:18","slug":"theo-philo-gruene-bananenchips-rosa-salz-60","status":"publish","type":"product","link":"https:\/\/clearchox.com\/de\/shop\/theo-philo-gruene-bananenchips-rosa-salz-60\/","title":{"rendered":"Theo &#038; Philo &#8211; Gr\u00fcne Bananenchips &#038; Rosa Salz 60%"},"content":{"rendered":"<p>Der Bananenh\u00e4uptling hat die Republik \u00fcbernommen, und er befahl, seine besten knusprigen Bananenchip in die Schokolade zu mischen. Dazu haben sie ein wenig Salz gestreut, und es schmeckt wie Zauberei. Der H\u00e4uptling wei\u00df wirklich, was gut ist. Hoch lebe der H\u00e4uptling!<\/p>\n<p>Die in dieser Tafel verwendete Banane ist die typische philippinische <a href=\"https:\/\/en.wikipedia.org\/wiki\/Saba_banana\" target=\"_blank\" rel=\"noopener\">Saba-Banane<\/a>. Eine Kochbanane, die in der philippinischen K\u00fcche eine wichtige Rolle spielt.<\/p>\n<p><strong>Kakao von Malabog<br \/>\n<\/strong>Theo &amp; Philo arbeitet mit Kakao aus dem Barangay Malabog, einer Gemeinschaft mit etwa 11.000 Einwohnern, die Teil von <a href=\"https:\/\/de.wikipedia.org\/wiki\/Davao_City\" target=\"_blank\" rel=\"noopener noreferrer\">Davao City<\/a> ist, der fl\u00e4chenm\u00e4\u00dfig gr\u00f6\u00dften Stadt der <a href=\"https:\/\/de.wikipedia.org\/wiki\/Philippinen\" target=\"_blank\" rel=\"noopener noreferrer\">Philippinen<\/a>. Alles in Davao City ist flach und sehr gr\u00fcn und erstreckt sich \u00fcber H\u00fcgellandschaften.<\/p>\n<p>In Malabog gibt es viele kleine Kakaobauern. Die Bedingungen f\u00fcr Kakao sind perfekt. Im Jahr 2019 gewann beispielsweise Nong Joe, einer von 226 Teilnehmern aus 55 L\u00e4ndern den Preis f\u00fcr die besten Kakaobohnen der Welt bei <a href=\"http:\/\/www.cocoaofexcellence.org\/\" target=\"_blank\" rel=\"noopener noreferrer\">International Cocoa Awards (ICA)<\/a>.<\/p>\n<p>Philo Chua bezieht den Kakao in Zusammenarbeit mit der Organisation <a href=\"http:\/\/www.gk1world.com\/home\" target=\"_blank\" rel=\"noopener noreferrer\">Gawad Kalinga<\/a> von einer Gruppe von Bauern. Gawad Kalinga hilft Menschen aus der Armut.<br \/>\n(Barangay ist die kleinste politische Verwaltungseinheit auf den Philippinen.)<\/p>\n<p><strong>Zutaten<\/strong>: Kakaomasse, Rohrzucker, Banane, Kakaobutter, Kokosnuss\u00f6l, Himalaya-Salz<\/p>\n<p><span style=\"color: #993300;\"><em><strong>Kann Spuren von Schalenfr\u00fcchten, Milch, Soja und Sesam enthalten.<\/strong><\/em><\/span><\/p>\n<p>&nbsp;<\/p>\n<table border=\"0\" width=\"593\" cellspacing=\"0\" cellpadding=\"0\">\n<tbody>\n<tr>\n<td class=\"xl68\" width=\"333\" height=\"15\"><strong>Nutritional values\/N\u00e4hrwerte\/Voedingswaarde\/Valeurs nutritionnelles<br \/>\n<\/strong><\/td>\n<td class=\"xl66\" width=\"260\"><strong>per\/pro\/per\/pour 100 g<\/strong><\/td>\n<\/tr>\n<tr>\n<td class=\"xl64\" height=\"15\">Energy\/Energie\/Valeur \u00e9nerg\u00e9tique<\/td>\n<td class=\"xl65\">560 kcal \/ 2343 kJ<\/td>\n<\/tr>\n<tr>\n<td class=\"xl64\" height=\"15\">Fat\/Fett\/Vet\/Lipides<\/td>\n<td class=\"xl65\">34 g<\/td>\n<\/tr>\n<tr>\n<td class=\"xl64\" height=\"15\">of which saturated\/davon ges\u00e4ttigte Fetts\u00e4uren\/waarvan verzadigd\/dont acides gras satur\u00e9s<\/td>\n<td class=\"xl65\">31 g<\/td>\n<\/tr>\n<tr>\n<td class=\"xl64\" height=\"15\">Carbohydrates\/Kohlenhydrate\/Koolhydraten\/Glucides<\/td>\n<td class=\"xl65\">58 g<\/td>\n<\/tr>\n<tr>\n<td class=\"xl64\" height=\"15\">of which sugar\/davon Zucker\/waarvan suiker\/dont sucre<\/td>\n<td class=\"xl65\">23 g<\/td>\n<\/tr>\n<tr>\n<td class=\"xl64\" height=\"15\">Proteins\/Eiweiss\/Eiwitten\/Prot\u00e9ines<\/td>\n<td class=\"xl65\">5 g<\/td>\n<\/tr>\n<tr>\n<td class=\"xl67\" height=\"15\">Salt\/Salz\/Zout\/Sel<\/td>\n<td class=\"xl63\">0.16 g<\/td>\n<\/tr>\n<\/tbody>\n<\/table>\n<p>EAN 4809015036174<\/p>\n","protected":false},"excerpt":{"rendered":"<p>Ein Geschmackserlebnis! Die Aromen der gr\u00fcnen Bananenchips, des rosa Salzes in zarter dunkler Schokolade sind die perfekte Balance aus S\u00fc\u00dfem und Salzigem.<\/p>\n","protected":false},"featured_media":133803,"comment_status":"open","ping_status":"closed","template":"","meta":[],"product_brand":[759],"product_cat":[754,15],"product_tag":[],"class_list":{"0":"post-133800","1":"product","2":"type-product","3":"status-publish","4":"has-post-thumbnail","6":"product_brand-theo-philo-de","7":"product_cat-herkunftschokolade","8":"product_cat-schokolade","9":"product_shipping_class-16","10":"infinite-scroll-item","11":"resize-featured-image","12":"sales-flash-overlay","13":"woocommerce-text-align-center","14":"woocommerce-image-align-center","15":"wc-has-gallery","17":"first","18":"outofstock","19":"shipping-taxable","20":"purchasable","21":"product-type-simple"},"_links":{"self":[{"href":"https:\/\/clearchox.com\/de\/wp-json\/wp\/v2\/product\/133800","targetHints":{"allow":["GET"]}}],"collection":[{"href":"https:\/\/clearchox.com\/de\/wp-json\/wp\/v2\/product"}],"about":[{"href":"https:\/\/clearchox.com\/de\/wp-json\/wp\/v2\/types\/product"}],"replies":[{"embeddable":true,"href":"https:\/\/clearchox.com\/de\/wp-json\/wp\/v2\/comments?post=133800"}],"wp:featuredmedia":[{"embeddable":true,"href":"https:\/\/clearchox.com\/de\/wp-json\/wp\/v2\/media\/133803"}],"wp:attachment":[{"href":"https:\/\/clearchox.com\/de\/wp-json\/wp\/v2\/media?parent=133800"}],"wp:term":[{"taxonomy":"product_brand","embeddable":true,"href":"https:\/\/clearchox.com\/de\/wp-json\/wp\/v2\/product_brand?post=133800"},{"taxonomy":"product_cat","embeddable":true,"href":"https:\/\/clearchox.com\/de\/wp-json\/wp\/v2\/product_cat?post=133800"},{"taxonomy":"product_tag","embeddable":true,"href":"https:\/\/clearchox.com\/de\/wp-json\/wp\/v2\/product_tag?post=133800"}],"curies":[{"name":"wp","href":"https:\/\/api.w.org\/{rel}","templated":true}]}}