{"id":133814,"date":"2023-07-27T19:17:28","date_gmt":"2023-07-27T19:17:28","guid":{"rendered":"https:\/\/clearchox.com\/de\/?post_type=product&#038;p=133814"},"modified":"2026-04-24T11:04:08","modified_gmt":"2026-04-24T11:04:08","slug":"ocelot-dunkle-schokolade-mit-schwarze-kirsche-70-bio","status":"publish","type":"product","link":"https:\/\/clearchox.com\/de\/shop\/ocelot-dunkle-schokolade-mit-schwarze-kirsche-70-bio\/","title":{"rendered":"Ocelot &#8211; Dunkle Schokolade mit Schwarzkirsche 70% BIO"},"content":{"rendered":"<p>Das in Schottland ans\u00e4ssige Unternehmen Ocelot stellt in jeder Hinsicht au\u00dfergew\u00f6hnlich gute Schokolade her. Nicht nur mit wunderbaren Geschmackskombinationen, sondern auch\u00a0in der nachhaltigen und stylischen Verpackung. F\u00fcr den Kakao, genauer gesagt die Schokoladenmasse, arbeiten sie eng mit Original Beans zusammen.<\/p>\n<p>Original Beans hat eine Reihe von Single-Plantage-Schokoladen, die auch die Erhaltung des Regenwaldes f\u00f6rdern. Dieser Virunga wird im <a href=\"https:\/\/de.wikipedia.org\/wiki\/Nationalpark_Virunga\" target=\"_blank\" rel=\"noopener\">Nationalpark Virunga<\/a> im Osten der <a href=\"https:\/\/de.wikipedia.org\/wiki\/Demokratische_Republik_Kongo\" target=\"_blank\" rel=\"noopener\">D.R. Kongo<\/a> geerntet.<\/p>\n<p>Original Beans ist ein idealistischer Schokoladenhersteller. Sie bieten den Kakaobauern ein sog. <em>living income<\/em> und zahlen sogar fast das Doppelte der Fairtrade-Pr\u00e4mie extra. Aber sie tun noch mehr: Sie helfen bei der Anpflanzung von B\u00e4umen, um den Wald wiederherzustellen, unterrichten die Bauern in der besten Verarbeitung von Kakaobohnen und unterhalten selbstverst\u00e4ndlich auch eine Baumschule f\u00fcr Kakaob\u00e4ume.<\/p>\n<div class=\"oSioSc\">\n<div id=\"tw-target\">\n<div id=\"kAz1tf\" class=\"g9WsWb\">\n<div id=\"tw-target-text-container\" class=\"tw-ta-container F0azHf tw-nfl\">\n<p class=\"tw-data-text tw-text-large tw-ta\" dir=\"ltr\" data-placeholder=\"Vertaling\"><span class=\"Y2IQFc\" lang=\"en\"><strong>Zutaten:<\/strong> Kakaomasse Original Beans Kuvert\u00fcre Virunga, unraffiinierter Bio-Rohrzucker, Bio-Kakaobutter, getrocknete Bio-Kirschen, Bio-Schwarzkirscharoma\u00f6l (&lt;1%)<br \/>\n<\/span><\/p>\n<p class=\"tw-data-text tw-text-large tw-ta\" dir=\"ltr\" data-placeholder=\"Vertaling\"><span class=\"Y2IQFc\" lang=\"en\"><strong>Geschmacksnoten: <\/strong><\/span><span class=\"Y2IQFc\" lang=\"en\">Feine Noten<\/span>\u00a0von Schattenmorellen und schwarzem Tee des Amelonado Kakaos, Schwarzkirschen<\/p>\n<p class=\"tw-data-text tw-text-large tw-ta\" dir=\"ltr\" data-placeholder=\"Vertaling\"><span style=\"color: #993300;\"><em><strong><span class=\"Y2IQFc\" lang=\"en\">Hergestellt in einer Manufaktur, die auch Milch, Gluten und N\u00fcsse verarbeitet.<\/span><\/strong><\/em><\/span><\/p>\n<table width=\"593\">\n<tbody>\n<tr>\n<td width=\"333\"><strong>Nutritional values\/Voedingswaarde\/N\u00e4hrwerte\/Valeurs nutritionnelles<br \/>\n<\/strong><\/td>\n<td width=\"260\"><strong>per\/pro\/pour 100 g<\/strong><\/td>\n<\/tr>\n<tr>\n<td>Energy\/Energie\/Valeur \u00e9nerg\u00e9tique<\/td>\n<td>569 kCal \/ 2381 kJ<\/td>\n<\/tr>\n<tr>\n<td>Fat\/Vet\/Fett\/Lipides<\/td>\n<td>42 g<\/td>\n<\/tr>\n<tr>\n<td>of which saturated\/waarvan verzadigd\/davon ges\u00e4ttigte Fetts\u00e4uren\/dont acides gras satur\u00e9s<\/td>\n<td>26 g<\/td>\n<\/tr>\n<tr>\n<td>Carbohydrates\/Koolhydraten\/Kohlenhydrate\/Glucides<\/td>\n<td>45 g<\/td>\n<\/tr>\n<tr>\n<td>davon Zucker\/waarvan suiker\/of which sugar\/dont sucre<\/td>\n<td>29 g<\/td>\n<\/tr>\n<tr>\n<td>Nahrungsfasern\/voedingsvezels\/dietary fibres\/des fibres alimentaires<\/td>\n<td>11 g<\/td>\n<\/tr>\n<tr>\n<td>Protein\/Eiwit\/Eiweiss\/Prot\u00e9ine<\/td>\n<td>7 g<\/td>\n<\/tr>\n<tr>\n<td>Salt\/Zout\/Salz\/Sel<\/td>\n<td>0,03 g<\/td>\n<\/tr>\n<\/tbody>\n<\/table>\n<\/div>\n<\/div>\n<\/div>\n<\/div>\n<p>EAN 0634158969096<\/p>\n","protected":false},"excerpt":{"rendered":"<p>Intensiv in S\u00fc\u00dfe und Tanninen sind die Schwarzkirschen, umh\u00fcllt von zarter, reichhaltiger dunkler BIO-Schokolade.<\/p>\n","protected":false},"featured_media":133806,"comment_status":"open","ping_status":"closed","template":"","meta":[],"product_brand":[1134],"product_cat":[735,15],"product_tag":[],"class_list":{"0":"post-133814","1":"product","2":"type-product","3":"status-publish","4":"has-post-thumbnail","6":"product_brand-ocelot","7":"product_cat-bio","8":"product_cat-schokolade","9":"product_shipping_class-16","10":"infinite-scroll-item","11":"resize-featured-image","12":"sales-flash-overlay","13":"woocommerce-text-align-center","14":"woocommerce-image-align-center","15":"wc-has-gallery","17":"first","18":"instock","19":"shipping-taxable","20":"purchasable","21":"product-type-simple"},"_links":{"self":[{"href":"https:\/\/clearchox.com\/de\/wp-json\/wp\/v2\/product\/133814","targetHints":{"allow":["GET"]}}],"collection":[{"href":"https:\/\/clearchox.com\/de\/wp-json\/wp\/v2\/product"}],"about":[{"href":"https:\/\/clearchox.com\/de\/wp-json\/wp\/v2\/types\/product"}],"replies":[{"embeddable":true,"href":"https:\/\/clearchox.com\/de\/wp-json\/wp\/v2\/comments?post=133814"}],"wp:featuredmedia":[{"embeddable":true,"href":"https:\/\/clearchox.com\/de\/wp-json\/wp\/v2\/media\/133806"}],"wp:attachment":[{"href":"https:\/\/clearchox.com\/de\/wp-json\/wp\/v2\/media?parent=133814"}],"wp:term":[{"taxonomy":"product_brand","embeddable":true,"href":"https:\/\/clearchox.com\/de\/wp-json\/wp\/v2\/product_brand?post=133814"},{"taxonomy":"product_cat","embeddable":true,"href":"https:\/\/clearchox.com\/de\/wp-json\/wp\/v2\/product_cat?post=133814"},{"taxonomy":"product_tag","embeddable":true,"href":"https:\/\/clearchox.com\/de\/wp-json\/wp\/v2\/product_tag?post=133814"}],"curies":[{"name":"wp","href":"https:\/\/api.w.org\/{rel}","templated":true}]}}