{"id":134302,"date":"2024-03-04T20:09:42","date_gmt":"2024-03-04T20:09:42","guid":{"rendered":"https:\/\/clearchox.com\/de\/?post_type=product&#038;p=134302"},"modified":"2026-01-08T08:24:52","modified_gmt":"2026-01-08T08:24:52","slug":"millesime-dominikanische-republik-75-mit-wildpfeffer-bio","status":"publish","type":"product","link":"https:\/\/clearchox.com\/de\/shop\/millesime-dominikanische-republik-75-mit-wildpfeffer-bio\/","title":{"rendered":"Mill\u00e9sime Dominikanische Republik 75% mit Wildpfeffer BIO"},"content":{"rendered":"<p><strong>Terroir<\/strong>: San Francisco de Macoris<br \/>\n<strong>Bohnen<\/strong>: Hispanionla<br \/>\n<strong>Plantage<\/strong>: <a href=\"https:\/\/oko-caribe.com\/\" target=\"_blank\" rel=\"noopener\">\u00d6ko Caribe<\/a><\/p>\n<p>Die Gr\u00fcnder, Adriano de Jesus Rodriguez und Gualberto Acebey Torrejon, haben jahrelange Erfahrung im Kakaoanbau. \u00d6ko Caribe arbeitet eng mit 165 Kakaobauern aus der <a href=\"https:\/\/de.wikipedia.org\/wiki\/Duarte_(Provinz)\" target=\"_blank\" rel=\"noopener\">Provinz Duarte<\/a> zusammen. Qualit\u00e4t ist ihre Priorit\u00e4t. Dies erfordert eine enge Zusammenarbeit mit Bauern, die in biologischen Anbaumethoden, Pflege und Verarbeitung geschult werden. Sie k\u00f6nnen Mikrokredite erhalten und ihre Ernte zu deutlich h\u00f6heren Preisen verkaufen. Der Kakao w\u00e4chst zwischen Bananen, Avocados, Orangen und anderen tropischen Fr\u00fcchten. Die Bohnen werden in Holzkisten fermentiert, in der Sonne getrocknet und von Hand selektiert.<\/p>\n<p>Gualberto und Adriano liefern au\u00dfergew\u00f6hnliche Bohnen mit tiefen Noten von Kakao und roten Fr\u00fcchten.<\/p>\n<p><strong>Zutaten<\/strong>: <span style=\"color: #000000;\">Kakaomasse, Rohrzucker, Kakaobutter, Pfeffer<br \/>\n<\/span><\/p>\n<p><span style=\"color: #993300;\"><em><strong>Kann Spuren von Milch und N\u00fcsse enthalten.<br \/>\n<\/strong><\/em><\/span><\/p>\n<p><strong>Valeurs nutritionnelles \/ nutrition facts \/ voedingswaarden \/ N\u00e4hrwerte \/ n\u00e6ringsv\u00e6rdi \/ <\/strong><strong>Valores nutricionales<\/strong><strong> \/ <\/strong><strong>Valori Nutrizionali<\/strong><strong> 100g<\/strong><\/p>\n<table width=\"705\">\n<tbody>\n<tr>\n<td width=\"625\">Valeur \u00e9nerg\u00e9tique \/ Energy \/ Energie<\/td>\n<td width=\"80\">563.64 Kcal \/ 2356.01 KJ<\/td>\n<\/tr>\n<tr>\n<td width=\"625\">Prot\u00e9ines \/ Proteins \/ Eiwitten \/ Eiwei\u00df<\/td>\n<td width=\"80\">8.64 g<\/td>\n<\/tr>\n<tr>\n<td width=\"625\">Glucides \/ Carbohydrates \/ Koolhydraten \/ Kohlenhydrate<\/td>\n<td width=\"80\">31.65 g<\/td>\n<\/tr>\n<tr>\n<td width=\"625\">dont sucre \/ of which sugar \/ waarvan suiker \/ davon Zucker<\/td>\n<td width=\"80\">24.48 g<\/td>\n<\/tr>\n<tr>\n<td width=\"625\">Lipides \/ Fat \/ Vet \/ Fett<\/td>\n<td width=\"80\">44.51 g<\/td>\n<\/tr>\n<tr>\n<td width=\"625\">dont acides gras satur\u00e9s \/ of which saturated fat \/ waarvan verzadigde vetzuren \/ davon ges\u00e4ttigte Fetts\u00e4uren<\/td>\n<td width=\"80\">15.05 g<\/td>\n<\/tr>\n<tr>\n<td width=\"625\">Fibres \/ Fibers \/ Vezels \/ Ballaststoffe<\/td>\n<td width=\"80\">7.61 g<\/td>\n<\/tr>\n<tr>\n<td width=\"625\">Sel \/ Salt \/ Zout \/ Salz<\/td>\n<td width=\"80\">0 g<\/td>\n<\/tr>\n<\/tbody>\n<\/table>\n<p>&nbsp;<\/p>\n","protected":false},"excerpt":{"rendered":"<p>K\u00f6stliche handwerkliche Schokolade mit einem ausgewogenen Kakaogeschmack von \u00d6ko-Caribe. Tiefe Noten von Kakao und roten Fr\u00fcchten, die ein mildes Wildpfefferaroma begleiten.<\/p>\n","protected":false},"featured_media":134277,"comment_status":"open","ping_status":"closed","template":"","meta":[],"product_brand":[762],"product_cat":[735,754,15,736],"product_tag":[],"class_list":{"0":"post-134302","1":"product","2":"type-product","3":"status-publish","4":"has-post-thumbnail","6":"product_brand-millesime","7":"product_cat-bio","8":"product_cat-herkunftschokolade","9":"product_cat-schokolade","10":"product_cat-vegan","11":"product_shipping_class-16","12":"infinite-scroll-item","13":"resize-featured-image","14":"sales-flash-overlay","15":"woocommerce-text-align-center","16":"woocommerce-image-align-center","17":"wc-has-gallery","19":"first","20":"outofstock","21":"shipping-taxable","22":"purchasable","23":"product-type-simple"},"_links":{"self":[{"href":"https:\/\/clearchox.com\/de\/wp-json\/wp\/v2\/product\/134302","targetHints":{"allow":["GET"]}}],"collection":[{"href":"https:\/\/clearchox.com\/de\/wp-json\/wp\/v2\/product"}],"about":[{"href":"https:\/\/clearchox.com\/de\/wp-json\/wp\/v2\/types\/product"}],"replies":[{"embeddable":true,"href":"https:\/\/clearchox.com\/de\/wp-json\/wp\/v2\/comments?post=134302"}],"wp:featuredmedia":[{"embeddable":true,"href":"https:\/\/clearchox.com\/de\/wp-json\/wp\/v2\/media\/134277"}],"wp:attachment":[{"href":"https:\/\/clearchox.com\/de\/wp-json\/wp\/v2\/media?parent=134302"}],"wp:term":[{"taxonomy":"product_brand","embeddable":true,"href":"https:\/\/clearchox.com\/de\/wp-json\/wp\/v2\/product_brand?post=134302"},{"taxonomy":"product_cat","embeddable":true,"href":"https:\/\/clearchox.com\/de\/wp-json\/wp\/v2\/product_cat?post=134302"},{"taxonomy":"product_tag","embeddable":true,"href":"https:\/\/clearchox.com\/de\/wp-json\/wp\/v2\/product_tag?post=134302"}],"curies":[{"name":"wp","href":"https:\/\/api.w.org\/{rel}","templated":true}]}}