{"id":134308,"date":"2024-03-05T19:15:05","date_gmt":"2024-03-05T19:15:05","guid":{"rendered":"https:\/\/clearchox.com\/de\/?post_type=product&#038;p=134308"},"modified":"2026-04-07T18:18:43","modified_gmt":"2026-04-07T18:18:43","slug":"latitude-display","status":"publish","type":"product","link":"https:\/\/clearchox.com\/de\/shop\/latitude-display\/","title":{"rendered":"Latitude Thekendisplay"},"content":{"rendered":"<p>Ein wundersch\u00f6nes, farbenfrohes Display f\u00fcr acht verschiedene Tafeln von Latitude. F\u00fcr die Theke oder einen besonderen Platz im Regal. Ma\u00dfe: 30cm x 34cm x 22cm (H\/B\/T)<\/p>\n<p>Leicht zu montieren. Klicken Sie <a href=\"https:\/\/clearchox.com\/de\/wp-content\/uploads\/sites\/7\/2024\/03\/Latitude-display-how-to-build.pdf\" target=\"_blank\" rel=\"noopener\">hier f\u00fcr das PDF<\/a> mit der Anleitung.<\/p>\n","protected":false},"excerpt":{"rendered":"<p>Das Theken-Display von Latitude ist festlich in den Farben und f\u00f6rdert den Verkauf der Tafeln.<\/p>\n","protected":false},"featured_media":134314,"comment_status":"open","ping_status":"closed","template":"","meta":[],"product_brand":[771,84],"product_cat":[731],"product_tag":[],"class_list":{"0":"post-134308","1":"product","2":"type-product","3":"status-publish","4":"has-post-thumbnail","6":"product_brand-latitude","7":"product_brand-serviceprodukten-clearchox","8":"product_cat-serviceprodukte","9":"product_shipping_class-16","10":"infinite-scroll-item","11":"resize-featured-image","12":"sales-flash-overlay","13":"woocommerce-text-align-center","14":"woocommerce-image-align-center","15":"wc-has-gallery","17":"first","18":"instock","19":"shipping-taxable","20":"purchasable","21":"product-type-simple"},"_links":{"self":[{"href":"https:\/\/clearchox.com\/de\/wp-json\/wp\/v2\/product\/134308","targetHints":{"allow":["GET"]}}],"collection":[{"href":"https:\/\/clearchox.com\/de\/wp-json\/wp\/v2\/product"}],"about":[{"href":"https:\/\/clearchox.com\/de\/wp-json\/wp\/v2\/types\/product"}],"replies":[{"embeddable":true,"href":"https:\/\/clearchox.com\/de\/wp-json\/wp\/v2\/comments?post=134308"}],"wp:featuredmedia":[{"embeddable":true,"href":"https:\/\/clearchox.com\/de\/wp-json\/wp\/v2\/media\/134314"}],"wp:attachment":[{"href":"https:\/\/clearchox.com\/de\/wp-json\/wp\/v2\/media?parent=134308"}],"wp:term":[{"taxonomy":"product_brand","embeddable":true,"href":"https:\/\/clearchox.com\/de\/wp-json\/wp\/v2\/product_brand?post=134308"},{"taxonomy":"product_cat","embeddable":true,"href":"https:\/\/clearchox.com\/de\/wp-json\/wp\/v2\/product_cat?post=134308"},{"taxonomy":"product_tag","embeddable":true,"href":"https:\/\/clearchox.com\/de\/wp-json\/wp\/v2\/product_tag?post=134308"}],"curies":[{"name":"wp","href":"https:\/\/api.w.org\/{rel}","templated":true}]}}