{"id":134601,"date":"2024-09-05T08:03:18","date_gmt":"2024-09-05T08:03:18","guid":{"rendered":"https:\/\/clearchox.com\/de\/?post_type=product&#038;p=134601"},"modified":"2026-04-24T11:04:17","modified_gmt":"2026-04-24T11:04:17","slug":"luisa-abram-tocantins-river-70","status":"publish","type":"product","link":"https:\/\/clearchox.com\/de\/shop\/luisa-abram-tocantins-river-70\/","title":{"rendered":"Luisa Abram Tocantins River 70%"},"content":{"rendered":"<p><strong>Wilder Kakao vom Ufer des Flusses Tocantins<\/strong><\/p>\n<p>In Zusammenarbeit mit den Flussufergemeinden f\u00fchrte Luisa Abram ihre erste G\u00e4rung am Ufer des Flusses Tocantins in der N\u00e4he der kleinen Stadt Mocajuba im Bundesstaat Par\u00e1 durch. Den Einheimischen die Durchf\u00fchrung der Fermentation beizubringen, stie\u00df auf keine Hindernisse, im Gegenteil, sie wurde durch ihre Vertrautheit mit der Kakaokultur erleichtert. Die Partnerschaft f\u00fchrte zu einer Einkommenssteigerung ihrer Familien, da gut fermentierter Kakao zu einem zwei- bis dreimal h\u00f6heren Preis verkauft wird. In der Sprache der Tupi, der Ureinwohner, bedeutet Tocantins \u201eSchnabel des Tukans\u201c. Der gro\u00dfe und lebendige Fluss Tocantins flie\u00dft durch das Herz Brasiliens. Dieser Wasserweg ist das Lebenselixier f\u00fcr authentischen, einheimischen Kakao.<\/p>\n<p>Dieser Riegel beginnt mit frischen Geschmacksnoten, denen sich Zitrusaromen anschlie\u00dfen, die an Orange und Zitrone erinnern. Begleitet von einer feinen Honignote und mit einem angenehmen Schokoladenabgang bleiben keine tropischen Schokoladenw\u00fcnsche offen.<\/p>\n<p>Die sch\u00f6ne Verpackung enth\u00e4lt zwei Tafeln \u00e0 4 g, separat verpackt, also insgesamt 80g Schokolade. Auf diese Weise m\u00fcssen Sie nicht Ihre gesamte Schokolade auf einmal \u00f6ffnen und k\u00f6nnen sie zu einem anderen Zeitpunkt in bester Qualit\u00e4t genie\u00dfen! Das innere der Verpackung zeigt au\u00dferdem die Geschichte der Schokolade und eine Karte zur Herkunft des Kakaos.<\/p>\n<p>Diese Schokolade gewann eine Goldmedaille bei den Academy of Chocolate Awards 2020.<\/p>\n<p><strong>Geschmacksnoten:<\/strong> Karamell, Orange, Zitrone, Honig<\/p>\n<p><strong>Zutaten:<\/strong> Wildkakaobohnen, Rohrzucker, Kakaobutter<\/p>\n<p><span style=\"color: #993300;\"><strong>Kann Spuren von N\u00fcssen und Milch enthalten.<\/strong><\/span><\/p>\n<table border=\"0\" width=\"593\" cellspacing=\"0\" cellpadding=\"0\">\n<tbody>\n<tr>\n<td class=\"xl68\" width=\"333\" height=\"15\"><strong>Nutrition values\/N\u00e4hrwerte\/Voedingswaarde\/Information nutritionelles<\/strong><\/td>\n<td class=\"xl66\" width=\"260\"><strong>per\/pro\/per 100 g<\/strong><\/td>\n<\/tr>\n<tr>\n<td class=\"xl64\" height=\"15\">Energy\/Energie<\/td>\n<td class=\"xl65\">2248 kJ \/ 537 kcal<\/td>\n<\/tr>\n<tr>\n<td class=\"xl64\" height=\"15\">Fat\/Fett\/vetten\/lipides<\/td>\n<td class=\"xl65\">40 g<\/td>\n<\/tr>\n<tr>\n<td class=\"xl64\" height=\"15\">of which saturated\/davon ges\u00e4ttigte Fetts\u00e4uren\/waarvan verzadigd\/dont acides gras saturis<\/td>\n<td class=\"xl65\">25 g<\/td>\n<\/tr>\n<tr>\n<td class=\"xl64\" height=\"15\">Carbonhydrates\/Kohlenhydrate\/koolhydraten\/glucides<\/td>\n<td class=\"xl65\">34 g<\/td>\n<\/tr>\n<tr>\n<td class=\"xl64\" height=\"15\">of which sugar\/davon Zucker\/dont sucre<\/td>\n<td class=\"xl65\">30 g<\/td>\n<\/tr>\n<tr>\n<td class=\"xl64\" height=\"15\">Proteins\/Eiweiss\/eiwitten\/prot\u00e9ines<\/td>\n<td class=\"xl65\">8.8 g<\/td>\n<\/tr>\n<tr>\n<td class=\"xl67\" height=\"15\">Salt\/Salz\/zout\/sel<\/td>\n<td class=\"xl63\">0<\/td>\n<\/tr>\n<\/tbody>\n<\/table>\n<p>&nbsp;<\/p>\n","protected":false},"excerpt":{"rendered":"<p>Diese lebhafte Schokolade ist ein Spitzenprodukt mit farbenfrohen Zitrusnoten, einem Hauch von Honig und einem brillanten Kakao-Finish.<\/p>\n","protected":false},"featured_media":134602,"comment_status":"open","ping_status":"closed","template":"","meta":[],"product_brand":[1184],"product_cat":[754,733,15],"product_tag":[],"class_list":{"0":"post-134601","1":"product","2":"type-product","3":"status-publish","4":"has-post-thumbnail","6":"product_brand-luisa-abram","7":"product_cat-herkunftschokolade","8":"product_cat-preistraeger","9":"product_cat-schokolade","10":"product_shipping_class-16","11":"infinite-scroll-item","12":"resize-featured-image","13":"sales-flash-overlay","14":"woocommerce-text-align-center","15":"woocommerce-image-align-center","16":"wc-has-gallery","18":"first","19":"instock","20":"shipping-taxable","21":"purchasable","22":"product-type-simple"},"_links":{"self":[{"href":"https:\/\/clearchox.com\/de\/wp-json\/wp\/v2\/product\/134601","targetHints":{"allow":["GET"]}}],"collection":[{"href":"https:\/\/clearchox.com\/de\/wp-json\/wp\/v2\/product"}],"about":[{"href":"https:\/\/clearchox.com\/de\/wp-json\/wp\/v2\/types\/product"}],"replies":[{"embeddable":true,"href":"https:\/\/clearchox.com\/de\/wp-json\/wp\/v2\/comments?post=134601"}],"wp:featuredmedia":[{"embeddable":true,"href":"https:\/\/clearchox.com\/de\/wp-json\/wp\/v2\/media\/134602"}],"wp:attachment":[{"href":"https:\/\/clearchox.com\/de\/wp-json\/wp\/v2\/media?parent=134601"}],"wp:term":[{"taxonomy":"product_brand","embeddable":true,"href":"https:\/\/clearchox.com\/de\/wp-json\/wp\/v2\/product_brand?post=134601"},{"taxonomy":"product_cat","embeddable":true,"href":"https:\/\/clearchox.com\/de\/wp-json\/wp\/v2\/product_cat?post=134601"},{"taxonomy":"product_tag","embeddable":true,"href":"https:\/\/clearchox.com\/de\/wp-json\/wp\/v2\/product_tag?post=134601"}],"curies":[{"name":"wp","href":"https:\/\/api.w.org\/{rel}","templated":true}]}}