{"id":134606,"date":"2024-09-05T08:10:07","date_gmt":"2024-09-05T08:10:07","guid":{"rendered":"https:\/\/clearchox.com\/de\/?post_type=product&#038;p=134606"},"modified":"2026-04-08T08:20:39","modified_gmt":"2026-04-08T08:20:39","slug":"luisa-abram-dunkel-cupuacu","status":"publish","type":"product","link":"https:\/\/clearchox.com\/de\/shop\/luisa-abram-dunkel-cupuacu\/","title":{"rendered":"Luisa Abram Dunkel 70% mit Cupua\u00e7u"},"content":{"rendered":"<p><strong>Wilder Kakao von den Ufern des Tocantins-Flusses<\/strong><\/p>\n<p>Mit dieser Tafel w\u00fcrdigt Luisa Abram brasilianische Zutaten, in diesem Fall Cupua\u00e7u, eine Frucht, die eng mit dem Kakaobaum verwandt ist.<\/p>\n<p>Diese 70% Schokolade, hergestellt aus wildem Kakao aus der Region des Tocantins-Flusses, erwacht durch die fruchtige S\u00e4ure von kristallisiertem Cupua\u00e7u zum Leben. Die Orangen- und Zitronennoten des Kakaos werden durch die Cupua\u00e7u-St\u00fccke subtil erg\u00e4nzt, als w\u00e4ren sie f\u00fcreinander geschaffen. K\u00f6stlich und geschmeidig, dieser Riegel ist einfach unverzichtbar.<\/p>\n<p>Die sch\u00f6ne Verpackung enth\u00e4lt zwei Tafeln \u00e0 40g, separat verpackt, also insgesamt 80g Schokolade. Auf diese Weise m\u00fcssen Sie nicht Ihre gesamte Schokolade auf einmal \u00f6ffnen und k\u00f6nnen sie zu einem anderen Zeitpunkt in bester Qualit\u00e4t genie\u00dfen! Das Innere der Verpackung zeigt au\u00dferdem die Geschichte der Schokolade und eine Karte zur Herkunft des Kakaos.<\/p>\n<p>Diese Schokolade gewann bei den International Chocolate Awards eine Silbermedaille.<\/p>\n<p><strong>Geschmacksnoten:<\/strong> Karamell, s\u00fc\u00df-sauer, Orange, Zitrone, Honig<\/p>\n<p><strong>Zutaten:<\/strong> Kakaobohnen, Rohrzucker, Cupua\u00e7u, Kakaobutter.<\/p>\n<p><span style=\"color: #993300;\"><strong>Kann Spuren von N\u00fcssen und Milch enthalten.<\/strong><\/span><\/p>\n<table border=\"0\" width=\"593\" cellspacing=\"0\" cellpadding=\"0\">\n<tbody>\n<tr>\n<td class=\"xl68\" width=\"333\" height=\"15\"><strong>Nutrition values\/N\u00e4hrwerte\/Voedingswaarde\/Information nutritionelles<\/strong><\/td>\n<td class=\"xl66\" width=\"260\"><strong>per\/pro\/per 100 g<\/strong><\/td>\n<\/tr>\n<tr>\n<td class=\"xl64\" height=\"15\">Energy\/Energie<\/td>\n<td class=\"xl65\">2144 kJ \/ 512 kcal<\/td>\n<\/tr>\n<tr>\n<td class=\"xl64\" height=\"15\">Fat\/Fett\/vetten\/lipides<\/td>\n<td class=\"xl65\">37 g<\/td>\n<\/tr>\n<tr>\n<td class=\"xl64\" height=\"15\">of which saturated\/davon ges\u00e4ttigte Fetts\u00e4uren\/waarvan verzadigd\/dont acides gras saturis<\/td>\n<td class=\"xl65\">23 g<\/td>\n<\/tr>\n<tr>\n<td class=\"xl64\" height=\"15\">Carbonhydrates\/Kohlenhydrate\/koolhydraten\/glucides<\/td>\n<td class=\"xl65\">36 g<\/td>\n<\/tr>\n<tr>\n<td class=\"xl64\" height=\"15\">of which sugar\/davon Zucker\/dont sucre<\/td>\n<td class=\"xl65\">28 g<\/td>\n<\/tr>\n<tr>\n<td class=\"xl64\" height=\"15\">Proteins\/Eiweiss\/eiwitten\/prot\u00e9ines<\/td>\n<td class=\"xl65\">8,2 g<\/td>\n<\/tr>\n<tr>\n<td class=\"xl67\" height=\"15\">Salt\/Salz\/zout\/sel<\/td>\n<td class=\"xl63\">0<\/td>\n<\/tr>\n<\/tbody>\n<\/table>\n","protected":false},"excerpt":{"rendered":"<p>K\u00f6stlich s\u00fc\u00df-saure dunkle Tocantins-Schokolade mit kristallisierten Cupua\u00e7u-Fruchtst\u00fccken. Ein echter Vorgeschmack auf Brasilien! Und ein fruchtiges Schokoladenvergn\u00fcgen.<\/p>\n","protected":false},"featured_media":134607,"comment_status":"closed","ping_status":"closed","template":"","meta":[],"product_brand":[1184],"product_cat":[754,733,15],"product_tag":[1207,1206],"class_list":{"0":"post-134606","1":"product","2":"type-product","3":"status-publish","4":"has-post-thumbnail","6":"product_brand-luisa-abram","7":"product_cat-herkunftschokolade","8":"product_cat-preistraeger","9":"product_cat-schokolade","10":"product_tag-cupuacu","11":"product_tag-dunkel","12":"product_shipping_class-16","13":"infinite-scroll-item","14":"resize-featured-image","15":"sales-flash-overlay","16":"woocommerce-text-align-center","17":"woocommerce-image-align-center","18":"wc-has-gallery","20":"first","21":"outofstock","22":"shipping-taxable","23":"purchasable","24":"product-type-simple"},"_links":{"self":[{"href":"https:\/\/clearchox.com\/de\/wp-json\/wp\/v2\/product\/134606","targetHints":{"allow":["GET"]}}],"collection":[{"href":"https:\/\/clearchox.com\/de\/wp-json\/wp\/v2\/product"}],"about":[{"href":"https:\/\/clearchox.com\/de\/wp-json\/wp\/v2\/types\/product"}],"replies":[{"embeddable":true,"href":"https:\/\/clearchox.com\/de\/wp-json\/wp\/v2\/comments?post=134606"}],"wp:featuredmedia":[{"embeddable":true,"href":"https:\/\/clearchox.com\/de\/wp-json\/wp\/v2\/media\/134607"}],"wp:attachment":[{"href":"https:\/\/clearchox.com\/de\/wp-json\/wp\/v2\/media?parent=134606"}],"wp:term":[{"taxonomy":"product_brand","embeddable":true,"href":"https:\/\/clearchox.com\/de\/wp-json\/wp\/v2\/product_brand?post=134606"},{"taxonomy":"product_cat","embeddable":true,"href":"https:\/\/clearchox.com\/de\/wp-json\/wp\/v2\/product_cat?post=134606"},{"taxonomy":"product_tag","embeddable":true,"href":"https:\/\/clearchox.com\/de\/wp-json\/wp\/v2\/product_tag?post=134606"}],"curies":[{"name":"wp","href":"https:\/\/api.w.org\/{rel}","templated":true}]}}