{"id":134669,"date":"2024-10-01T06:34:42","date_gmt":"2024-10-01T06:34:42","guid":{"rendered":"https:\/\/clearchox.com\/de\/?post_type=product&#038;p=134669"},"modified":"2026-04-13T14:08:45","modified_gmt":"2026-04-13T14:08:45","slug":"naive-forest-berries-67","status":"publish","type":"product","link":"https:\/\/clearchox.com\/de\/shop\/naive-forest-berries-67\/","title":{"rendered":"Na\u00efve Forest Berries 67%"},"content":{"rendered":"<p><strong>67% dunkle Schokolade mit Waldbeeren<\/strong><\/p>\n<p>Domantas Uzpalis, Chocolatier: &#8222;Waldbeeren sind voller Geheimnisse. Sie verstecken sich und reifen im Schatten, gesch\u00fctzt durch Zweige und Moos. Belagert von \u00fcppiger Vegetation m\u00fcssen die Beeren st\u00e4ndig um Sonnenschein und N\u00e4hrstoffe konkurrieren. Die harten Bedingungen verleihen diesen Waldsch\u00e4tzen jedoch eine besondere Wirkung und machen sie potent und nahrhaft, aromatisch und berauschend. Wir haben die allerbesten gesammelt und ausgew\u00e4hlt und sie zu dieser geheimnisvollen Waldschokolade gemahlen!&#8220;<\/p>\n<p>Die von Domantas verwendeten Kakaobohnen sind eine spezielle, hausgemachte Mischung aus Bohnen hervorragender Qualit\u00e4t, die derzeit gr\u00f6\u00dftenteils aus Venezuela stammen.<\/p>\n<p><strong>Zutaten:<\/strong> Kakao*, Rohrzucker*, reine Kakaobutter*, Walderdbeeren, Heidelbeeren, Schneeballbeeren, Vogelbeeren. Kakao: 67% mindestens.<br \/>\n* aus wild oder naturbelassenem Anbau!<\/p>\n<p><strong><span style=\"color: #993300;\">Kann Spuren von <em>Milch, Weizen, Baumn\u00fcssen<\/em> oder <em>Erdn\u00fcssen<\/em> enthalten.<\/span><br \/>\n<\/strong><\/p>\n<table width=\"593\">\n<tbody>\n<tr>\n<td width=\"333\"><strong>Nutritional values\/Voedingswaarde\/N\u00e4hrwerte\/Valeurs nutritionnelles<br \/>\n<\/strong><\/td>\n<td width=\"260\"><strong>per\/pro\/pour 100 g<\/strong><\/td>\n<\/tr>\n<tr>\n<td>Energy\/Energie\/Valeur \u00e9nerg\u00e9tique<\/td>\n<td>586 kcal \/ 2450 kJ<\/td>\n<\/tr>\n<tr>\n<td>Fat\/Vet\/Fett\/Lipides<\/td>\n<td>37.5 g<\/td>\n<\/tr>\n<tr>\n<td>of which saturated\/waarvan verzadigd\/davon ges\u00e4ttigte Fetts\u00e4uren\/dont acides gras satur\u00e9s<\/td>\n<td>22 g<\/td>\n<\/tr>\n<tr>\n<td>Carbohydrates\/Koolhydraten\/Kohlenhydrate\/Glucides<\/td>\n<td>53 g<\/td>\n<\/tr>\n<tr>\n<td>of which sugar\/waarvan suiker\/davon Zucker\/dont sucre<\/td>\n<td>30\u00a0g<\/td>\n<\/tr>\n<tr>\n<td>Protein\/Eiwitten\/Eiweiss\/Prot\u00e9ines<\/td>\n<td>5 g<\/td>\n<\/tr>\n<tr>\n<td>Salt\/Zout\/Salz\/Sel<\/td>\n<td>0.042 g<\/td>\n<\/tr>\n<\/tbody>\n<\/table>\n","protected":false},"excerpt":{"rendered":"<p>Vier verschiedene wilde n\u00f6rdliche Waldbeeren w\u00fcrzen diese au\u00dfergew\u00f6hnliche Tafel Schokolade. Es gibt nichts Vergleichbares.<\/p>\n","protected":false},"featured_media":134670,"comment_status":"open","ping_status":"closed","template":"","meta":[],"product_brand":[100],"product_cat":[15],"product_tag":[1221,1219,1218,1222,1216,1220,1217],"class_list":{"0":"post-134669","1":"product","2":"type-product","3":"status-publish","4":"has-post-thumbnail","6":"product_brand-naive","7":"product_cat-schokolade","8":"product_tag-heidelbeeren","9":"product_tag-schneeball","10":"product_tag-schneeballbeeren","11":"product_tag-vogelbeeren","12":"product_tag-waldbeeren","13":"product_tag-walderdbeer","14":"product_tag-walderdbeeren","15":"infinite-scroll-item","16":"resize-featured-image","17":"sales-flash-overlay","18":"woocommerce-text-align-center","19":"woocommerce-image-align-center","21":"first","22":"instock","23":"shipping-taxable","24":"purchasable","25":"product-type-simple"},"_links":{"self":[{"href":"https:\/\/clearchox.com\/de\/wp-json\/wp\/v2\/product\/134669","targetHints":{"allow":["GET"]}}],"collection":[{"href":"https:\/\/clearchox.com\/de\/wp-json\/wp\/v2\/product"}],"about":[{"href":"https:\/\/clearchox.com\/de\/wp-json\/wp\/v2\/types\/product"}],"replies":[{"embeddable":true,"href":"https:\/\/clearchox.com\/de\/wp-json\/wp\/v2\/comments?post=134669"}],"wp:featuredmedia":[{"embeddable":true,"href":"https:\/\/clearchox.com\/de\/wp-json\/wp\/v2\/media\/134670"}],"wp:attachment":[{"href":"https:\/\/clearchox.com\/de\/wp-json\/wp\/v2\/media?parent=134669"}],"wp:term":[{"taxonomy":"product_brand","embeddable":true,"href":"https:\/\/clearchox.com\/de\/wp-json\/wp\/v2\/product_brand?post=134669"},{"taxonomy":"product_cat","embeddable":true,"href":"https:\/\/clearchox.com\/de\/wp-json\/wp\/v2\/product_cat?post=134669"},{"taxonomy":"product_tag","embeddable":true,"href":"https:\/\/clearchox.com\/de\/wp-json\/wp\/v2\/product_tag?post=134669"}],"curies":[{"name":"wp","href":"https:\/\/api.w.org\/{rel}","templated":true}]}}