{"id":134673,"date":"2024-10-01T06:57:32","date_gmt":"2024-10-01T06:57:32","guid":{"rendered":"https:\/\/clearchox.com\/de\/?post_type=product&#038;p=134673"},"modified":"2026-04-23T07:35:02","modified_gmt":"2026-04-23T07:35:02","slug":"naive-cola-65","status":"publish","type":"product","link":"https:\/\/clearchox.com\/de\/shop\/naive-cola-65\/","title":{"rendered":"Na\u00efve Cola 65%"},"content":{"rendered":"<p><strong>65% DUNKLE SCHOKOLADE MIT COLA<\/strong><\/p>\n<p>Domantas Uzpalis, Chocolatier: &#8222;Schokolade und Cola ist keine offensichtliche Kombination; die Verschmelzung ihrer Aromen erfordert echtes Geschick. Wir haben es gemeistert, indem wir zun\u00e4chst Dr. John Pembertons Originalrezept f\u00fcr Cola aus dem Jahr 1886 nachgebildet haben \u2013 keine leichte Aufgabe, da es echte Kolanuss, drei Zimtsorten sowie Neroli, Koriander und andere rein nat\u00fcrliche Zutaten enth\u00e4lt \u2013 und dann, um es noch komplizierter zu machen, ist alles mit dunkler Spezialit\u00e4tenschokolade vermischt, in der die Spritzigkeit beibehalten ist. Es ist ein komplexes Rezept, aber es kennt sich auf jeden Fall mit der Zunge aus. Ein ikonischer Geschmack, der \u00fcberraschend anders ist!<em>&#8222;<\/em><\/p>\n<p>Die von Domantas verwendeten Kakaobohnen sind eine spezielle, hausgemachte Mischung aus Bohnen hervorragender Qualit\u00e4t, die derzeit gr\u00f6\u00dftenteils aus Venezuela stammen.<\/p>\n<p><strong>Zutaten:<\/strong> Kakao*, karamellisierter Rohrzucker*, reine Kakaobutter*, Cola-Nuss*, Zitrone*, Zimt*, Gew\u00fcrzmischung*, <span style=\"color: #993300;\"><strong>Laktose, Malz<\/strong><\/span>extrakt, Vanille*. Kakao: 65% mindestens.<br \/>\n*aus wild oder naturbelassenem Anbau!<\/p>\n<p><strong><span style=\"color: #993300;\">Enth\u00e4lt Laktose aus Milch und Malzextrakt. Kann Spuren von <em>Schalenfr\u00fcchten<\/em> und <em>Erdn\u00fcssen<\/em> enthalten.<\/span> <\/strong><span style=\"color: #993300;\">\u00a0<\/span><\/p>\n<table border=\"0\" width=\"593\" cellspacing=\"0\" cellpadding=\"0\">\n<tbody>\n<tr>\n<td class=\"xl68\" width=\"333\" height=\"15\"><strong>Nutritional values\/N\u00e4hrwerte\/Voedingswaarde\/Valeurs nutritionnelles<\/strong><\/td>\n<td class=\"xl66\" width=\"260\"><strong>per\/pro\/per\/pour 100 g<\/strong><\/td>\n<\/tr>\n<tr>\n<td class=\"xl64\" height=\"15\">Energy\/Energie\/Valeur \u00e9nerg\u00e9tique<\/td>\n<td class=\"xl65\">550 kcal \/ 2308 kJ<\/td>\n<\/tr>\n<tr>\n<td class=\"xl64\" height=\"15\">Fat\/Fett\/Vet\/Lipides<\/td>\n<td class=\"xl65\">33.5 g<\/td>\n<\/tr>\n<tr>\n<td class=\"xl64\" height=\"15\">of which saturated\/davon ges\u00e4ttigte Fetts\u00e4uren\/waarvan verzadigd\/dont acides gras satur\u00e9s<\/td>\n<td class=\"xl65\">17 g<\/td>\n<\/tr>\n<tr>\n<td class=\"xl64\" height=\"15\">Carbohydrates\/Kohlenhydrate\/Koolhydraten\/Glucides<\/td>\n<td class=\"xl65\">53 g<\/td>\n<\/tr>\n<tr>\n<td class=\"xl64\" height=\"15\">of which sugar\/davon Zucker\/waarvan suiker\/dont sucre<\/td>\n<td class=\"xl65\">36 g<\/td>\n<\/tr>\n<tr>\n<td class=\"xl64\" height=\"15\">Proteins\/Eiweiss\/Eiwitten\/Prot\u00e9ines<\/td>\n<td class=\"xl65\">7.5 g<\/td>\n<\/tr>\n<tr>\n<td class=\"xl67\" height=\"15\">Salt\/Salz\/Zout\/Sel<\/td>\n<td class=\"xl63\">0.285 g<\/td>\n<\/tr>\n<\/tbody>\n<\/table>\n","protected":false},"excerpt":{"rendered":"<p>Schokolade mit Cola-Geschmack: komplex und \u00fcberraschend und doch so wohltuend vertraut.<\/p>\n","protected":false},"featured_media":134674,"comment_status":"open","ping_status":"closed","template":"","meta":[],"product_brand":[100],"product_cat":[15],"product_tag":[1196,1178],"class_list":{"0":"post-134673","1":"product","2":"type-product","3":"status-publish","4":"has-post-thumbnail","6":"product_brand-naive","7":"product_cat-schokolade","8":"product_tag-cola","9":"product_tag-schokolade","10":"infinite-scroll-item","11":"resize-featured-image","12":"sales-flash-overlay","13":"woocommerce-text-align-center","14":"woocommerce-image-align-center","16":"first","17":"instock","18":"shipping-taxable","19":"purchasable","20":"product-type-simple"},"_links":{"self":[{"href":"https:\/\/clearchox.com\/de\/wp-json\/wp\/v2\/product\/134673","targetHints":{"allow":["GET"]}}],"collection":[{"href":"https:\/\/clearchox.com\/de\/wp-json\/wp\/v2\/product"}],"about":[{"href":"https:\/\/clearchox.com\/de\/wp-json\/wp\/v2\/types\/product"}],"replies":[{"embeddable":true,"href":"https:\/\/clearchox.com\/de\/wp-json\/wp\/v2\/comments?post=134673"}],"wp:featuredmedia":[{"embeddable":true,"href":"https:\/\/clearchox.com\/de\/wp-json\/wp\/v2\/media\/134674"}],"wp:attachment":[{"href":"https:\/\/clearchox.com\/de\/wp-json\/wp\/v2\/media?parent=134673"}],"wp:term":[{"taxonomy":"product_brand","embeddable":true,"href":"https:\/\/clearchox.com\/de\/wp-json\/wp\/v2\/product_brand?post=134673"},{"taxonomy":"product_cat","embeddable":true,"href":"https:\/\/clearchox.com\/de\/wp-json\/wp\/v2\/product_cat?post=134673"},{"taxonomy":"product_tag","embeddable":true,"href":"https:\/\/clearchox.com\/de\/wp-json\/wp\/v2\/product_tag?post=134673"}],"curies":[{"name":"wp","href":"https:\/\/api.w.org\/{rel}","templated":true}]}}