{"id":134675,"date":"2024-10-01T07:07:06","date_gmt":"2024-10-01T07:07:06","guid":{"rendered":"https:\/\/clearchox.com\/de\/?post_type=product&#038;p=134675"},"modified":"2026-04-13T14:08:49","modified_gmt":"2026-04-13T14:08:49","slug":"naive-xocoatl-65","status":"publish","type":"product","link":"https:\/\/clearchox.com\/de\/shop\/naive-xocoatl-65\/","title":{"rendered":"Na\u00efve Xocoatl 65%"},"content":{"rendered":"<p><strong>65% ZEREMONIELLE AZTEKISCHE SCHOKOLADE<\/strong><\/p>\n<p>Domantas Uzpalis, Chocolatier: &#8222;Moctezuma, der grimmige Aztekenkaiser, sa\u00df allein auf dem Balkon mit Blick auf den Texcoco-See in Tenochtitl\u00e1n. Der feuchte Duft von Rauch, Gew\u00fcrzen und Vanille wehte vom summenden Zentralmarkt zu ihm herauf. Ein goldener Kelch mit fl\u00fcssiger Schokolade ruhte auf den Handfl\u00e4chen des Kaisers. Nachdem er einen gro\u00dfz\u00fcgigen Schluck genommen hatte, blickte Moctezuma in den Kelch und versuchte, den Schokoladenschaum zu deuten, als w\u00e4re er ein Portal in die Zukunft. Zur gleichen Zeit arbeitete der ehrgeizige spanische Eroberer Hern\u00e1n Cort\u00e9s an den Details der Belagerung von Tenochtitl\u00e1n, die er bald leiten w\u00fcrde, um die Herrschaft des Aztekenreichs f\u00fcr immer zu beenden&#8230;&#8220;<\/p>\n<p>Die von Domantas verwendeten Kakaobohnen sind eine spezielle, hausgemachte Mischung aus Bohnen hervorragender Qualit\u00e4t, die derzeit gr\u00f6\u00dftenteils aus Venezuela stammen.<\/p>\n<p><strong>Zutaten:<\/strong> Kakao*, Rohrzucker*, reine Kakaobutter*, Achiote*, Honig*, Vanille Pompona*, Ancho Chili*. Kakao: 65% mindestens.<br \/>\n*wild oder naturbelassener Anbau!<\/p>\n<p><span style=\"color: #993300;\"><strong>Kann Spuren von <em>Milchprodukten, Weizen, Erdn\u00fcssen oder Baumn\u00fcssen<\/em> enthalten.<\/strong> <\/span><\/p>\n<table border=\"0\" width=\"593\" cellspacing=\"0\" cellpadding=\"0\">\n<tbody>\n<tr>\n<td class=\"xl68\" width=\"333\" height=\"15\"><strong>Nutritional values\/N\u00e4hrwerte\/Voedingswaarde\/Valeurs nutritionnelles<\/strong><\/td>\n<td class=\"xl66\" width=\"260\"><strong>per\/pro\/per\/pour 100 g<\/strong><\/td>\n<\/tr>\n<tr>\n<td class=\"xl64\" height=\"15\">Energy\/Energie\/Valeur \u00e9nerg\u00e9tique<\/td>\n<td class=\"xl65\">551 kcal \/ 2313 kJ<\/td>\n<\/tr>\n<tr>\n<td class=\"xl64\" height=\"15\">Fat\/Fett\/Vet\/Lipides<\/td>\n<td class=\"xl65\">33.3 g<\/td>\n<\/tr>\n<tr>\n<td class=\"xl64\" height=\"15\">of which saturated\/davon ges\u00e4ttigte Fetts\u00e4uren\/waarvan verzadigd\/dont acides gras satur\u00e9s<\/td>\n<td class=\"xl65\">18 g<\/td>\n<\/tr>\n<tr>\n<td class=\"xl64\" height=\"15\">Carbohydrates\/Kohlenhydrate\/Koolhydraten\/Glucides<\/td>\n<td class=\"xl65\">51 g<\/td>\n<\/tr>\n<tr>\n<td class=\"xl64\" height=\"15\">of which sugar\/davon Zucker\/waarvan suiker\/dont sucre<\/td>\n<td class=\"xl65\">30 g<\/td>\n<\/tr>\n<tr>\n<td class=\"xl64\" height=\"15\">Proteins\/Eiweiss\/Eiwitten\/Prot\u00e9ines<\/td>\n<td class=\"xl65\">7.5 g<\/td>\n<\/tr>\n<tr>\n<td class=\"xl67\" height=\"15\">Salt\/Salz\/Zout\/Sel<\/td>\n<td class=\"xl63\">0.13 g<\/td>\n<\/tr>\n<\/tbody>\n<\/table>\n","protected":false},"excerpt":{"rendered":"<p>Diese hochwertige Schokolade wird nach einem alten, zeremoniellen Rezept im aztekischen Stil gew\u00fcrzt. Probieren Sie es aus und lassen Sie sich in die Vergangenheit zur\u00fcckversetzen.<\/p>\n","protected":false},"featured_media":134676,"comment_status":"open","ping_status":"closed","template":"","meta":[],"product_brand":[100],"product_cat":[15],"product_tag":[1198,1201,1197,1199,1178,1200],"class_list":{"0":"post-134675","1":"product","2":"type-product","3":"status-publish","4":"has-post-thumbnail","6":"product_brand-naive","7":"product_cat-schokolade","8":"product_tag-achiote","9":"product_tag-ancho-chili","10":"product_tag-aztekisch","11":"product_tag-honig","12":"product_tag-schokolade","13":"product_tag-vanilla-pompona","14":"infinite-scroll-item","15":"resize-featured-image","16":"sales-flash-overlay","17":"woocommerce-text-align-center","18":"woocommerce-image-align-center","20":"first","21":"instock","22":"shipping-taxable","23":"purchasable","24":"product-type-simple"},"_links":{"self":[{"href":"https:\/\/clearchox.com\/de\/wp-json\/wp\/v2\/product\/134675","targetHints":{"allow":["GET"]}}],"collection":[{"href":"https:\/\/clearchox.com\/de\/wp-json\/wp\/v2\/product"}],"about":[{"href":"https:\/\/clearchox.com\/de\/wp-json\/wp\/v2\/types\/product"}],"replies":[{"embeddable":true,"href":"https:\/\/clearchox.com\/de\/wp-json\/wp\/v2\/comments?post=134675"}],"wp:featuredmedia":[{"embeddable":true,"href":"https:\/\/clearchox.com\/de\/wp-json\/wp\/v2\/media\/134676"}],"wp:attachment":[{"href":"https:\/\/clearchox.com\/de\/wp-json\/wp\/v2\/media?parent=134675"}],"wp:term":[{"taxonomy":"product_brand","embeddable":true,"href":"https:\/\/clearchox.com\/de\/wp-json\/wp\/v2\/product_brand?post=134675"},{"taxonomy":"product_cat","embeddable":true,"href":"https:\/\/clearchox.com\/de\/wp-json\/wp\/v2\/product_cat?post=134675"},{"taxonomy":"product_tag","embeddable":true,"href":"https:\/\/clearchox.com\/de\/wp-json\/wp\/v2\/product_tag?post=134675"}],"curies":[{"name":"wp","href":"https:\/\/api.w.org\/{rel}","templated":true}]}}