{"id":134701,"date":"2024-10-09T11:56:36","date_gmt":"2024-10-09T11:56:36","guid":{"rendered":"https:\/\/clearchox.com\/de\/?post_type=product&#038;p=134701"},"modified":"2026-04-24T11:04:19","modified_gmt":"2026-04-24T11:04:19","slug":"definite-gesalzene-macadamia-57","status":"publish","type":"product","link":"https:\/\/clearchox.com\/de\/shop\/definite-gesalzene-macadamia-57\/","title":{"rendered":"Definite gesalzene Macadamia 57%"},"content":{"rendered":"<p>Der biologisch angebaute Kakao f\u00fcr diese Tafel stammt von <a href=\"http:\/\/www.valdezcacao.com.do\/\" target=\"_blank\" rel=\"noopener noreferrer\">Valdez Cacao<\/a>. Dieses Familienunternehmen hat seine Farm in Castillo (Provinz Duarte). Mehr als 60% des gesamten dominikanischen Kakaos wird in dieser Region angebaut. Valdez Cacao wurde 1961 von Porfirio Valdez gegr\u00fcndet. Er begann klein, kaufte mit dem Geld, das er verdiente, Landst\u00fccke und entwickelte sein Unternehmen langsam zu einer der f\u00fchrenden Farmen im Kakaoanbau.<\/p>\n<p>Valdez Cacao engagiert sich sozial f\u00fcr die lokale Bev\u00f6lkerung. Sie bietet Arbeit, leistet soziale Dienste, baute zwei Aqu\u00e4dukte, ein Baseballfeld und verbindet die Grundschule mit dem Internet.<\/p>\n<p><strong><span class=\"tlid-translation translation\" lang=\"de\"><span class=\"\" title=\"\">Geschmacksprofil<\/span><\/span><\/strong>: Trauben, Honig, Zeder, Macadamia<\/p>\n<p><strong>Zutaten:<\/strong> Kakaomasse, Rohrzucker, Kakaobutter, <span style=\"color: #993300;\"><strong><em><span class=\"tlid-translation translation\" lang=\"de\"><span class=\"\" title=\"\">Macadamian\u00fcsse, <\/span><\/span><\/em><\/strong><span style=\"color: #000000;\"><span class=\"tlid-translation translation\" lang=\"de\"><span class=\"\" title=\"\">Meersalz<\/span><\/span><\/span><strong><em><span class=\"tlid-translation translation\" lang=\"de\"><span class=\"\" title=\"\"><br \/>\n<\/span><\/span><\/em><\/strong><\/span><\/p>\n<p><em><span style=\"color: #993300;\"><strong><span class=\"tlid-translation translation\" lang=\"de\"><span class=\"\" title=\"\">Enth\u00e4lt N\u00fcsse, kann Spuren von Erdn\u00fcssen und Milch enthalten.<\/span><\/span><\/strong><\/span><\/em><\/p>\n<table border=\"0\" width=\"593\" cellspacing=\"0\" cellpadding=\"0\">\n<colgroup>\n<col width=\"333\" \/>\n<col width=\"260\" \/><\/colgroup>\n<tbody>\n<tr>\n<td class=\"xl68\" width=\"333\" height=\"15\"><strong>Nutrition values\/N\u00e4hrwerte\/Voedingswaarde<\/strong><\/td>\n<td class=\"xl66\" width=\"260\"><strong>per\/pro\/per 100 g<\/strong><\/td>\n<\/tr>\n<tr>\n<td class=\"xl64\" height=\"15\">Energy\/Energie<\/td>\n<td class=\"xl65\">586 kcal\/ 2452 kJ<\/td>\n<\/tr>\n<tr>\n<td class=\"xl64\" height=\"15\">Fat\/Fett\/vetten<\/td>\n<td class=\"xl65\">42 g<\/td>\n<\/tr>\n<tr>\n<td class=\"xl64\" height=\"15\">of which saturated\/davon ges\u00e4ttigte Fetts\u00e4uren\/waarvan verzadigd<\/td>\n<td class=\"xl65\">22 g<\/td>\n<\/tr>\n<tr>\n<td class=\"xl64\" height=\"15\">Carbonhydrates\/Kohlenhydrate\/koolhydraten<\/td>\n<td class=\"xl65\">50,05 g<\/td>\n<\/tr>\n<tr>\n<td class=\"xl64\" height=\"15\">of which sugar\/davon Zucker\/waarvan suiker<\/td>\n<td class=\"xl65\">34 g<\/td>\n<\/tr>\n<tr>\n<td class=\"xl64\" height=\"15\">Proteins\/Eiweiss\/eiwitten<\/td>\n<td class=\"xl65\">6,3 g<\/td>\n<\/tr>\n<tr>\n<td class=\"xl67\" height=\"15\">Salt\/Salz\/zout<\/td>\n<td class=\"xl63\">0,9 g<\/td>\n<\/tr>\n<\/tbody>\n<\/table>\n<p>&nbsp;<\/p>\n","protected":false},"excerpt":{"rendered":"<p>Ein fruchtiges Kakaoaroma mit einem Hauch von Zedernholz und vielen St\u00fcckchen von Macadamian\u00fcssen und einem k\u00f6stlich leichten Touch von Meersalz. Alles aus der Dominikanischen Republik.<\/p>\n","protected":false},"featured_media":134783,"comment_status":"open","ping_status":"closed","template":"","meta":[],"product_brand":[758],"product_cat":[754,15],"product_tag":[],"class_list":{"0":"post-134701","1":"product","2":"type-product","3":"status-publish","4":"has-post-thumbnail","6":"product_brand-definite-chocolate","7":"product_cat-herkunftschokolade","8":"product_cat-schokolade","9":"infinite-scroll-item","10":"resize-featured-image","11":"sales-flash-overlay","12":"woocommerce-text-align-center","13":"woocommerce-image-align-center","14":"wc-has-gallery","16":"first","17":"instock","18":"shipping-taxable","19":"purchasable","20":"product-type-simple"},"_links":{"self":[{"href":"https:\/\/clearchox.com\/de\/wp-json\/wp\/v2\/product\/134701","targetHints":{"allow":["GET"]}}],"collection":[{"href":"https:\/\/clearchox.com\/de\/wp-json\/wp\/v2\/product"}],"about":[{"href":"https:\/\/clearchox.com\/de\/wp-json\/wp\/v2\/types\/product"}],"replies":[{"embeddable":true,"href":"https:\/\/clearchox.com\/de\/wp-json\/wp\/v2\/comments?post=134701"}],"wp:featuredmedia":[{"embeddable":true,"href":"https:\/\/clearchox.com\/de\/wp-json\/wp\/v2\/media\/134783"}],"wp:attachment":[{"href":"https:\/\/clearchox.com\/de\/wp-json\/wp\/v2\/media?parent=134701"}],"wp:term":[{"taxonomy":"product_brand","embeddable":true,"href":"https:\/\/clearchox.com\/de\/wp-json\/wp\/v2\/product_brand?post=134701"},{"taxonomy":"product_cat","embeddable":true,"href":"https:\/\/clearchox.com\/de\/wp-json\/wp\/v2\/product_cat?post=134701"},{"taxonomy":"product_tag","embeddable":true,"href":"https:\/\/clearchox.com\/de\/wp-json\/wp\/v2\/product_tag?post=134701"}],"curies":[{"name":"wp","href":"https:\/\/api.w.org\/{rel}","templated":true}]}}