{"id":134710,"date":"2024-10-13T13:46:31","date_gmt":"2024-10-13T13:46:31","guid":{"rendered":"https:\/\/clearchox.com\/de\/?post_type=product&#038;p=134710"},"modified":"2026-04-23T07:35:06","modified_gmt":"2026-04-23T07:35:06","slug":"ocelot-cinnamon-swirl-milchschokolade-42","status":"publish","type":"product","link":"https:\/\/clearchox.com\/de\/shop\/ocelot-cinnamon-swirl-milchschokolade-42\/","title":{"rendered":"Ocelot &#8211; Milchschokolade mit Zimtschnecke 42%"},"content":{"rendered":"<p><span style=\"font-size: 11.0pt; color: #242424;\">Das in Schottland ans\u00e4ssige Unternehmen Ocelot produziert in jeder Hinsicht au\u00dfergew\u00f6hnlich feine Schokolade. Nicht nur die Verpackung sticht hervor, sondern auch die wunderbaren Geschmackskombinationen. Ihr Kakao, oder besser: Schokoladenmasse, wird in enger Zusammenarbeit mit Original Beans bezogen. Bitte beachten Sie: Im Gegensatz zu den anderen Riegeln von Ocelot ist dieser &#8218;Cinnamon Swirl&#8216; Schokoriegel nicht aus kontrolliert biologischem Anbau.<br \/>\n<\/span><\/p>\n<p><span style=\"font-size: 11.0pt; color: #242424;\">Original Beans produziert eine Reihe ausgezeichneter Schokoladen einzelner Plantagen, die den Schutz des lokalen (Regen-)Waldes f\u00f6rdern. Diese Tafel basiert auf seidiger 42% Esmeraldas Milchschokolade aus Ecuador und wird mit knuspriger, buttriger Zimtschnecke kombiniert, die von der Wild Hearth Bakery in Perthshire frisch gebacken wird. Die kr\u00e4ftigen Karamellnoten der seltenen Arriba-Kakaobohnen erg\u00e4nzen die beruhigenden Aromen des Zimtgeb\u00e4cks.<\/span><\/p>\n<p><span style=\"font-size: 11.0pt; color: #242424;\">Wild Hearth ist eine holzbefeuerte handwerkliche B\u00e4ckerei<\/span><span style=\"font-size: 11.0pt; color: #242424;\"> am Rande der schottischen Highlands. Der hochmoderne Ofen wird ausschlie\u00dflich mit Holzabf\u00e4llen aus der Holzverarbeitung befeuert, und die Sauerteigbrote und -geb\u00e4cke werden langsam und schonend von Hand aus Bio-Mehlen und wilden Hefepilzen\u00a0hergestellt<\/span><span style=\"font-size: 11.0pt; color: #242424;\">, um die optimale Geschmackstiefe, Ausgewogenheit und Leichtigkeit zu gew\u00e4hrleisten.<\/span><b><span style=\"font-size: 11.0pt; color: #242424;\">\u00a0<\/span><\/b><\/p>\n<p><b><span style=\"font-size: 11.0pt; color: #242424;\">Zutaten:<\/span><\/b><span style=\"font-size: 11.0pt; color: #242424;\">\u00a0Rohrohrzucker 33,38% (Argentinien\/Paraguay), Kakaobutter 24,82% (Dom. Rep.), Vollmilchpulver 18,14% (Schweiz), Kakaomasse 13,53% (Ecuador), Zimtschnecke 10% (Schottland, UK) (wei\u00dfes Weizenmehl, <i>Butter<\/i>, Wasser, dunkelbrauner Zucker, Puderzucker, ganze <i>Eier<\/i>, goldener Sirup, Salz, Zimt (0,27%)), Fleur de Sel 0,09%, Zimt 0,04%. Milchtrockenmasse: mindestens 20 %, Kakaotrockenmasse: mindestens 42 %.<\/span><\/p>\n<p><span style=\"color: #993300;\"><em><strong><span style=\"font-size: 11pt;\">Enth\u00e4lt Milchprodukte und Zimt. Kann Spuren von N\u00fcssen (einschlie\u00dflich Erdn\u00fcssen), Samen (einschlie\u00dflich Sesam und Senfk\u00f6rner), Soja und Sellerie enthalten.<\/span><\/strong><\/em><\/span><\/p>\n<div class=\"oSioSc\">\n<div id=\"tw-target\">\n<div id=\"kAz1tf\" class=\"g9WsWb\">\n<div id=\"tw-target-text-container\" class=\"tw-ta-container F0azHf tw-nfl\">\n<table width=\"593\">\n<tbody>\n<tr>\n<td width=\"333\"><strong>Nutritional values\/Voedingswaarde\/N\u00e4hrwerte\/Valeurs nutritionnelles<br \/>\n<\/strong><\/td>\n<td width=\"260\"><strong>per\/pro\/pour 100<br \/>\n<\/strong><\/td>\n<\/tr>\n<tr>\n<td>Energy\/Energie\/Valeur \u00e9nerg\u00e9tique<\/td>\n<td>575 kCal \/ 2392 kJ<\/td>\n<\/tr>\n<tr>\n<td>Fat\/Vet\/Fett\/Lipides<\/td>\n<td>39 g<\/td>\n<\/tr>\n<tr>\n<td>of which saturated\/waarvan verzadigd\/davon ges\u00e4ttigte Fetts\u00e4uren\/dont acides gras satur\u00e9s<\/td>\n<td>24 g<\/td>\n<\/tr>\n<tr>\n<td>Carbohydrates\/Koolhydraten\/Kohlenhydrate\/Glucides<\/td>\n<td>46 g<\/td>\n<\/tr>\n<tr>\n<td>davon Zucker\/waarvan suiker\/of which sugar\/dont sucre<\/td>\n<td>43 g<\/td>\n<\/tr>\n<tr>\n<td>Protein\/Eiwit\/Eiweiss\/Prot\u00e9ine<\/td>\n<td>7 g<\/td>\n<\/tr>\n<tr>\n<td>Salt\/Zout\/Salz\/Sel<\/td>\n<td>0.2 g<\/td>\n<\/tr>\n<tr>\n<td><\/td>\n<td><\/td>\n<\/tr>\n<\/tbody>\n<\/table>\n<\/div>\n<\/div>\n<\/div>\n<\/div>\n<p>EAN 658556162415<\/p>\n","protected":false},"excerpt":{"rendered":"<p>Die kr\u00e4ftigen Karamellnoten der seltenen Arriba-Kakaobohnen erg\u00e4nzen die beruhigenden Aromen von Zimtgeb\u00e4ck<\/p>\n","protected":false},"featured_media":134711,"comment_status":"open","ping_status":"closed","template":"","meta":[],"product_brand":[1134],"product_cat":[15],"product_tag":[1214,1212,1215,1213,1210,1211],"class_list":{"0":"post-134710","1":"product","2":"type-product","3":"status-publish","4":"has-post-thumbnail","6":"product_brand-ocelot","7":"product_cat-schokolade","8":"product_tag-butter","9":"product_tag-cinnamon-bun","10":"product_tag-karamell","11":"product_tag-milch","12":"product_tag-zimt","13":"product_tag-zimtschnecke","14":"product_shipping_class-16","15":"infinite-scroll-item","16":"resize-featured-image","17":"sales-flash-overlay","18":"woocommerce-text-align-center","19":"woocommerce-image-align-center","20":"wc-has-gallery","22":"first","23":"instock","24":"shipping-taxable","25":"purchasable","26":"product-type-simple"},"_links":{"self":[{"href":"https:\/\/clearchox.com\/de\/wp-json\/wp\/v2\/product\/134710","targetHints":{"allow":["GET"]}}],"collection":[{"href":"https:\/\/clearchox.com\/de\/wp-json\/wp\/v2\/product"}],"about":[{"href":"https:\/\/clearchox.com\/de\/wp-json\/wp\/v2\/types\/product"}],"replies":[{"embeddable":true,"href":"https:\/\/clearchox.com\/de\/wp-json\/wp\/v2\/comments?post=134710"}],"wp:featuredmedia":[{"embeddable":true,"href":"https:\/\/clearchox.com\/de\/wp-json\/wp\/v2\/media\/134711"}],"wp:attachment":[{"href":"https:\/\/clearchox.com\/de\/wp-json\/wp\/v2\/media?parent=134710"}],"wp:term":[{"taxonomy":"product_brand","embeddable":true,"href":"https:\/\/clearchox.com\/de\/wp-json\/wp\/v2\/product_brand?post=134710"},{"taxonomy":"product_cat","embeddable":true,"href":"https:\/\/clearchox.com\/de\/wp-json\/wp\/v2\/product_cat?post=134710"},{"taxonomy":"product_tag","embeddable":true,"href":"https:\/\/clearchox.com\/de\/wp-json\/wp\/v2\/product_tag?post=134710"}],"curies":[{"name":"wp","href":"https:\/\/api.w.org\/{rel}","templated":true}]}}