{"id":134915,"date":"2025-01-05T13:30:45","date_gmt":"2025-01-05T13:30:45","guid":{"rendered":"https:\/\/clearchox.com\/de\/?post_type=product&#038;p=134915"},"modified":"2026-04-23T07:35:07","modified_gmt":"2026-04-23T07:35:07","slug":"auro-schokolade-32-ube-coco-weiss","status":"publish","type":"product","link":"https:\/\/clearchox.com\/de\/shop\/auro-schokolade-32-ube-coco-weiss\/","title":{"rendered":"Auro 32% Weisse Schokolade Ube Coco"},"content":{"rendered":"<p>Entdecken Sie ein Fest tropischer Aromen mit unserem reichhaltigen und cremigen Ube Coco \u2013 einer Kombination aus Auro&#8217;s mit Ube angereicherten 32 % wei\u00dfen Schokolade, gemischt mit getrockneter Kokosnuss und knusprigem Puffreis. S\u00fc\u00df, erdig und lecker. Und ja, es ist lila!<\/p>\n<p>Ube ist auch als lila Yamswurzel bekannt, stammt urspr\u00fcnglich aus Ostasien und ist ein typisches, selbst angebautes Lebensmittel auf den Philippinen.<\/p>\n<p>Das Design ist vom \u201eVinta\u201c-Festival der Regatta de Zamboanga inspiriert, das eine Hommage an die lebendige Kultur und Geschichte der Region darstellt. Ein Hauch von Geschmack bei jedem Bissen.<\/p>\n<hr \/>\n<p><strong>Zutaten<\/strong>: Rohrzucker, Kakaobutter, Voll<em><strong>milch<\/strong><\/em>pulver, Taropulver, Magermilchpulver, Reiscrispies (Tapiocast\u00e4rke, Reispulver, Zucker, Maisst\u00e4rke, <em><strong>Malz<\/strong><\/em>extrakt, <strong><em>Molken<\/em><\/strong>pulver,<em><strong> Weizen<\/strong><\/em>faser, glycerinmonostearat), Kokosraspeln, Drachenfruchtpulver (als Farbstoff), Ube-Pulver, <em><strong>Soja<\/strong><\/em> lecithin (als Emulgator), Meersalz.<\/p>\n<p><em><strong>Enth\u00e4lt Milch, Weizen, Kokosnuss und Soja. Kann auch spuren von Hafer, N\u00fcssen und Erdn\u00fcssen enthalten.<br \/>\n<\/strong><\/em><\/p>\n<table border=\"0\" width=\"593\" cellspacing=\"0\" cellpadding=\"0\">\n<tbody>\n<tr>\n<td class=\"xl68\" width=\"333\" height=\"15\"><strong>Nutritional values\/N\u00e4hrwerte\/Voedingswaarde\/Valeurs nutritionnelles<\/strong><\/td>\n<td class=\"xl66\" width=\"260\"><strong>per\/pro\/per\/pour 100 g<\/strong><\/td>\n<\/tr>\n<tr>\n<td class=\"xl64\" height=\"15\">Energy\/Energie\/Valeur \u00e9nerg\u00e9tique<\/td>\n<td class=\"xl65\">567 kcal \/ 2372 kJ<\/td>\n<\/tr>\n<tr>\n<td class=\"xl64\" height=\"15\">Fat\/Fett\/Vetten\/Lipides<\/td>\n<td class=\"xl65\">38 g<\/td>\n<\/tr>\n<tr>\n<td class=\"xl64\" height=\"15\">of which saturated\/davon ges\u00e4ttigte Fetts\u00e4uren\/waarvan verzadigd\/dont acides gras satur\u00e9s<\/td>\n<td class=\"xl65\">23 g<\/td>\n<\/tr>\n<tr>\n<td class=\"xl64\" height=\"15\">Carbohydrates\/Kohlenhydrate\/Koolhydraten\/Glucides<\/td>\n<td class=\"xl65\">51 g<\/td>\n<\/tr>\n<tr>\n<td class=\"xl64\" height=\"15\">of which sugar\/davon Zucker\/waarvan suiker\/dont sucre<\/td>\n<td class=\"xl65\">46 g<\/td>\n<\/tr>\n<tr>\n<td class=\"xl64\" height=\"15\">Proteins\/Eiweiss\/Eiwitten\/Prot\u00e9ines<\/td>\n<td class=\"xl65\">7 g<\/td>\n<\/tr>\n<tr>\n<td class=\"xl67\" height=\"15\">Salt\/Salz\/Zout\/Sel<\/td>\n<td class=\"xl63\">127 mg<\/td>\n<\/tr>\n<\/tbody>\n<\/table>\n","protected":false},"excerpt":{"rendered":"<p>Aus der Filippino Fiesta-Kollektion: lila-wei\u00dfe Schokolade mit Ube, Kokosnuss und einem dezenten Knusper aus Reis-Crispies. Ein s\u00fc\u00dfer und erdiger Genuss, den Sie nicht vergessen werden!<\/p>\n","protected":false},"featured_media":134916,"comment_status":"open","ping_status":"closed","template":"","meta":[],"product_brand":[116],"product_cat":[754,15],"product_tag":[1247,1245,1248,1243,1244,1246],"class_list":{"0":"post-134915","1":"product","2":"type-product","3":"status-publish","4":"has-post-thumbnail","6":"product_brand-auro","7":"product_cat-herkunftschokolade","8":"product_cat-schokolade","9":"product_tag-fiesta","10":"product_tag-kokosnuss","11":"product_tag-lila","12":"product_tag-ube","13":"product_tag-violett","14":"product_tag-weiss","15":"product_shipping_class-16","16":"infinite-scroll-item","17":"resize-featured-image","18":"sales-flash-overlay","19":"woocommerce-text-align-center","20":"woocommerce-image-align-center","21":"wc-has-gallery","23":"first","24":"instock","25":"shipping-taxable","26":"purchasable","27":"product-type-simple"},"_links":{"self":[{"href":"https:\/\/clearchox.com\/de\/wp-json\/wp\/v2\/product\/134915","targetHints":{"allow":["GET"]}}],"collection":[{"href":"https:\/\/clearchox.com\/de\/wp-json\/wp\/v2\/product"}],"about":[{"href":"https:\/\/clearchox.com\/de\/wp-json\/wp\/v2\/types\/product"}],"replies":[{"embeddable":true,"href":"https:\/\/clearchox.com\/de\/wp-json\/wp\/v2\/comments?post=134915"}],"wp:featuredmedia":[{"embeddable":true,"href":"https:\/\/clearchox.com\/de\/wp-json\/wp\/v2\/media\/134916"}],"wp:attachment":[{"href":"https:\/\/clearchox.com\/de\/wp-json\/wp\/v2\/media?parent=134915"}],"wp:term":[{"taxonomy":"product_brand","embeddable":true,"href":"https:\/\/clearchox.com\/de\/wp-json\/wp\/v2\/product_brand?post=134915"},{"taxonomy":"product_cat","embeddable":true,"href":"https:\/\/clearchox.com\/de\/wp-json\/wp\/v2\/product_cat?post=134915"},{"taxonomy":"product_tag","embeddable":true,"href":"https:\/\/clearchox.com\/de\/wp-json\/wp\/v2\/product_tag?post=134915"}],"curies":[{"name":"wp","href":"https:\/\/api.w.org\/{rel}","templated":true}]}}