{"id":135043,"date":"2025-04-08T07:06:55","date_gmt":"2025-04-08T07:06:55","guid":{"rendered":"https:\/\/clearchox.com\/de\/?post_type=product&#038;p=135043"},"modified":"2026-04-21T11:48:30","modified_gmt":"2026-04-21T11:48:30","slug":"auro-geschenkpackung-fiesta-kollektion-5-tafeln","status":"publish","type":"product","link":"https:\/\/clearchox.com\/de\/shop\/auro-geschenkpackung-fiesta-kollektion-5-tafeln\/","title":{"rendered":"Auro Geschenkpackung Fiesta Kollektion 5 Tafeln"},"content":{"rendered":"<p>F\u00fcnf festliche 20-Gramm-Tafeln, drei davon plant-based (*), wie es heutzutage hei\u00dft, in einer sehr sch\u00f6nen Geschenkbox:<\/p>\n<p><a href=\"https:\/\/clearchox.com\/de\/shop\/auro-weise-schokolade-32-gerostete-cashew\/\" target=\"_blank\" rel=\"noopener\">Ger\u00f6stete Cashew<\/a><br \/>\n<a href=\"https:\/\/clearchox.com\/de\/shop\/auro-weise-schokolade-plant-based-calamansi-cheesecake-34\/\" target=\"_blank\" rel=\"noopener\">Calamansi-Cheesecake<\/a> *<br \/>\n<a href=\"https:\/\/clearchox.com\/de\/shop\/auro-milchschokolade-plant-based-47-gesalzene-erdnuss\/\" target=\"_blank\" rel=\"noopener\">Gesalzene Erdnuss<\/a> *<br \/>\nMocha Crunch * (mit Arabica-Kaffee, den wir nicht als gro\u00dfe 60g Tafel in unserem Standardsortiment f\u00fchren)<br \/>\n<a href=\"https:\/\/clearchox.com\/de\/shop\/auro-schokolade-32-ube-coco-weiss\/\">Ube Kokosnuss<\/a><\/p>\n<p><strong>Zutaten<\/strong>: siehe R\u00fcckseite der Verpackung<\/p>\n<p><span style=\"color: #993300;\"><em><strong>Enth\u00e4lt Milch, Hafer, N\u00fcsse, Sojalecithin und Erdn\u00fcsse.<\/strong><\/em><\/span><\/p>\n<p><strong>N\u00e4hrwerte<\/strong>: siehe die Tafeln oder das Foto der Verpackungsr\u00fcckseite<\/p>\n<table border=\"0\" width=\"593\" cellspacing=\"0\" cellpadding=\"0\">\n<tbody>\n<tr>\n<td class=\"xl68\" width=\"333\" height=\"15\"><strong>Nutrition values\/N\u00e4hrwerte\/Voedingswaarde\/Information nutritionelles<\/strong><\/td>\n<td class=\"xl66\" width=\"260\"><strong>per\/pro\/per 100 g<\/strong><\/td>\n<\/tr>\n<tr>\n<td class=\"xl64\" height=\"15\">Energy\/Energie<\/td>\n<td class=\"xl65\"><\/td>\n<\/tr>\n<tr>\n<td class=\"xl64\" height=\"15\">Fat\/Fett\/vetten\/lipides<\/td>\n<td class=\"xl65\"><\/td>\n<\/tr>\n<tr>\n<td class=\"xl64\" height=\"15\">of which saturated\/davon ges\u00e4ttigte Fetts\u00e4uren\/waarvan verzadigd\/dont acides gras saturis<\/td>\n<td class=\"xl65\"><\/td>\n<\/tr>\n<tr>\n<td class=\"xl64\" height=\"15\">Carbonhydrates\/Kohlenhydrate\/koolhydraten\/glucides<\/td>\n<td class=\"xl65\"><\/td>\n<\/tr>\n<tr>\n<td class=\"xl64\" height=\"15\">of which sugar\/davon Zucker\/dont sucre<\/td>\n<td class=\"xl65\"><\/td>\n<\/tr>\n<tr>\n<td class=\"xl64\" height=\"15\">Proteins\/Eiweiss\/eiwitten\/prot\u00e9ines<\/td>\n<td class=\"xl65\"><\/td>\n<\/tr>\n<tr>\n<td class=\"xl67\" height=\"15\">Salt\/Salz\/zout\/sel<\/td>\n<td class=\"xl63\"><\/td>\n<\/tr>\n<\/tbody>\n<\/table>\n<p>&nbsp;<\/p>\n","protected":false},"excerpt":{"rendered":"<p>Alle f\u00fcnf Tafeln aus der Fiesta Kollektion in einer sch\u00f6nen Geschenkbox. Das willst du verschenken oder geschenkt bekommen. Du wirst immer weiterfeiern!<\/p>\n","protected":false},"featured_media":135046,"comment_status":"open","ping_status":"closed","template":"","meta":[],"product_brand":[116],"product_cat":[754,15],"product_tag":[1247,1273,1276,1275,1178,1274],"class_list":{"0":"post-135043","1":"product","2":"type-product","3":"status-publish","4":"has-post-thumbnail","6":"product_brand-auro","7":"product_cat-herkunftschokolade","8":"product_cat-schokolade","9":"product_tag-fiesta","10":"product_tag-geschenk","11":"product_tag-geschenkpackung","12":"product_tag-gift-box","13":"product_tag-schokolade","14":"product_tag-vegan","15":"product_shipping_class-16","16":"infinite-scroll-item","17":"resize-featured-image","18":"sales-flash-overlay","19":"woocommerce-text-align-center","20":"woocommerce-image-align-center","21":"wc-has-gallery","23":"first","24":"instock","25":"shipping-taxable","26":"purchasable","27":"product-type-simple"},"_links":{"self":[{"href":"https:\/\/clearchox.com\/de\/wp-json\/wp\/v2\/product\/135043","targetHints":{"allow":["GET"]}}],"collection":[{"href":"https:\/\/clearchox.com\/de\/wp-json\/wp\/v2\/product"}],"about":[{"href":"https:\/\/clearchox.com\/de\/wp-json\/wp\/v2\/types\/product"}],"replies":[{"embeddable":true,"href":"https:\/\/clearchox.com\/de\/wp-json\/wp\/v2\/comments?post=135043"}],"wp:featuredmedia":[{"embeddable":true,"href":"https:\/\/clearchox.com\/de\/wp-json\/wp\/v2\/media\/135046"}],"wp:attachment":[{"href":"https:\/\/clearchox.com\/de\/wp-json\/wp\/v2\/media?parent=135043"}],"wp:term":[{"taxonomy":"product_brand","embeddable":true,"href":"https:\/\/clearchox.com\/de\/wp-json\/wp\/v2\/product_brand?post=135043"},{"taxonomy":"product_cat","embeddable":true,"href":"https:\/\/clearchox.com\/de\/wp-json\/wp\/v2\/product_cat?post=135043"},{"taxonomy":"product_tag","embeddable":true,"href":"https:\/\/clearchox.com\/de\/wp-json\/wp\/v2\/product_tag?post=135043"}],"curies":[{"name":"wp","href":"https:\/\/api.w.org\/{rel}","templated":true}]}}