{"id":135051,"date":"2025-04-09T07:05:09","date_gmt":"2025-04-09T07:05:09","guid":{"rendered":"https:\/\/clearchox.com\/de\/?post_type=product&#038;p=135051"},"modified":"2026-03-13T12:13:41","modified_gmt":"2026-03-13T12:13:41","slug":"pure-chocolate-geschenkpackung-taste-of-jamaica","status":"publish","type":"product","link":"https:\/\/clearchox.com\/de\/shop\/pure-chocolate-geschenkpackung-taste-of-jamaica\/","title":{"rendered":"Pure Chocolate Geschenkpackung Taste of Jamaica"},"content":{"rendered":"<p>Diese wundersch\u00f6ne Geschenkpackung enth\u00e4lt die folgenden rein pflanzlichen Tafeln (kleine 30-g-Packung, einzeln verpackt):<\/p>\n<p><a href=\"https:\/\/clearchox.com\/de\/shop\/pure-chocolate-dunkle-schokolade-mit-zitronengras-70\/\">Dunkel mit Zitronengras<\/a><br \/>\n<a href=\"https:\/\/clearchox.com\/de\/shop\/pure-chocolate-dunkle-schokolade-mit-zimt-70\/\">Dunkel mit Zimt<\/a><br \/>\n<a href=\"https:\/\/clearchox.com\/de\/shop\/pure-chocolate-dunkle-schokolade-mit-jerk-gewuerz-70\/\">Dunkel mit jamaikanischen Jerk-Gew\u00fcrzen<\/a><br \/>\n<a href=\"https:\/\/clearchox.com\/de\/shop\/pure-chocolate-dunkle-schokolade-mit-kaffee-70\/\">Dunkel mit Blue Mountain Kaffee<\/a><br \/>\n<a href=\"https:\/\/clearchox.com\/de\/shop\/pure-chocolate-dunkle-schokolade-mit-jamaikanischem-rum-65\/\">Dunkel mit Worthy Park Rum<\/a><br \/>\n<a href=\"https:\/\/clearchox.com\/de\/shop\/pure-chocolate-dunkle-mylk-schokolade-mit-kokosnuss-57\/\">Cremig ger\u00f6stete Kokosnuss<\/a><\/p>\n<hr \/>\n<p><strong><img loading=\"lazy\" decoding=\"async\" class=\"alignleft size-medium wp-image-92924\" src=\"https:\/\/clearchox.com\/nl\/wp-content\/uploads\/sites\/11\/2023\/01\/Pure-Chocolate-Dennis-Bodie-244x300.jpg\" alt=\"\" width=\"244\" height=\"300\" \/>Kakao von Dennis Bodie<\/strong><br \/>\nDer von Pure Chocolate verwendete Kakao wird von Dennis Bodie geliefert. Ein Bauer eines Geh\u00f6fts namens Tom&#8217;s Hope, inmitten der<a href=\"https:\/\/en.wikipedia.org\/wiki\/John_Crow_Mountains\" target=\"_blank\" rel=\"noopener\"> John Crow Mountains<\/a>\u00a0 (in Fellowship im Landkreis<a href=\"https:\/\/de.wikipedia.org\/wiki\/Portland_Parish\" target=\"_blank\" rel=\"noopener\"> Portland<\/a>). Um Bodies Farm zu finden, ist man auf die Hilfe der Einheimischen angewiesen. Es gibt keine Stra\u00dfennamen, keine Hausnummern, und auch der Hof ist nicht ausgeschildert. Dennis Bodie ist der Besitzer der Farm. Sie ist sein ganzer Stolz; er hat sich mit Leib und Seele seinem Hof verschrieben, macht keinen Urlaub, sondern genie\u00dft, wie er sagt, jeden Tag das Rauschen des Baches und die Natur um sich herum.<\/p>\n<p>Sein Kakao ist eine Kreuzung aus Criollo und Trinitario, der von Hand fermentiert und getrocknet wird. Bei der Schokoladenherstellung ist das, was bei der Ernte und danach passiert, entscheidend. Durch das besondere Verfahren bleibt der au\u00dfergew\u00f6hnliche Kakaogeschmack der urspr\u00fcnglichen Kakaobohnen bestm\u00f6glich erhalten.<\/p>\n<hr \/>\n<p><strong>Geschmacksnoten<\/strong>: <em>siehe einzelne Tafeln<\/em><br \/>\n<strong>Zutaten<\/strong>: <em>siehe einzelne Tafeln<\/em><\/p>\n<p><span style=\"color: #993300;\"><em><strong>Kann Spuren von N\u00fcssen, Erdn\u00fcssen, Gluten und Milch enthalten.<\/strong><\/em><\/span><\/p>\n<table border=\"0\" width=\"593\" cellspacing=\"0\" cellpadding=\"0\">\n<tbody>\n<tr>\n<td class=\"xl68\" width=\"333\" height=\"15\"><strong>Nutrition values\/N\u00e4hrwerte\/Voedingswaarde\/Information nutritionelles<\/strong><\/td>\n<td class=\"xl66\" width=\"260\"><strong>per\/pro\/per 100 g<\/strong><\/td>\n<\/tr>\n<tr>\n<td class=\"xl64\" height=\"15\">Energy\/Energie<\/td>\n<td class=\"xl65\"><em>siehe einzelne Tafeln<\/em><\/td>\n<\/tr>\n<tr>\n<td class=\"xl64\" height=\"15\">Fat\/Fett\/vetten\/lipides<\/td>\n<td class=\"xl65\"><\/td>\n<\/tr>\n<tr>\n<td class=\"xl64\" height=\"15\">of which saturated\/davon ges\u00e4ttigte Fetts\u00e4uren\/waarvan verzadigd\/dont acides gras saturis<\/td>\n<td class=\"xl65\"><\/td>\n<\/tr>\n<tr>\n<td class=\"xl64\" height=\"15\">Carbonhydrates\/Kohlenhydrate\/koolhydraten\/glucides<\/td>\n<td class=\"xl65\"><\/td>\n<\/tr>\n<tr>\n<td class=\"xl64\" height=\"15\">of which sugar\/davon Zucker\/dont sucre<\/td>\n<td class=\"xl65\"><\/td>\n<\/tr>\n<tr>\n<td class=\"xl64\" height=\"15\">Proteins\/Eiweiss\/eiwitten\/prot\u00e9ines<\/td>\n<td class=\"xl65\"><\/td>\n<\/tr>\n<tr>\n<td class=\"xl67\" height=\"15\">Salt\/Salz\/zout\/sel<\/td>\n<td class=\"xl63\"><\/td>\n<\/tr>\n<\/tbody>\n<\/table>\n","protected":false},"excerpt":{"rendered":"<p>Eine wundersch\u00f6ne Geschenkpackung in W\u00fcrfelform mit sechs verschiedenen 30-Gramm-Schokoladentafeln. Die perfekte M\u00f6glichkeit, den Geschmack Jamaikas kennenzulernen. Und ein tolles Geschenk.<\/p>\n","protected":false},"featured_media":135082,"comment_status":"open","ping_status":"closed","template":"","meta":[],"product_brand":[1124],"product_cat":[754,733,15,736],"product_tag":[1273,1275,1281,1223,1245,1249,1210,1280],"class_list":{"0":"post-135051","1":"product","2":"type-product","3":"status-publish","4":"has-post-thumbnail","6":"product_brand-pure-chocolate","7":"product_cat-herkunftschokolade","8":"product_cat-preistraeger","9":"product_cat-schokolade","10":"product_cat-vegan","11":"product_tag-geschenk","12":"product_tag-gift-box","13":"product_tag-jerk","14":"product_tag-kaffee","15":"product_tag-kokosnuss","16":"product_tag-rum","17":"product_tag-zimt","18":"product_tag-zitronengras","19":"product_shipping_class-16","20":"infinite-scroll-item","21":"resize-featured-image","22":"sales-flash-overlay","23":"woocommerce-text-align-center","24":"woocommerce-image-align-center","25":"wc-has-gallery","27":"first","28":"outofstock","29":"shipping-taxable","30":"purchasable","31":"product-type-simple"},"_links":{"self":[{"href":"https:\/\/clearchox.com\/de\/wp-json\/wp\/v2\/product\/135051","targetHints":{"allow":["GET"]}}],"collection":[{"href":"https:\/\/clearchox.com\/de\/wp-json\/wp\/v2\/product"}],"about":[{"href":"https:\/\/clearchox.com\/de\/wp-json\/wp\/v2\/types\/product"}],"replies":[{"embeddable":true,"href":"https:\/\/clearchox.com\/de\/wp-json\/wp\/v2\/comments?post=135051"}],"wp:featuredmedia":[{"embeddable":true,"href":"https:\/\/clearchox.com\/de\/wp-json\/wp\/v2\/media\/135082"}],"wp:attachment":[{"href":"https:\/\/clearchox.com\/de\/wp-json\/wp\/v2\/media?parent=135051"}],"wp:term":[{"taxonomy":"product_brand","embeddable":true,"href":"https:\/\/clearchox.com\/de\/wp-json\/wp\/v2\/product_brand?post=135051"},{"taxonomy":"product_cat","embeddable":true,"href":"https:\/\/clearchox.com\/de\/wp-json\/wp\/v2\/product_cat?post=135051"},{"taxonomy":"product_tag","embeddable":true,"href":"https:\/\/clearchox.com\/de\/wp-json\/wp\/v2\/product_tag?post=135051"}],"curies":[{"name":"wp","href":"https:\/\/api.w.org\/{rel}","templated":true}]}}