{"id":135125,"date":"2025-05-07T11:25:13","date_gmt":"2025-05-07T11:25:13","guid":{"rendered":"https:\/\/clearchox.com\/de\/?post_type=product&#038;p=135125"},"modified":"2026-03-12T09:02:20","modified_gmt":"2026-03-12T09:02:20","slug":"taza-mexicano-orange-2-rundtafeln-50-bio","status":"publish","type":"product","link":"https:\/\/clearchox.com\/de\/shop\/taza-mexicano-orange-2-rundtafeln-50-bio\/","title":{"rendered":"Taza Mexicano Orange (2 Rundtafeln) 50% BIO"},"content":{"rendered":"<p>Viele Kakaobohnen und ein wenig Orangen werden zusammen auf traditionell mexikanischen Granitm\u00fchlsteinen gemahlen (<span class=\"tlid-translation translation\" lang=\"de\"><span title=\"&quot;\">im Gegensatz zur \u00fcblichen Conche<\/span><\/span>). Das ergibt ein etwas grobes, &#8222;sandiges&#8220; Gef\u00fchl im Mund, was auch die urspr\u00fcnglichen Aromen unterstreicht.<\/p>\n<p>Taza Chocolate ist stolz und froh mit dem\u00a0<a href=\"http:\/\/www.nativealimentos.com.br\/en\/cana-verde\/index.html\" target=\"_blank\" rel=\"noopener noreferrer\">Native\u00ae Green Cane Project<\/a> zusammenzuarbeiten, der den BIO-Rohrzucker liefert.<br \/>\nEnth\u00e4lt 2 runde Scheiben herrlicher Schokolade.<\/p>\n<p><strong>Zutaten<\/strong>: Kakaobohnen, Rohrzucker, Orangen\u00f6l (Sonnenblumen\u00f6l und nat\u00fcrliche Aromen), Vanilleschoten.<\/p>\n<p><strong><span style=\"color: #993300;\">Kann Spuren von N\u00fcssen, Erdn\u00fcssen und\u00a0<span style=\"caret-color: #993300;\">Sesam\u00a0<\/span>enthalten.<\/span><\/strong><\/p>\n<table border=\"0\" width=\"593\" cellspacing=\"0\" cellpadding=\"0\">\n<colgroup>\n<col width=\"333\" \/>\n<col width=\"260\" \/><\/colgroup>\n<tbody>\n<tr>\n<td class=\"xl68\" width=\"333\" height=\"15\"><strong>N\u00e4hrwerte<\/strong><\/td>\n<td class=\"xl66\" width=\"260\"><strong>pro 100 g<\/strong><\/td>\n<\/tr>\n<tr>\n<td class=\"xl64\" height=\"15\">Energie<\/td>\n<td class=\"xl65\">500 kCal\/2092 kJ<\/td>\n<\/tr>\n<tr>\n<td class=\"xl64\" height=\"15\">Fett<\/td>\n<td class=\"xl65\">23,7 g<\/td>\n<\/tr>\n<tr>\n<td class=\"xl64\" height=\"15\">davon ges\u00e4ttigte Fetts\u00e4uren<\/td>\n<td class=\"xl65\">15,8 g<\/td>\n<\/tr>\n<tr>\n<td class=\"xl64\" height=\"15\">Kohlenhydrate<\/td>\n<td class=\"xl65\">65,8 g<\/td>\n<\/tr>\n<tr>\n<td class=\"xl64\" height=\"15\">davon Zucker<\/td>\n<td class=\"xl65\">50 g<\/td>\n<\/tr>\n<tr>\n<td class=\"xl64\" height=\"15\">Eiweiss<\/td>\n<td class=\"xl65\">7,9 g<\/td>\n<\/tr>\n<tr>\n<td class=\"xl67\" height=\"15\">Salz<\/td>\n<td class=\"xl63\">0 g<\/td>\n<\/tr>\n<\/tbody>\n<\/table>\n<p>&nbsp;<\/p>\n","protected":false},"excerpt":{"rendered":"<p>Diese 50% dunkle Bio-Schokolade wurde auf Granitm\u00fchlsteinen gemahlen und ist minimal verarbeitet. Rustikal-k\u00f6rnig erh\u00e4lt die Tafel mit einer Prise Orange eine perfekte Balance.<\/p>\n","protected":false},"featured_media":135128,"comment_status":"open","ping_status":"closed","template":"","meta":[],"product_brand":[751],"product_cat":[735,15],"product_tag":[1291,1206,1290],"class_list":{"0":"post-135125","1":"product","2":"type-product","3":"status-publish","4":"has-post-thumbnail","6":"product_brand-taza","7":"product_cat-bio","8":"product_cat-schokolade","9":"product_tag-bio","10":"product_tag-dunkel","11":"product_tag-orange","12":"infinite-scroll-item","13":"resize-featured-image","14":"sales-flash-overlay","15":"woocommerce-text-align-center","16":"woocommerce-image-align-center","17":"wc-has-gallery","19":"first","20":"instock","21":"shipping-taxable","22":"purchasable","23":"product-type-simple"},"_links":{"self":[{"href":"https:\/\/clearchox.com\/de\/wp-json\/wp\/v2\/product\/135125","targetHints":{"allow":["GET"]}}],"collection":[{"href":"https:\/\/clearchox.com\/de\/wp-json\/wp\/v2\/product"}],"about":[{"href":"https:\/\/clearchox.com\/de\/wp-json\/wp\/v2\/types\/product"}],"replies":[{"embeddable":true,"href":"https:\/\/clearchox.com\/de\/wp-json\/wp\/v2\/comments?post=135125"}],"wp:featuredmedia":[{"embeddable":true,"href":"https:\/\/clearchox.com\/de\/wp-json\/wp\/v2\/media\/135128"}],"wp:attachment":[{"href":"https:\/\/clearchox.com\/de\/wp-json\/wp\/v2\/media?parent=135125"}],"wp:term":[{"taxonomy":"product_brand","embeddable":true,"href":"https:\/\/clearchox.com\/de\/wp-json\/wp\/v2\/product_brand?post=135125"},{"taxonomy":"product_cat","embeddable":true,"href":"https:\/\/clearchox.com\/de\/wp-json\/wp\/v2\/product_cat?post=135125"},{"taxonomy":"product_tag","embeddable":true,"href":"https:\/\/clearchox.com\/de\/wp-json\/wp\/v2\/product_tag?post=135125"}],"curies":[{"name":"wp","href":"https:\/\/api.w.org\/{rel}","templated":true}]}}