{"id":135229,"date":"2025-08-25T10:07:05","date_gmt":"2025-08-25T10:07:05","guid":{"rendered":"https:\/\/clearchox.com\/de\/?post_type=product&#038;p=135229"},"modified":"2026-04-24T11:04:21","modified_gmt":"2026-04-24T11:04:21","slug":"ocelot-dunkle-schokolade-zitronen-olivenoel-70-bio","status":"publish","type":"product","link":"https:\/\/clearchox.com\/de\/shop\/ocelot-dunkle-schokolade-zitronen-olivenoel-70-bio\/","title":{"rendered":"Ocelot &#8211; Dunkle Schokolade Zitronen-Oliven\u00f6l 70% BIO"},"content":{"rendered":"<p>Eine atemberaubend cremige und aromatische Tafel, reichhaltig mit apulischem Oliven\u00f6l angereichert. Das \u00d6l wird in einer familieneigenen M\u00fchle hergestellt, wo ganze frische Bio-Zitronen zusammen mit den Oliven auf Steinm\u00fchlen gemahlen werden. Das Ergebnis ist ein duftendes, grasgr\u00fcnes Elixier, das unsere edle dunkle Schokolade auf eine neue Ebene der K\u00f6stlichkeit hebt.<\/p>\n<p>Das in Schottland ans\u00e4ssige Unternehmen Ocelot stellt in jeder Hinsicht au\u00dfergew\u00f6hnlich gute Schokolade her. Nicht nur mit wunderbaren Geschmackskombinationen, sondern auch\u00a0in der nachhaltigen und stylischen Verpackung. F\u00fcr den Kakao, genauer gesagt die Schokoladenmasse, arbeiten sie eng mit Original Beans zusammen.<\/p>\n<p>Original Beans hat eine Reihe von <em>Single-Origin<\/em>-Schokoladen, die auch die Erhaltung des Regenwaldes f\u00f6rdern. Dieser Virunga wird im <a href=\"https:\/\/de.wikipedia.org\/wiki\/Nationalpark_Virunga\" target=\"_blank\" rel=\"noopener\">Nationalpark Virunga<\/a> im Osten der <a href=\"https:\/\/de.wikipedia.org\/wiki\/Demokratische_Republik_Kongo\" target=\"_blank\" rel=\"noopener\">D.R. Kongo<\/a> geerntet.<\/p>\n<p>Original Beans ist ein idealistischer Schokoladenhersteller. Sie bieten den Kakaobauern ein sog. <em>living income<\/em> und zahlen sogar fast das Doppelte der Fairtrade-Pr\u00e4mie extra. Und die tun noch mehr: Die helfen bei der Anpflanzung von B\u00e4umen, um den Wald wiederherzustellen, unterrichten die Bauern in der besten Verarbeitung von Kakaobohnen und unterhalten selbstverst\u00e4ndlich auch eine Baumschule f\u00fcr Kakaob\u00e4ume.<\/p>\n<p class=\"tw-data-text tw-text-large tw-ta\" dir=\"ltr\" data-placeholder=\"Vertaling\"><span class=\"Y2IQFc\" lang=\"en\"><strong>Zutaten:<\/strong>\u00a0Kakaomasse Original Beans Couverture Femmes de Virunga* (59,65 %), roher Rohrzucker aus Argentinien\/Paraguay* (27,96 %), Kakaobutter* (8,39 %), Zitronen-Oliven\u00f6l* \u2013 italienisches extra virgin 70 %, Zitrone 30 % \u2013 (4 %), Kakaoanteil mindestens 70 %.<\/span><\/p>\n<p class=\"tw-data-text tw-text-large tw-ta\" dir=\"ltr\" data-placeholder=\"Vertaling\"><span class=\"Y2IQFc\" lang=\"en\"><strong>Geschmacksnoten: <\/strong><\/span><\/p>\n<p class=\"tw-data-text tw-text-large tw-ta\" dir=\"ltr\" data-placeholder=\"Vertaling\"><span style=\"color: #993300;\"><em><strong><span class=\"Y2IQFc\" lang=\"en\">Hergestellt in einer Manufaktur, die auch Milch, Gluten und N\u00fcsse verarbeitet.<\/span><\/strong><\/em><\/span><\/p>\n<table width=\"593\">\n<tbody>\n<tr>\n<td width=\"333\"><strong>Nutritional values\/Voedingswaarde\/N\u00e4hrwerte\/Valeurs nutritionnelles<br \/>\n<\/strong><\/td>\n<td width=\"260\"><strong>per\/pro\/pour 100 g<\/strong><\/td>\n<\/tr>\n<tr>\n<td>Energy\/Energie\/Valeur \u00e9nerg\u00e9tique<\/td>\n<td>587 kCal \/ 2434 kJ<\/td>\n<\/tr>\n<tr>\n<td>Fat\/Vet\/Fett\/Lipides<\/td>\n<td>45 g<\/td>\n<\/tr>\n<tr>\n<td>of which saturated\/waarvan verzadigd\/davon ges\u00e4ttigte Fetts\u00e4uren\/dont acides gras satur\u00e9s<\/td>\n<td>26 g<\/td>\n<\/tr>\n<tr>\n<td>Carbohydrates\/Koolhydraten\/Kohlenhydrate\/Glucides<\/td>\n<td>33 g<\/td>\n<\/tr>\n<tr>\n<td>davon Zucker\/waarvan suiker\/of which sugar\/dont sucre<\/td>\n<td>28 g<\/td>\n<\/tr>\n<tr>\n<td>Nahrungsfasern\/voedingsvezels\/dietary fibres\/des fibres alimentaires<\/td>\n<td><\/td>\n<\/tr>\n<tr>\n<td>Protein\/Eiwit\/Eiweiss\/Prot\u00e9ine<\/td>\n<td>7 g<\/td>\n<\/tr>\n<tr>\n<td>Salt\/Zout\/Salz\/Sel<\/td>\n<td>0,03 g<\/td>\n<\/tr>\n<\/tbody>\n<\/table>\n<p>EAN 0658556165140<\/p>\n<p>&nbsp;<\/p>\n","protected":false},"excerpt":{"rendered":"<p>Milde dunkle Bio-Schokolade mit einem sensationellen Geschmack von italienischem kaltgepresstem Oliven\u00f6l mit Zitrone.<\/p>\n","protected":false},"featured_media":135230,"comment_status":"open","ping_status":"closed","template":"","meta":[],"product_brand":[1134],"product_cat":[735,15],"product_tag":[],"class_list":{"0":"post-135229","1":"product","2":"type-product","3":"status-publish","4":"has-post-thumbnail","6":"product_brand-ocelot","7":"product_cat-bio","8":"product_cat-schokolade","9":"product_shipping_class-16","10":"infinite-scroll-item","11":"resize-featured-image","12":"sales-flash-overlay","13":"woocommerce-text-align-center","14":"woocommerce-image-align-center","15":"wc-has-gallery","17":"first","18":"instock","19":"shipping-taxable","20":"purchasable","21":"product-type-simple"},"_links":{"self":[{"href":"https:\/\/clearchox.com\/de\/wp-json\/wp\/v2\/product\/135229","targetHints":{"allow":["GET"]}}],"collection":[{"href":"https:\/\/clearchox.com\/de\/wp-json\/wp\/v2\/product"}],"about":[{"href":"https:\/\/clearchox.com\/de\/wp-json\/wp\/v2\/types\/product"}],"replies":[{"embeddable":true,"href":"https:\/\/clearchox.com\/de\/wp-json\/wp\/v2\/comments?post=135229"}],"wp:featuredmedia":[{"embeddable":true,"href":"https:\/\/clearchox.com\/de\/wp-json\/wp\/v2\/media\/135230"}],"wp:attachment":[{"href":"https:\/\/clearchox.com\/de\/wp-json\/wp\/v2\/media?parent=135229"}],"wp:term":[{"taxonomy":"product_brand","embeddable":true,"href":"https:\/\/clearchox.com\/de\/wp-json\/wp\/v2\/product_brand?post=135229"},{"taxonomy":"product_cat","embeddable":true,"href":"https:\/\/clearchox.com\/de\/wp-json\/wp\/v2\/product_cat?post=135229"},{"taxonomy":"product_tag","embeddable":true,"href":"https:\/\/clearchox.com\/de\/wp-json\/wp\/v2\/product_tag?post=135229"}],"curies":[{"name":"wp","href":"https:\/\/api.w.org\/{rel}","templated":true}]}}