{"id":135273,"date":"2025-09-10T17:51:15","date_gmt":"2025-09-10T17:51:15","guid":{"rendered":"https:\/\/clearchox.com\/de\/?post_type=product&#038;p=135273"},"modified":"2026-04-14T13:59:09","modified_gmt":"2026-04-14T13:59:09","slug":"chocolat-madagascar-70-bio","status":"publish","type":"product","link":"https:\/\/clearchox.com\/de\/shop\/chocolat-madagascar-70-bio\/","title":{"rendered":"Chocolat Madagascar 70% BIO"},"content":{"rendered":"<p>Die besonders milde Fermentierung der Kakaobohnen und die sehr schonende R\u00f6stung sorgen f\u00fcr ein feines, ausgewogenes Aroma. Der hohe Kakaoanteil unterstreicht den zarten und milden Charakter. Der Chocolat Madagascar Organic 70 % ist ideal f\u00fcr Einsteiger in den Bereich der hochprozentigen Schokoladen, die bisher nur Milchschokolade mochten. Eine feine dunkle Schokolade, weiches Schmelzverhalten, feine Textur und langer Abgang.<\/p>\n<p><strong>Geschmacksnoten<\/strong>: Noten von Fr\u00fcchten wie Rosinen, Zitrusfr\u00fcchten und Gl\u00fchweinaromen.<br \/>\n<strong>Zutaten<\/strong>: Kakaomasse, Rohrzucker<\/p>\n<p><span style=\"color: #993300;\"><em><strong>Hergestellt in einer Umgebung, in der auch Milch, N\u00fcsse und Soja verwendet werden.<\/strong><\/em><\/span><\/p>\n<p>&nbsp;<\/p>\n<table border=\"0\" width=\"593\" cellspacing=\"0\" cellpadding=\"0\">\n<tbody>\n<tr>\n<td class=\"xl68\" width=\"333\" height=\"15\"><strong>Nutrition values\/N\u00e4hrwerte\/Voedingswaarde\/Information nutritionelles<\/strong><\/td>\n<td class=\"xl66\" width=\"260\"><strong>per\/pro\/per 100 g<\/strong><\/td>\n<\/tr>\n<tr>\n<td class=\"xl64\" height=\"15\">Energy\/Energie<\/td>\n<td class=\"xl65\"><\/td>\n<\/tr>\n<tr>\n<td class=\"xl64\" height=\"15\">Fat\/Fett\/vetten\/lipides<\/td>\n<td class=\"xl65\"><\/td>\n<\/tr>\n<tr>\n<td class=\"xl64\" height=\"15\">of which saturated\/davon ges\u00e4ttigte Fetts\u00e4uren\/waarvan verzadigd\/dont acides gras saturis<\/td>\n<td class=\"xl65\"><\/td>\n<\/tr>\n<tr>\n<td class=\"xl64\" height=\"15\">Carbonhydrates\/Kohlenhydrate\/koolhydraten\/glucides<\/td>\n<td class=\"xl65\"><\/td>\n<\/tr>\n<tr>\n<td class=\"xl64\" height=\"15\">of which sugar\/davon Zucker\/dont sucre<\/td>\n<td class=\"xl65\"><\/td>\n<\/tr>\n<tr>\n<td class=\"xl64\" height=\"15\">Proteins\/Eiweiss\/eiwitten\/prot\u00e9ines<\/td>\n<td class=\"xl65\"><\/td>\n<\/tr>\n<tr>\n<td class=\"xl67\" height=\"15\">Salt\/Salz\/zout\/sel<\/td>\n<td class=\"xl63\"><\/td>\n<\/tr>\n<\/tbody>\n<\/table>\n<p>EAN 0634654724489<\/p>\n","protected":false},"excerpt":{"rendered":"<p>Der Chocolat Madagascar Organic 70 % ist ideal f\u00fcr Einsteiger in den Bereich der hochprozentigen Schokoladen, die bisher nur Milchschokolade mochten.<\/p>\n","protected":false},"featured_media":135277,"comment_status":"open","ping_status":"closed","template":"","meta":[],"product_brand":[869],"product_cat":[754,733,15],"product_tag":[],"class_list":{"0":"post-135273","1":"product","2":"type-product","3":"status-publish","4":"has-post-thumbnail","6":"product_brand-chocolat-madagascar-de","7":"product_cat-herkunftschokolade","8":"product_cat-preistraeger","9":"product_cat-schokolade","10":"product_shipping_class-16","11":"infinite-scroll-item","12":"resize-featured-image","13":"sales-flash-overlay","14":"woocommerce-text-align-center","15":"woocommerce-image-align-center","16":"wc-has-gallery","18":"first","19":"outofstock","20":"shipping-taxable","21":"purchasable","22":"product-type-simple"},"_links":{"self":[{"href":"https:\/\/clearchox.com\/de\/wp-json\/wp\/v2\/product\/135273","targetHints":{"allow":["GET"]}}],"collection":[{"href":"https:\/\/clearchox.com\/de\/wp-json\/wp\/v2\/product"}],"about":[{"href":"https:\/\/clearchox.com\/de\/wp-json\/wp\/v2\/types\/product"}],"replies":[{"embeddable":true,"href":"https:\/\/clearchox.com\/de\/wp-json\/wp\/v2\/comments?post=135273"}],"wp:featuredmedia":[{"embeddable":true,"href":"https:\/\/clearchox.com\/de\/wp-json\/wp\/v2\/media\/135277"}],"wp:attachment":[{"href":"https:\/\/clearchox.com\/de\/wp-json\/wp\/v2\/media?parent=135273"}],"wp:term":[{"taxonomy":"product_brand","embeddable":true,"href":"https:\/\/clearchox.com\/de\/wp-json\/wp\/v2\/product_brand?post=135273"},{"taxonomy":"product_cat","embeddable":true,"href":"https:\/\/clearchox.com\/de\/wp-json\/wp\/v2\/product_cat?post=135273"},{"taxonomy":"product_tag","embeddable":true,"href":"https:\/\/clearchox.com\/de\/wp-json\/wp\/v2\/product_tag?post=135273"}],"curies":[{"name":"wp","href":"https:\/\/api.w.org\/{rel}","templated":true}]}}