{"id":135275,"date":"2025-09-10T18:10:50","date_gmt":"2025-09-10T18:10:50","guid":{"rendered":"https:\/\/clearchox.com\/de\/?post_type=product&#038;p=135275"},"modified":"2026-04-23T07:35:10","modified_gmt":"2026-04-23T07:35:10","slug":"chocolat-madagascar-100-bio","status":"publish","type":"product","link":"https:\/\/clearchox.com\/de\/shop\/chocolat-madagascar-100-bio\/","title":{"rendered":"Chocolat Madagascar 100% BIO"},"content":{"rendered":"<p>100 % darf keine Schokolade heissen, also: 100 % Kakao, und das alles auch noch komplett (von der Kakaobohne bis zur fertigen Schokoladentafel) in Madagaskar hergestellt. Und dann auch noch komplett biologisch.\u00a0 Das ist sch\u00f6n!<\/p>\n<p><strong>Geschmacksnoten<\/strong>:<br \/>\n<strong>Zutaten<\/strong>: Bio-Kakaobohnen aus Madagaskar. Kakaotrockenmasse 100 % min.<\/p>\n<p><span style=\"color: #993300;\"><em><strong>Hergestellt in einer Umgebung, in der auch Milch, N\u00fcsse und Soja verwendet werden.<\/strong><\/em><\/span><\/p>\n<p>&nbsp;<\/p>\n<table border=\"0\" width=\"593\" cellspacing=\"0\" cellpadding=\"0\">\n<tbody>\n<tr>\n<td class=\"xl68\" width=\"333\" height=\"15\"><strong>Nutrition values\/N\u00e4hrwerte\/Voedingswaarde\/Information nutritionelles<\/strong><\/td>\n<td class=\"xl66\" width=\"260\"><strong>per\/pro\/per 100 g<\/strong><\/td>\n<\/tr>\n<tr>\n<td class=\"xl64\" height=\"15\">Energy\/Energie<\/td>\n<td class=\"xl65\">590 kcal \/ 2470 kJ<\/td>\n<\/tr>\n<tr>\n<td class=\"xl64\" height=\"15\">Fat\/Fett\/vetten\/lipides<\/td>\n<td class=\"xl65\">55 gr<\/td>\n<\/tr>\n<tr>\n<td class=\"xl64\" height=\"15\">of which saturated\/davon ges\u00e4ttigte Fetts\u00e4uren\/waarvan verzadigd\/dont acides gras saturis<\/td>\n<td class=\"xl65\"><\/td>\n<\/tr>\n<tr>\n<td class=\"xl64\" height=\"15\">Carbonhydrates\/Kohlenhydrate\/koolhydraten\/glucides<\/td>\n<td class=\"xl65\">8 gr<\/td>\n<\/tr>\n<tr>\n<td class=\"xl64\" height=\"15\">of which sugar\/davon Zucker\/dont sucre<\/td>\n<td class=\"xl65\">0 gr<\/td>\n<\/tr>\n<tr>\n<td class=\"xl64\" height=\"15\">Proteins\/Eiweiss\/eiwitten\/prot\u00e9ines<\/td>\n<td class=\"xl65\">9 gr<\/td>\n<\/tr>\n<tr>\n<td class=\"xl67\" height=\"15\">Salt\/Salz\/zout\/sel<\/td>\n<td class=\"xl63\"><\/td>\n<\/tr>\n<\/tbody>\n<\/table>\n<p>EAN 0715547889789<\/p>\n","protected":false},"excerpt":{"rendered":"<p>Der Chocolat Madagascar Organic 100 % Kakao hat kein s\u00fcsslicher, aber kr\u00e4ftiger Kakaogeschmack f\u00fcr alle, denen es nicht pur genug sein kann<\/p>\n","protected":false},"featured_media":135278,"comment_status":"open","ping_status":"closed","template":"","meta":[],"product_brand":[869],"product_cat":[754,733,15],"product_tag":[],"class_list":{"0":"post-135275","1":"product","2":"type-product","3":"status-publish","4":"has-post-thumbnail","6":"product_brand-chocolat-madagascar-de","7":"product_cat-herkunftschokolade","8":"product_cat-preistraeger","9":"product_cat-schokolade","10":"product_shipping_class-16","11":"infinite-scroll-item","12":"resize-featured-image","13":"sales-flash-overlay","14":"woocommerce-text-align-center","15":"woocommerce-image-align-center","16":"wc-has-gallery","18":"first","19":"instock","20":"shipping-taxable","21":"purchasable","22":"product-type-simple"},"_links":{"self":[{"href":"https:\/\/clearchox.com\/de\/wp-json\/wp\/v2\/product\/135275","targetHints":{"allow":["GET"]}}],"collection":[{"href":"https:\/\/clearchox.com\/de\/wp-json\/wp\/v2\/product"}],"about":[{"href":"https:\/\/clearchox.com\/de\/wp-json\/wp\/v2\/types\/product"}],"replies":[{"embeddable":true,"href":"https:\/\/clearchox.com\/de\/wp-json\/wp\/v2\/comments?post=135275"}],"wp:featuredmedia":[{"embeddable":true,"href":"https:\/\/clearchox.com\/de\/wp-json\/wp\/v2\/media\/135278"}],"wp:attachment":[{"href":"https:\/\/clearchox.com\/de\/wp-json\/wp\/v2\/media?parent=135275"}],"wp:term":[{"taxonomy":"product_brand","embeddable":true,"href":"https:\/\/clearchox.com\/de\/wp-json\/wp\/v2\/product_brand?post=135275"},{"taxonomy":"product_cat","embeddable":true,"href":"https:\/\/clearchox.com\/de\/wp-json\/wp\/v2\/product_cat?post=135275"},{"taxonomy":"product_tag","embeddable":true,"href":"https:\/\/clearchox.com\/de\/wp-json\/wp\/v2\/product_tag?post=135275"}],"curies":[{"name":"wp","href":"https:\/\/api.w.org\/{rel}","templated":true}]}}