{"id":135282,"date":"2025-09-11T18:09:26","date_gmt":"2025-09-11T18:09:26","guid":{"rendered":"https:\/\/clearchox.com\/de\/?post_type=product&#038;p=135282"},"modified":"2026-04-14T13:59:11","modified_gmt":"2026-04-14T13:59:11","slug":"chocolat-madagaskar-rohschokolade-mava-estate-100","status":"publish","type":"product","link":"https:\/\/clearchox.com\/de\/shop\/chocolat-madagaskar-rohschokolade-mava-estate-100\/","title":{"rendered":"Chocolat Madagaskar Roh-Schokolade  MAVA-Estate 100 %"},"content":{"rendered":"<p>Eine wirklich gute Schokolade braucht nur eine Zutat: k\u00f6stliche Kakaobohnen. Die Kakaobohnen sind in diesem Fall roh und unger\u00f6stet und stammen aus den wundersch\u00f6nen Regenw\u00e4ldern des Sambirano-Tals im Nordwesten Madagaskars, direkt von den eigenen Domaine Mava-Plantagen des Herstellers. Die Kakaob\u00e4ume werden dort unter idealen Bedingungen angebaut, wodurch sie einen einzigartigen Geschmack haben.<\/p>\n<p>Dem Kakao wird kein Zucker hinzugef\u00fcgt, er wird in seinem nat\u00fcrlichen Zustand conchiert. Das Ergebnis ist diese fruchtige, cremige 100 %-Tafel.<\/p>\n<p><strong>Geschmacksnoten<\/strong>:<br \/>\n<strong>Zutaten<\/strong>: Kakaobohnen aus Madagaskar.\u00a0 Kakaotrockenmasse 100% mindestens.<\/p>\n<p><span style=\"color: #993300;\"><em><strong>Hergestellt in einer Umgebung, in der auch Milch, N\u00fcsse und Soja verwendet werden.<\/strong><\/em><\/span><\/p>\n<p>&nbsp;<\/p>\n<table border=\"0\" width=\"593\" cellspacing=\"0\" cellpadding=\"0\">\n<tbody>\n<tr>\n<td class=\"xl68\" width=\"333\" height=\"15\"><strong>Nutrition values\/N\u00e4hrwerte\/Voedingswaarde\/Information nutritionelles<\/strong><\/td>\n<td class=\"xl66\" width=\"260\"><strong>per\/pro\/per 100 g<\/strong><\/td>\n<\/tr>\n<tr>\n<td class=\"xl64\" height=\"15\">Energy\/Energie<\/td>\n<td class=\"xl65\">596 kcal \/ 2466 kJ<\/td>\n<\/tr>\n<tr>\n<td class=\"xl64\" height=\"15\">Fat\/Fett\/vetten\/lipides<\/td>\n<td class=\"xl65\">48 gr<\/td>\n<\/tr>\n<tr>\n<td class=\"xl64\" height=\"15\">of which saturated\/davon ges\u00e4ttigte Fetts\u00e4uren\/waarvan verzadigd\/dont acides gras saturis<\/td>\n<td class=\"xl65\">29 gr<\/td>\n<\/tr>\n<tr>\n<td class=\"xl64\" height=\"15\">Carbonhydrates\/Kohlenhydrate\/koolhydraten\/glucides<\/td>\n<td class=\"xl65\">32 gr<\/td>\n<\/tr>\n<tr>\n<td class=\"xl64\" height=\"15\">of which sugar\/davon Zucker\/dont sucre<\/td>\n<td class=\"xl65\">0,5 gr<\/td>\n<\/tr>\n<tr>\n<td class=\"xl64\" height=\"15\">Proteins\/Eiweiss\/eiwitten\/prot\u00e9ines<\/td>\n<td class=\"xl65\">14 gr<\/td>\n<\/tr>\n<tr>\n<td class=\"xl67\" height=\"15\">Salt\/Salz\/zout\/sel<\/td>\n<td class=\"xl63\">0 gr<\/td>\n<\/tr>\n<\/tbody>\n<\/table>\n<p>EAN 0660989888985<\/p>\n","protected":false},"excerpt":{"rendered":"<p>Eine wirklich gute Schokolade braucht nur eine Zutat: k\u00f6stliche Kakaobohnen. Dem Kakao wird kein Zucker hinzugef\u00fcgt, er wird in seinem nat\u00fcrlichen Zustand conchiert. Das Ergebnis ist diese fruchtige, cremige 100 %-Tafel.<\/p>\n","protected":false},"featured_media":135283,"comment_status":"open","ping_status":"closed","template":"","meta":[],"product_brand":[869],"product_cat":[754,15,736],"product_tag":[],"class_list":{"0":"post-135282","1":"product","2":"type-product","3":"status-publish","4":"has-post-thumbnail","6":"product_brand-chocolat-madagascar-de","7":"product_cat-herkunftschokolade","8":"product_cat-schokolade","9":"product_cat-vegan","10":"product_shipping_class-16","11":"infinite-scroll-item","12":"resize-featured-image","13":"sales-flash-overlay","14":"woocommerce-text-align-center","15":"woocommerce-image-align-center","16":"wc-has-gallery","18":"first","19":"instock","20":"shipping-taxable","21":"purchasable","22":"product-type-simple"},"_links":{"self":[{"href":"https:\/\/clearchox.com\/de\/wp-json\/wp\/v2\/product\/135282","targetHints":{"allow":["GET"]}}],"collection":[{"href":"https:\/\/clearchox.com\/de\/wp-json\/wp\/v2\/product"}],"about":[{"href":"https:\/\/clearchox.com\/de\/wp-json\/wp\/v2\/types\/product"}],"replies":[{"embeddable":true,"href":"https:\/\/clearchox.com\/de\/wp-json\/wp\/v2\/comments?post=135282"}],"wp:featuredmedia":[{"embeddable":true,"href":"https:\/\/clearchox.com\/de\/wp-json\/wp\/v2\/media\/135283"}],"wp:attachment":[{"href":"https:\/\/clearchox.com\/de\/wp-json\/wp\/v2\/media?parent=135282"}],"wp:term":[{"taxonomy":"product_brand","embeddable":true,"href":"https:\/\/clearchox.com\/de\/wp-json\/wp\/v2\/product_brand?post=135282"},{"taxonomy":"product_cat","embeddable":true,"href":"https:\/\/clearchox.com\/de\/wp-json\/wp\/v2\/product_cat?post=135282"},{"taxonomy":"product_tag","embeddable":true,"href":"https:\/\/clearchox.com\/de\/wp-json\/wp\/v2\/product_tag?post=135282"}],"curies":[{"name":"wp","href":"https:\/\/api.w.org\/{rel}","templated":true}]}}