{"id":135382,"date":"2025-11-04T18:21:25","date_gmt":"2025-11-04T18:21:25","guid":{"rendered":"https:\/\/clearchox.com\/de\/?post_type=product&#038;p=135382"},"modified":"2026-04-24T11:03:11","modified_gmt":"2026-04-24T11:03:11","slug":"georgia-ramon-madagaskar-ottange-70","status":"publish","type":"product","link":"https:\/\/clearchox.com\/de\/shop\/georgia-ramon-madagaskar-ottange-70\/","title":{"rendered":"Georgia Ramon Madagaskar 70%"},"content":{"rendered":"<p>Der Kakao f\u00fcr diese fantastische Tafel stammt von <a href=\"http:\/\/www.akessons-organic.com\/\" target=\"_blank\" rel=\"noopener\">Akesson\u2019s Plantation<\/a>.<\/p>\n<p><strong>Zutaten:\u00a0<\/strong>Kakaobohnen aus Madagaskar, Rohrohrzucker, Kakaobutter<br \/>\n<strong>Aromaprofil<\/strong>: tropische Zitrusfr\u00fcchte, Gew\u00fcrze und Honig, Noten von ger\u00f6steten N\u00fcssen.<\/p>\n<p><span style=\"color: #993300;\"><strong>Kann Spuren von Eier, Schalenfr\u00fcchten, Erdn\u00fcssen und Milch enthalten.<\/strong><\/span><\/p>\n<table width=\"593\">\n<tbody>\n<tr>\n<td width=\"333\"><strong>Voedingswaarde\/N\u00e4hrwerte\/Nutritional values\/Valeurs nutritionnelles<\/strong><\/td>\n<td width=\"260\"><strong>per\/pro\/per\/pour 100 g<\/strong><\/td>\n<\/tr>\n<tr>\n<td>Energie\/Energy\/Valeur \u00e9nerg\u00e9tique<\/td>\n<td>537 kCal \/ 2248 kJ<\/td>\n<\/tr>\n<tr>\n<td>Vet\/Fett\/Fat\/Lipides<\/td>\n<td>40 g<\/td>\n<\/tr>\n<tr>\n<td>waarvan verzadigd\/davon ges\u00e4ttigte Fetts\u00e4uren\/of which saturated\/dont acides gras satur\u00e9s<\/td>\n<td>24 g<\/td>\n<\/tr>\n<tr>\n<td>Koolhydraten\/Kohlenhydrate\/Carbohydrates\/Glucides<\/td>\n<td>35 g<\/td>\n<\/tr>\n<tr>\n<td>waarvan suiker\/davon Zucker\/of which sugar\/dont sucre<\/td>\n<td>30 g<\/td>\n<\/tr>\n<tr>\n<td>Eiwitten\/Eiweiss\/Proteins\/Prot\u00e9ines<\/td>\n<td>12 g<\/td>\n<\/tr>\n<tr>\n<td>Zout\/Salz\/Salt\/Sel<\/td>\n<td>0,01 g<\/td>\n<\/tr>\n<\/tbody>\n<\/table>\n<p>EAN: 4260441821206<\/p>\n","protected":false},"excerpt":{"rendered":"<p>Diese wundersch\u00f6ne Tafel wurde aus dem ebenso wundersch\u00f6nen Kakao der Akesson&#8217;s Plantation in Madagaskar hergestellt.<\/p>\n","protected":false},"featured_media":83819,"comment_status":"open","ping_status":"closed","template":"","meta":[],"product_brand":[77],"product_cat":[754,733,15,736],"product_tag":[],"class_list":{"0":"post-135382","1":"product","2":"type-product","3":"status-publish","4":"has-post-thumbnail","6":"product_brand-georgia-ramon","7":"product_cat-herkunftschokolade","8":"product_cat-preistraeger","9":"product_cat-schokolade","10":"product_cat-vegan","11":"product_shipping_class-16","12":"infinite-scroll-item","13":"resize-featured-image","14":"sales-flash-overlay","15":"woocommerce-text-align-center","16":"woocommerce-image-align-center","18":"first","19":"instock","20":"shipping-taxable","21":"purchasable","22":"product-type-simple"},"_links":{"self":[{"href":"https:\/\/clearchox.com\/de\/wp-json\/wp\/v2\/product\/135382","targetHints":{"allow":["GET"]}}],"collection":[{"href":"https:\/\/clearchox.com\/de\/wp-json\/wp\/v2\/product"}],"about":[{"href":"https:\/\/clearchox.com\/de\/wp-json\/wp\/v2\/types\/product"}],"replies":[{"embeddable":true,"href":"https:\/\/clearchox.com\/de\/wp-json\/wp\/v2\/comments?post=135382"}],"wp:featuredmedia":[{"embeddable":true,"href":"https:\/\/clearchox.com\/de\/wp-json\/wp\/v2\/media\/83819"}],"wp:attachment":[{"href":"https:\/\/clearchox.com\/de\/wp-json\/wp\/v2\/media?parent=135382"}],"wp:term":[{"taxonomy":"product_brand","embeddable":true,"href":"https:\/\/clearchox.com\/de\/wp-json\/wp\/v2\/product_brand?post=135382"},{"taxonomy":"product_cat","embeddable":true,"href":"https:\/\/clearchox.com\/de\/wp-json\/wp\/v2\/product_cat?post=135382"},{"taxonomy":"product_tag","embeddable":true,"href":"https:\/\/clearchox.com\/de\/wp-json\/wp\/v2\/product_tag?post=135382"}],"curies":[{"name":"wp","href":"https:\/\/api.w.org\/{rel}","templated":true}]}}