{"id":135513,"date":"2026-03-03T19:11:46","date_gmt":"2026-03-03T19:11:46","guid":{"rendered":"https:\/\/clearchox.com\/de\/?post_type=product&#038;p=135513"},"modified":"2026-04-24T11:04:22","modified_gmt":"2026-04-24T11:04:22","slug":"ocelot-matcha-crunch-70-zartbitter-bio","status":"publish","type":"product","link":"https:\/\/clearchox.com\/de\/shop\/ocelot-matcha-crunch-70-zartbitter-bio\/","title":{"rendered":"Ocelot &#8211;  Matcha Crunch 70 % Zartbitter BIO"},"content":{"rendered":"<p>Das in Schottland ans\u00e4ssige Unternehmen Ocelot stellt in jeder Hinsicht au\u00dfergew\u00f6hnlich gute Schokolade her. Nicht nur mit wunderbaren Geschmackskombinationen, sondern auch\u00a0in der nachhaltigen und stylischen Verpackung. F\u00fcr den Kakao, genauer gesagt die Schokoladenmasse, arbeiten sie eng mit Original Beans zusammen.<\/p>\n<p>Eine sorgf\u00e4ltige Infusion von Original Beans Virunga 70 %iger dunkler Schokolade mit biologischem Matcha Iri Genmaicha, der renommierten japanischen Teemischung aus Sencha, Matcha und ger\u00f6steten braunen Reisk\u00f6rnern<\/p>\n<p>Erleben Sie eine unwiderstehliche Reinheit, aromatische S\u00fc\u00dfe und einen s\u00fcchtig machenden Crunch!<\/p>\n<p>Der Matcha Iri Genmaicha wird auf kleinen Bio-Teefeldern von Familienbetrieben in den japanischen Regionen Uji und Kagoshima angebaut und geerntet, die f\u00fcr ihren fruchtbaren Boden und ihr reines Wasser bekannt sind.<br \/>\nDiese Schokolade wird aus seltenen Amelonado-Kakaobohnen hergestellt, die von einer regenerativen Kooperative im Regenwald des Virunga-Nationalparks im Osten der Demokratischen Republik Kongo biologisch angebaut werden.<\/p>\n<p>Original Beans ist ein idealistischer Schokoladenhersteller. Sie bieten Kakaobauern ein sogenanntes existenzsicherndes Einkommen und zahlen sogar fast das Doppelte der Fairtrade-Pr\u00e4mie zus\u00e4tzlich. Aber sie tun noch mehr: Sie pflanzen B\u00e4ume, um den Wald wiederherzustellen, bringen den Bauern bei, wie sie Kakaobohnen am besten verarbeiten k\u00f6nnen, und richten nat\u00fcrlich eine Baumschule f\u00fcr Kakaob\u00e4ume ein.<\/p>\n<p class=\"tw-data-text tw-text-large tw-ta\" dir=\"ltr\" data-placeholder=\"Vertaling\"><span class=\"Y2IQFc\" lang=\"en\"><strong>Zutaten:<\/strong>\u00a0Kakaomasse 59,65 %, Rohrohrzucker 27,96 %, Kakaobutter 8,39 %, Iri Genmaicha-Tee 4 %<\/span><\/p>\n<p class=\"tw-data-text tw-text-large tw-ta\" dir=\"ltr\" data-placeholder=\"Vertaling\"><span class=\"Y2IQFc\" lang=\"en\"><strong>Geschmacksnoten: <\/strong>Die frischen, s\u00fc\u00dfen, buttrigen Noten von Matcha Iri Genmaicha werden durch eine subtile Umami-Tiefe verst\u00e4rkt, die perfekt zu den erdigen, fruchtigen Schwarzteearomen der Amelonado-Schokolade passt.<\/span><\/p>\n<p class=\"tw-data-text tw-text-large tw-ta\" dir=\"ltr\" data-placeholder=\"Vertaling\"><span style=\"color: #993300;\"><em><strong>Hergestellt in einer Umgebung, in der auch Milch und N\u00fcsse verarbeitet werden.<\/strong><\/em><\/span><\/p>\n<table width=\"593\">\n<tbody>\n<tr>\n<td width=\"333\"><strong>Nutritional values\/Voedingswaarde\/N\u00e4hrwerte\/Valeurs nutritionnelles<br \/>\n<\/strong><\/td>\n<td width=\"260\"><strong>per\/pro\/pour 100 g<\/strong><\/td>\n<\/tr>\n<tr>\n<td>Energy\/Energie\/Valeur \u00e9nerg\u00e9tique<\/td>\n<td>565 kCal \/ 2346 kJ<\/td>\n<\/tr>\n<tr>\n<td>Fat\/Vet\/Fett\/Lipides<\/td>\n<td>41 g<\/td>\n<\/tr>\n<tr>\n<td>of which saturated\/waarvan verzadigd\/davon ges\u00e4ttigte Fetts\u00e4uren\/dont acides gras satur\u00e9s<\/td>\n<td>25 g<\/td>\n<\/tr>\n<tr>\n<td>Carbohydrates\/Koolhydraten\/Kohlenhydrate\/Glucides<\/td>\n<td>35 g<\/td>\n<\/tr>\n<tr>\n<td>davon Zucker\/waarvan suiker\/of which sugar\/dont sucre<\/td>\n<td>28 g<\/td>\n<\/tr>\n<tr>\n<td>Nahrungsfasern\/voedingsvezels\/dietary fibres\/des fibres alimentaires<\/td>\n<td>6 g<\/td>\n<\/tr>\n<tr>\n<td>Protein\/Eiwit\/Eiweiss\/Prot\u00e9ine<\/td>\n<td>7 g<\/td>\n<\/tr>\n<tr>\n<td>Salt\/Zout\/Salz\/Sel<\/td>\n<td>0,03 g<\/td>\n<\/tr>\n<\/tbody>\n<\/table>\n<p>EAN: 0658556167649<\/p>\n","protected":false},"excerpt":{"rendered":"<p>Eine sorgf\u00e4ltige Infusion der Original Beans Virunga 70 %igen Zartbitterschokolade mit biologischem Matcha Iri Genmaicha, der ber\u00fchmten japanischen Teemischung aus Sencha, Matcha und ger\u00f6steten braunen Reisk\u00f6rnern.<\/p>\n","protected":false},"featured_media":135515,"comment_status":"open","ping_status":"closed","template":"","meta":[],"product_brand":[1134],"product_cat":[735,15],"product_tag":[],"class_list":{"0":"post-135513","1":"product","2":"type-product","3":"status-publish","4":"has-post-thumbnail","6":"product_brand-ocelot","7":"product_cat-bio","8":"product_cat-schokolade","9":"product_shipping_class-16","10":"infinite-scroll-item","11":"resize-featured-image","12":"sales-flash-overlay","13":"woocommerce-text-align-center","14":"woocommerce-image-align-center","15":"wc-has-gallery","17":"first","18":"instock","19":"shipping-taxable","20":"purchasable","21":"product-type-simple"},"_links":{"self":[{"href":"https:\/\/clearchox.com\/de\/wp-json\/wp\/v2\/product\/135513","targetHints":{"allow":["GET"]}}],"collection":[{"href":"https:\/\/clearchox.com\/de\/wp-json\/wp\/v2\/product"}],"about":[{"href":"https:\/\/clearchox.com\/de\/wp-json\/wp\/v2\/types\/product"}],"replies":[{"embeddable":true,"href":"https:\/\/clearchox.com\/de\/wp-json\/wp\/v2\/comments?post=135513"}],"wp:featuredmedia":[{"embeddable":true,"href":"https:\/\/clearchox.com\/de\/wp-json\/wp\/v2\/media\/135515"}],"wp:attachment":[{"href":"https:\/\/clearchox.com\/de\/wp-json\/wp\/v2\/media?parent=135513"}],"wp:term":[{"taxonomy":"product_brand","embeddable":true,"href":"https:\/\/clearchox.com\/de\/wp-json\/wp\/v2\/product_brand?post=135513"},{"taxonomy":"product_cat","embeddable":true,"href":"https:\/\/clearchox.com\/de\/wp-json\/wp\/v2\/product_cat?post=135513"},{"taxonomy":"product_tag","embeddable":true,"href":"https:\/\/clearchox.com\/de\/wp-json\/wp\/v2\/product_tag?post=135513"}],"curies":[{"name":"wp","href":"https:\/\/api.w.org\/{rel}","templated":true}]}}