{"id":163,"date":"2015-10-13T00:00:00","date_gmt":"2015-10-13T00:00:00","guid":{"rendered":"https:\/\/clearchox.com\/product\/counter-display\/"},"modified":"2026-02-25T19:18:05","modified_gmt":"2026-02-25T19:18:05","slug":"counter-display","status":"publish","type":"product","link":"https:\/\/clearchox.com\/de\/shop\/counter-display\/","title":{"rendered":"Thekendisplay"},"content":{"rendered":"","protected":false},"excerpt":{"rendered":"<p>Umweltfreundliches braunes Display aus Karton f\u00fcr die Theke oder f\u00fcrs Regal. Platz f\u00fcr 6 &#8211; 8 verschiedene Tafelsorten auf zwei Ebenen, auf die bis zu 10 Tafeln hintereinander passen (Ma\u00dfe in cm 28\/26\/30, H\/B\/T). Die Werte, die f\u00fcr gute Schokolade stehen, sind auf der R\u00fcckseite erw\u00e4hnt.<\/p>\n","protected":false},"featured_media":83744,"comment_status":"open","ping_status":"closed","template":"","meta":[],"product_brand":[84],"product_cat":[731],"product_tag":[],"class_list":{"0":"post-163","1":"product","2":"type-product","3":"status-publish","4":"has-post-thumbnail","6":"product_brand-serviceprodukten-clearchox","7":"product_cat-serviceprodukte","8":"product_shipping_class-16","9":"infinite-scroll-item","10":"resize-featured-image","11":"sales-flash-overlay","12":"woocommerce-text-align-center","13":"woocommerce-image-align-center","14":"wc-has-gallery","16":"first","17":"instock","18":"shipping-taxable","19":"purchasable","20":"product-type-simple"},"_links":{"self":[{"href":"https:\/\/clearchox.com\/de\/wp-json\/wp\/v2\/product\/163","targetHints":{"allow":["GET"]}}],"collection":[{"href":"https:\/\/clearchox.com\/de\/wp-json\/wp\/v2\/product"}],"about":[{"href":"https:\/\/clearchox.com\/de\/wp-json\/wp\/v2\/types\/product"}],"replies":[{"embeddable":true,"href":"https:\/\/clearchox.com\/de\/wp-json\/wp\/v2\/comments?post=163"}],"wp:featuredmedia":[{"embeddable":true,"href":"https:\/\/clearchox.com\/de\/wp-json\/wp\/v2\/media\/83744"}],"wp:attachment":[{"href":"https:\/\/clearchox.com\/de\/wp-json\/wp\/v2\/media?parent=163"}],"wp:term":[{"taxonomy":"product_brand","embeddable":true,"href":"https:\/\/clearchox.com\/de\/wp-json\/wp\/v2\/product_brand?post=163"},{"taxonomy":"product_cat","embeddable":true,"href":"https:\/\/clearchox.com\/de\/wp-json\/wp\/v2\/product_cat?post=163"},{"taxonomy":"product_tag","embeddable":true,"href":"https:\/\/clearchox.com\/de\/wp-json\/wp\/v2\/product_tag?post=163"}],"curies":[{"name":"wp","href":"https:\/\/api.w.org\/{rel}","templated":true}]}}