{"id":176,"date":"2016-04-12T00:00:00","date_gmt":"2016-04-12T00:00:00","guid":{"rendered":"https:\/\/clearchox.com\/product\/georgia-ramon-melkchocolade-koffie-en-cacao-nibs-55-bio\/"},"modified":"2026-04-23T07:34:09","modified_gmt":"2026-04-23T07:34:09","slug":"georgia-ramon-melkchocolade-koffie-en-cacao-nibs-55-bio","status":"publish","type":"product","link":"https:\/\/clearchox.com\/de\/shop\/georgia-ramon-melkchocolade-koffie-en-cacao-nibs-55-bio\/","title":{"rendered":"Georgia Ramon Kaffee und Kakao-Nibs 55% Milchschokolade BIO"},"content":{"rendered":"<p>Conchiert mit verfl\u00fcssigten Kaffeebohnen der Sorte Bench Maji aus \u00c4thiopien. \u00a0Die aus den Urw\u00e4ldern \u00c4thiopiens stammende Arabicapflanze verbreitete sich \u00fcber die ganze Welt und gilt als Urahn aller heutigen Arabica-Sorten. Ger\u00f6stet von Caff\u00e8 a Casa in \u00a0Wien harmoniert die Kaffee-Schokolade sehr gut mit den knusprig ger\u00f6steten Kakao-Nibs.<br \/>\nDie verwendete Schokolade ist ein\u00a0Blend 55% von Kakao aus der Dominikanischen Republik und aus Ghana (ABOCFA Kooperation).<\/p>\n<p><strong>Zutaten<br \/>\n<\/strong>Kakaobutter, Kakaomasse, Voll<span style=\"color: #993300\"><em><strong>milch<\/strong><\/em><\/span>pulver, Rohrohrzucker, Kaffeebohnen &#8222;Bench Maji&#8220; (7%)<\/p>\n<p>Garantiert glutenfrei<br \/>\n<strong><span style=\"color: #993300\">Kann Spuren von Schalenfr\u00fcchten enthalten.<\/span><\/strong><\/p>\n<table width=\"593\">\n<tbody>\n<tr>\n<td width=\"333\"><strong>N\u00e4hrwerte<\/strong><\/td>\n<td width=\"260\"><strong>Per 100 g<\/strong><\/td>\n<\/tr>\n<tr>\n<td>Energie<\/td>\n<td>526 kcal\/2202 kj<\/td>\n<\/tr>\n<tr>\n<td>Fett<\/td>\n<td>44g<\/td>\n<\/tr>\n<tr>\n<td>davon ges\u00e4ttigte Fetts\u00e4uren<\/td>\n<td>27g<\/td>\n<\/tr>\n<tr>\n<td>Kohlenhydrate<\/td>\n<td>27g<\/td>\n<\/tr>\n<tr>\n<td>davon Zucker<\/td>\n<td>26g<\/td>\n<\/tr>\n<tr>\n<td>Eiweiss<\/td>\n<td>7g<\/td>\n<\/tr>\n<tr>\n<td>Salz<\/td>\n<td>0.18g<\/td>\n<\/tr>\n<\/tbody>\n<\/table>\n<p>&nbsp;<\/p>\n","protected":false},"excerpt":{"rendered":"<p>In dieser Vollmilch-Schokolade ist das ganze Aroma der Kaffeebohne enthalten. Die Kaffeebohnen (Bench Maji) werden solange gemahlen bis sie sich verfl\u00fcssigen. Kaffee in seinem edelsten Zustand. Die ger\u00f6steten Kakao-Nibs aus der Dominikanischen Republik verleihen zus\u00e4tzlich einen nussigen Geschmack.<\/p>\n","protected":false},"featured_media":177,"comment_status":"open","ping_status":"closed","template":"","meta":[],"product_brand":[77],"product_cat":[735,754,733,15],"product_tag":[],"class_list":{"0":"post-176","1":"product","2":"type-product","3":"status-publish","4":"has-post-thumbnail","6":"product_brand-georgia-ramon","7":"product_cat-bio","8":"product_cat-herkunftschokolade","9":"product_cat-preistraeger","10":"product_cat-schokolade","11":"product_shipping_class-16","12":"infinite-scroll-item","13":"resize-featured-image","14":"sales-flash-overlay","15":"woocommerce-text-align-center","16":"woocommerce-image-align-center","18":"first","19":"instock","20":"shipping-taxable","21":"purchasable","22":"product-type-simple"},"_links":{"self":[{"href":"https:\/\/clearchox.com\/de\/wp-json\/wp\/v2\/product\/176","targetHints":{"allow":["GET"]}}],"collection":[{"href":"https:\/\/clearchox.com\/de\/wp-json\/wp\/v2\/product"}],"about":[{"href":"https:\/\/clearchox.com\/de\/wp-json\/wp\/v2\/types\/product"}],"replies":[{"embeddable":true,"href":"https:\/\/clearchox.com\/de\/wp-json\/wp\/v2\/comments?post=176"}],"wp:featuredmedia":[{"embeddable":true,"href":"https:\/\/clearchox.com\/de\/wp-json\/wp\/v2\/media\/177"}],"wp:attachment":[{"href":"https:\/\/clearchox.com\/de\/wp-json\/wp\/v2\/media?parent=176"}],"wp:term":[{"taxonomy":"product_brand","embeddable":true,"href":"https:\/\/clearchox.com\/de\/wp-json\/wp\/v2\/product_brand?post=176"},{"taxonomy":"product_cat","embeddable":true,"href":"https:\/\/clearchox.com\/de\/wp-json\/wp\/v2\/product_cat?post=176"},{"taxonomy":"product_tag","embeddable":true,"href":"https:\/\/clearchox.com\/de\/wp-json\/wp\/v2\/product_tag?post=176"}],"curies":[{"name":"wp","href":"https:\/\/api.w.org\/{rel}","templated":true}]}}