{"id":193,"date":"2016-07-21T00:00:00","date_gmt":"2016-07-21T00:00:00","guid":{"rendered":"https:\/\/clearchox.com\/product\/georgia-ramon-brazilie-73-bio\/"},"modified":"2026-04-24T11:03:18","modified_gmt":"2026-04-24T11:03:18","slug":"georgia-ramon-brazilie-73-bio","status":"publish","type":"product","link":"https:\/\/clearchox.com\/de\/shop\/georgia-ramon-brazilie-73-bio\/","title":{"rendered":"Georgia Ramon Brasilien 73% BIO"},"content":{"rendered":"<p>Der Kakao f\u00fcr diese Tafel ist von der Sorte Trinitario und stammt aus dem brasilianischen Amazonas. Er wird von COOPOAM, der <a href=\"https:\/\/www.facebook.com\/Cooperativa-de-Produtos-Org%C3%A2nicos-da-Amaz%C3%B4nia-Coopoam-478365076000212\/\" target=\"_blank\" rel=\"noopener noreferrer\"><strong>Coo<\/strong>perativa de <strong>P<\/strong>rodutos <strong>O<\/strong>rg\u00e2nicos da <strong>Am<\/strong>az\u00f4nia<\/a>\u00a0geliefert.<\/p>\n<p>Die Kooperative hat ihren Sitz auf der Rodovia Transamaz\u00f4nica bei Kilometer 100. Diese Stra\u00dfe f\u00fchrt mitten durch den Amazonas-Regenwald. Der Kakaobaum, der hier oben abgebildet ist, liegt noch weitere 30 km tiefer im Regenwald und geh\u00f6rt zum Einzugsgebiet der Kooperative.<\/p>\n<p><strong>Zutaten: <\/strong>Kakaomasse Brasilien, Rohrohrzucker, Kakaobutter<br \/>\n<strong>Aroma<\/strong>: Rote Fr\u00fcchte, tropische Fr\u00fcchte, Honig, Rum.<\/p>\n<p>Garantiert glutenfrei, vegan<br \/>\n<span style=\"color: #993300\"><strong>Kann Spuren von Schalenfr\u00fcchten und Milch enthalten.<\/strong><\/span><\/p>\n<table border=\"0\" width=\"593\" cellspacing=\"0\" cellpadding=\"0\">\n<colgroup>\n<col width=\"333\" \/>\n<col width=\"260\" \/><\/colgroup>\n<tbody>\n<tr>\n<td class=\"xl68\" width=\"333\" height=\"15\"><strong>N\u00e4hrwerte<\/strong><\/td>\n<td class=\"xl66\" width=\"260\"><strong>pro\u00a0100 g<\/strong><\/td>\n<\/tr>\n<tr>\n<td class=\"xl64\" height=\"15\">Energie<\/td>\n<td class=\"xl65\">545 kcal\/2282 kj<\/td>\n<\/tr>\n<tr>\n<td class=\"xl64\" height=\"15\">Fett<\/td>\n<td class=\"xl65\">42 g<\/td>\n<\/tr>\n<tr>\n<td class=\"xl64\" height=\"15\">davon ges\u00e4ttigte Fetts\u00e4uren<\/td>\n<td class=\"xl65\">25 g<\/td>\n<\/tr>\n<tr>\n<td class=\"xl64\" height=\"15\">Kohlenhydrate<\/td>\n<td class=\"xl65\">32 g<\/td>\n<\/tr>\n<tr>\n<td class=\"xl64\" height=\"15\">davon Zucker<\/td>\n<td class=\"xl65\">27 g<\/td>\n<\/tr>\n<tr>\n<td class=\"xl64\" height=\"15\">Eiweiss<\/td>\n<td class=\"xl65\">12 g<\/td>\n<\/tr>\n<tr>\n<td class=\"xl67\" height=\"15\">Salz<\/td>\n<td class=\"xl63\">0.01 g<\/td>\n<\/tr>\n<\/tbody>\n<\/table>\n<p>EAN: 4260441821237<\/p>\n","protected":false},"excerpt":{"rendered":"<p>Eine tolle Tafel aromatischen Trinitario-Kakaos, aus dem Amazonas von Brasilien. Sie bringt all die Noten eines exotischen Fruchtcocktails zu Vorschein. Brasilien kann nicht nur g\u00f6ttlichen Fu\u00dfball, hier w\u00e4chst auch sehr geschmackvoller Kakao.<\/p>\n","protected":false},"featured_media":83813,"comment_status":"open","ping_status":"closed","template":"","meta":[],"product_brand":[77],"product_cat":[735,15,736],"product_tag":[],"class_list":{"0":"post-193","1":"product","2":"type-product","3":"status-publish","4":"has-post-thumbnail","6":"product_brand-georgia-ramon","7":"product_cat-bio","8":"product_cat-schokolade","9":"product_cat-vegan","10":"product_shipping_class-16","11":"infinite-scroll-item","12":"resize-featured-image","13":"sales-flash-overlay","14":"woocommerce-text-align-center","15":"woocommerce-image-align-center","16":"wc-has-gallery","18":"first","19":"instock","20":"shipping-taxable","21":"purchasable","22":"product-type-simple"},"_links":{"self":[{"href":"https:\/\/clearchox.com\/de\/wp-json\/wp\/v2\/product\/193","targetHints":{"allow":["GET"]}}],"collection":[{"href":"https:\/\/clearchox.com\/de\/wp-json\/wp\/v2\/product"}],"about":[{"href":"https:\/\/clearchox.com\/de\/wp-json\/wp\/v2\/types\/product"}],"replies":[{"embeddable":true,"href":"https:\/\/clearchox.com\/de\/wp-json\/wp\/v2\/comments?post=193"}],"wp:featuredmedia":[{"embeddable":true,"href":"https:\/\/clearchox.com\/de\/wp-json\/wp\/v2\/media\/83813"}],"wp:attachment":[{"href":"https:\/\/clearchox.com\/de\/wp-json\/wp\/v2\/media?parent=193"}],"wp:term":[{"taxonomy":"product_brand","embeddable":true,"href":"https:\/\/clearchox.com\/de\/wp-json\/wp\/v2\/product_brand?post=193"},{"taxonomy":"product_cat","embeddable":true,"href":"https:\/\/clearchox.com\/de\/wp-json\/wp\/v2\/product_cat?post=193"},{"taxonomy":"product_tag","embeddable":true,"href":"https:\/\/clearchox.com\/de\/wp-json\/wp\/v2\/product_tag?post=193"}],"curies":[{"name":"wp","href":"https:\/\/api.w.org\/{rel}","templated":true}]}}