{"id":241,"date":"2017-03-23T00:00:00","date_gmt":"2017-03-23T00:00:00","guid":{"rendered":"https:\/\/clearchox.com\/product\/morin-peru-chanchamayo-100\/"},"modified":"2026-02-25T15:18:37","modified_gmt":"2026-02-25T15:18:37","slug":"morin-peru-chanchamayo-100","status":"publish","type":"product","link":"https:\/\/clearchox.com\/de\/shop\/morin-peru-chanchamayo-100\/","title":{"rendered":"Morin Peru Chanchamayo 100% BIO"},"content":{"rendered":"<p><span lang=\"DE\">Diese Kakaoplantagen befinden sich im Zentrum des Landes, in den Ausl<\/span><span lang=\"DE\">\u00e4<\/span><span lang=\"DE\">ufern der Anden. Sie sind daher ziemlich h<\/span><span lang=\"DE\">\u00fc<\/span><span lang=\"DE\">gelig und die Kakaob<\/span><span lang=\"DE\">\u00e4<\/span><span lang=\"DE\">ume wachsen im Schatten von bis zu 30 Meter hohen tropischen W<\/span><span lang=\"DE\">\u00e4<\/span><span lang=\"DE\">ldern. Die meisten Pflanzungen haben B\u00e4ume ausges\u00e4t. <\/span><span lang=\"DE\">Die Weiterverarbeitung der Bohnen geschieht im Kollektiv. Jeder Kakaobauer erbringt seine Ernte, Fermentation und Trocknung erfolgen gemeinsam. Die Anbauweise ist rein biologisch.<\/span><\/p>\n<p><span lang=\"DE\"><strong>Geschmack<\/strong>: <\/span><span lang=\"DE\"><span lang=\"EN-US\">Ges<\/span><span lang=\"EN-US\">\u00e4<\/span><span lang=\"ES-TRAD\">uerte Fr<\/span><span lang=\"EN-US\">\u00fc<\/span><span lang=\"EN-US\">chte<\/span><\/span><span lang=\"DE\"><br \/>\n<\/span><b>Zutaten<\/b>:\u00a0<span lang=\"DE\">Kakaomasse aus Kakaobohnen<\/span><\/p>\n<p><span style=\"color: #993300;\"><strong><span lang=\"DE\">Kann Spuren von Milch, N<\/span><span lang=\"DE\">\u00fc<\/span><span lang=\"DE\">ssen und Sesam enthalten<\/span><\/strong><\/span><\/p>\n<table width=\"593\">\n<tbody>\n<tr>\n<td width=\"333\"><strong>Nutritional values\/N\u00e4hrwerte\/Voedingswaarde\/Valeurs nutritionnelles<br \/>\n<\/strong><\/td>\n<td width=\"260\"><strong>per\/pro\/per\/pour 100 g<\/strong><\/td>\n<\/tr>\n<tr>\n<td>Energy\/Energie\/Valeur \u00e9nerg\u00e9tique<\/td>\n<td>672 kCal \/ 2782 kJ<\/td>\n<\/tr>\n<tr>\n<td>Fat\/Fett\/Vet\/Lipides<\/td>\n<td>57.5 g<\/td>\n<\/tr>\n<tr>\n<td>of which saturated\/davon ges\u00e4ttigte Fetts\u00e4uren\/waarvan verzadigd\/dont acides gras satur\u00e9s<\/td>\n<td>34.9 g<\/td>\n<\/tr>\n<tr>\n<td>Carbohydrates\/Kohlenhydrate\/Koolhydraten\/Glucides<\/td>\n<td>26.3 g<\/td>\n<\/tr>\n<tr>\n<td>of which sugar\/davon Zucker\/waarvan suiker\/dont sucre<\/td>\n<td>3.9 g<\/td>\n<\/tr>\n<tr>\n<td>Proteins\/Eiweiss\/Eiwitten\/Prot\u00e9ines<\/td>\n<td>12.2 g<\/td>\n<\/tr>\n<tr>\n<td>Salt\/Salz\/Zout\/Sel<\/td>\n<td>0.03 g<\/td>\n<\/tr>\n<\/tbody>\n<\/table>\n","protected":false},"excerpt":{"rendered":"<p>In der Mitte des Landes angebaut, pr\u00e4sentiert sich dieser Kakao mit kr\u00e4ftigen fruchtigen Noten von Zitrusfr\u00fcchten, getrockneten Fr\u00fcchten, Mandeln und Haseln\u00fcssen.<\/p>\n","protected":false},"featured_media":83899,"comment_status":"open","ping_status":"closed","template":"","meta":[],"product_brand":[79],"product_cat":[735,754,733,15,736],"product_tag":[],"class_list":{"0":"post-241","1":"product","2":"type-product","3":"status-publish","4":"has-post-thumbnail","6":"product_brand-chocolaterie-a-morin","7":"product_cat-bio","8":"product_cat-herkunftschokolade","9":"product_cat-preistraeger","10":"product_cat-schokolade","11":"product_cat-vegan","12":"product_shipping_class-16","13":"infinite-scroll-item","14":"resize-featured-image","15":"sales-flash-overlay","16":"woocommerce-text-align-center","17":"woocommerce-image-align-center","18":"wc-has-gallery","20":"first","21":"outofstock","22":"shipping-taxable","23":"purchasable","24":"product-type-simple"},"_links":{"self":[{"href":"https:\/\/clearchox.com\/de\/wp-json\/wp\/v2\/product\/241","targetHints":{"allow":["GET"]}}],"collection":[{"href":"https:\/\/clearchox.com\/de\/wp-json\/wp\/v2\/product"}],"about":[{"href":"https:\/\/clearchox.com\/de\/wp-json\/wp\/v2\/types\/product"}],"replies":[{"embeddable":true,"href":"https:\/\/clearchox.com\/de\/wp-json\/wp\/v2\/comments?post=241"}],"wp:featuredmedia":[{"embeddable":true,"href":"https:\/\/clearchox.com\/de\/wp-json\/wp\/v2\/media\/83899"}],"wp:attachment":[{"href":"https:\/\/clearchox.com\/de\/wp-json\/wp\/v2\/media?parent=241"}],"wp:term":[{"taxonomy":"product_brand","embeddable":true,"href":"https:\/\/clearchox.com\/de\/wp-json\/wp\/v2\/product_brand?post=241"},{"taxonomy":"product_cat","embeddable":true,"href":"https:\/\/clearchox.com\/de\/wp-json\/wp\/v2\/product_cat?post=241"},{"taxonomy":"product_tag","embeddable":true,"href":"https:\/\/clearchox.com\/de\/wp-json\/wp\/v2\/product_tag?post=241"}],"curies":[{"name":"wp","href":"https:\/\/api.w.org\/{rel}","templated":true}]}}