{"id":273,"date":"2017-06-06T00:00:00","date_gmt":"2017-06-06T00:00:00","guid":{"rendered":"https:\/\/clearchox.com\/product\/naive-super-dark-rough-ground-80-bio\/"},"modified":"2026-04-24T11:03:31","modified_gmt":"2026-04-24T11:03:31","slug":"naive-super-dark-rough-ground-80-bio","status":"publish","type":"product","link":"https:\/\/clearchox.com\/de\/shop\/naive-super-dark-rough-ground-80-bio\/","title":{"rendered":"Naive Rough Ground 75%"},"content":{"rendered":"<div>\n<p>Subtropische N\u00e4chte sind so au\u00dfergew\u00f6hnlich dunkel! Wenn man \u00fcberhaupt nichts sehen kann, sch\u00e4rfen sich andere Sinne: Man h\u00f6rt deutlicher und riecht intensiver. Ein Mitternachtsorchester von V\u00f6geln, Insekten und wilden Tieren begr\u00fc\u00dft die Dunkelheit mit ihren hohen Melodien. H\u00f6rt man sorgf\u00e4ltig hin, verwandelt sich die Disharmonie in die sch\u00f6nste Melodie, die man je geh\u00f6rt hat. Inhalieren sie die Aromen von all diesen exotischen Blumen und Pflanzen. Geschmack!! Die Aromen des Dschungels werden ihnen helfen, die Nacht zu verstehen.<\/p>\n<\/div>\n<h2>Equator-Kollektion<\/h2>\n<p>Chocolatier Domantas Uzpalis sagt dazu: \u201eF\u00fcr mich\u00a0bedeutet die Equator-Kollektion, Zutaten zu verwenden, die aus einem einzigen \u00d6kosystem kommen.\u00a0Weil \u00d6kosysteme seinen Pflanzen das Leben aus seinen\u00a0Mineralien, Wasser und B\u00f6den spenden, weil die\u00a0Pflanzen,\u00a0die gemeinsam gedeihen, gut zusammen schmecken.\u00a0Jede Schokolade aus dieser Kollektion besteht ausschlie\u00dflich aus Zutaten, die in der umliegenden\u00a0Region\u00a0des\u00a0\u00c4quators angebaut werden. Vermischt\u00a0mit hellen und intensiven Aromen entwickelte sich diese hausgemachte tropische Schokolade.<br \/>\nFreunde, lasst euch auf\u00a0ein Dschungelabenteuer ein!&#8220;<\/p>\n<p>Die von Domantas verwendeten Kakaobohnen sind eine spezielle, hausgemachte Mischung aus Bohnen hervorragender Qualit\u00e4t, die derzeit gr\u00f6\u00dftenteils aus Venezuela stammen.<\/p>\n<p><strong>Zutaten<\/strong>: Kakao*, Zucker*, Kakaobutter*<br \/>\n* wild oder naturbelassener Anbau!<\/p>\n<p><span style=\"color: #993300;\"><strong>Kann Spuren von Schalenfr\u00fcchten, Erdn\u00fcssen, Sesam\u00a0und Milch enthalten.<\/strong><\/span><\/p>\n<table border=\"0\" width=\"593\" cellspacing=\"0\" cellpadding=\"0\">\n<colgroup>\n<col width=\"333\" \/>\n<col width=\"260\" \/><\/colgroup>\n<tbody>\n<tr>\n<td class=\"xl68\" width=\"333\" height=\"15\"><strong>N\u00e4hrwerte<\/strong><\/td>\n<td class=\"xl66\" width=\"260\"><strong>pro\u00a0100 g<\/strong><\/td>\n<\/tr>\n<tr>\n<td class=\"xl64\" height=\"15\">Energie<\/td>\n<td class=\"xl65\">599\u00a0kcal\/\u00a02506 kj<\/td>\n<\/tr>\n<tr>\n<td class=\"xl64\" height=\"15\">Fett<\/td>\n<td class=\"xl65\">43\u00a0g<\/td>\n<\/tr>\n<tr>\n<td class=\"xl64\" height=\"15\">davon ges\u00e4ttigte Fetts\u00e4uren<\/td>\n<td class=\"xl65\">25,5\u00a0g<\/td>\n<\/tr>\n<tr>\n<td class=\"xl64\" height=\"15\">Kohlenhydrate<\/td>\n<td class=\"xl65\">38\u00a0g<\/td>\n<\/tr>\n<tr>\n<td class=\"xl64\" height=\"15\">davon Zucker<\/td>\n<td class=\"xl65\">33\u00a0g<\/td>\n<\/tr>\n<tr>\n<td class=\"xl64\" height=\"15\">Eiweiss<\/td>\n<td class=\"xl65\">9,5\u00a0g<\/td>\n<\/tr>\n<tr>\n<td class=\"xl67\" height=\"15\">Salz<\/td>\n<td class=\"xl63\">0,017 g<\/td>\n<\/tr>\n<\/tbody>\n<\/table>\n<p>&nbsp;<\/p>\n","protected":false},"excerpt":{"rendered":"<p>Den BIO-Kakao von El Ceibo verwandelt Domantas Uzpalis in puren Genuss. Die 80% Tafel weist fruchtig ger\u00f6stet-herbe Aromen auf. Zum Abklang setzen sich Aromen von Kaffee und Pflaumen langsam frei. Ein Gaumenspektakel, das Freude macht.<\/p>\n","protected":false},"featured_media":130867,"comment_status":"open","ping_status":"closed","template":"","meta":[],"product_brand":[100],"product_cat":[15,736],"product_tag":[],"class_list":{"0":"post-273","1":"product","2":"type-product","3":"status-publish","4":"has-post-thumbnail","6":"product_brand-naive","7":"product_cat-schokolade","8":"product_cat-vegan","9":"product_shipping_class-16","10":"infinite-scroll-item","11":"resize-featured-image","12":"sales-flash-overlay","13":"woocommerce-text-align-center","14":"woocommerce-image-align-center","15":"wc-has-gallery","17":"first","18":"instock","19":"shipping-taxable","20":"purchasable","21":"product-type-simple"},"_links":{"self":[{"href":"https:\/\/clearchox.com\/de\/wp-json\/wp\/v2\/product\/273","targetHints":{"allow":["GET"]}}],"collection":[{"href":"https:\/\/clearchox.com\/de\/wp-json\/wp\/v2\/product"}],"about":[{"href":"https:\/\/clearchox.com\/de\/wp-json\/wp\/v2\/types\/product"}],"replies":[{"embeddable":true,"href":"https:\/\/clearchox.com\/de\/wp-json\/wp\/v2\/comments?post=273"}],"wp:featuredmedia":[{"embeddable":true,"href":"https:\/\/clearchox.com\/de\/wp-json\/wp\/v2\/media\/130867"}],"wp:attachment":[{"href":"https:\/\/clearchox.com\/de\/wp-json\/wp\/v2\/media?parent=273"}],"wp:term":[{"taxonomy":"product_brand","embeddable":true,"href":"https:\/\/clearchox.com\/de\/wp-json\/wp\/v2\/product_brand?post=273"},{"taxonomy":"product_cat","embeddable":true,"href":"https:\/\/clearchox.com\/de\/wp-json\/wp\/v2\/product_cat?post=273"},{"taxonomy":"product_tag","embeddable":true,"href":"https:\/\/clearchox.com\/de\/wp-json\/wp\/v2\/product_tag?post=273"}],"curies":[{"name":"wp","href":"https:\/\/api.w.org\/{rel}","templated":true}]}}