{"id":274,"date":"2017-06-06T00:00:00","date_gmt":"2017-06-06T00:00:00","guid":{"rendered":"https:\/\/clearchox.com\/product\/naive-golden-berry-bio\/"},"modified":"2026-04-20T06:58:47","modified_gmt":"2026-04-20T06:58:47","slug":"naive-golden-berry-und-banana","status":"publish","type":"product","link":"https:\/\/clearchox.com\/de\/shop\/naive-golden-berry-und-banana\/","title":{"rendered":"Naive Golden Berry und Banane 62% Milchschokolade"},"content":{"rendered":"<div>\n<p>Mit hellem Orange in der Farbe recken die kleinen Tomaten leise ihren gr\u00fcnen Schnurrbart in den hellen Himmel. Die Melodie ihrer Reife und S\u00e4ure ist so gut, dass sie G\u00e4nsehaut verursacht und den Geist in einen Zustand der Trance versetzt. Knusprige St\u00fccke der Physalis kitzeln die Zunge, w\u00e4hrend die reiche dunkle Milchschokolade auf ihr schmilzt und sich alles vermischt. Dies ist ein echter Inka Schokoriegel &#8211; s\u00fc\u00df und sauer zugleich. Verbunden mit der Cremigkeit von bester Weidekuhmilch und Banane schmeicheln die Aromen dem Gaumen und der G\u00f6tter. Manche Leute denken sogar, dass es ein 3000-j\u00e4hriges Rezept ist, das von den Inkag\u00f6ttern selbst erfunden wurde!<\/p>\n<\/div>\n<h2>Equator-Kollektion<\/h2>\n<p>Chocolatier Domantas Uzpalis sagt dazu: \u201eF\u00fcr mich\u00a0bedeutet die Equator-Kollektion, Zutaten zu verwenden, die aus einem einzigen \u00d6kosystem kommen.\u00a0Weil \u00d6kosysteme seinen Pflanzen das Leben aus seinen\u00a0Mineralien, Wasser und B\u00f6den spenden, weil die\u00a0Pflanzen,\u00a0die gemeinsam gedeihen, gut zusammen schmecken.\u00a0Jede Schokolade aus dieser Kollektion besteht ausschlie\u00dflich aus Zutaten, die in der umliegenden\u00a0Region\u00a0des\u00a0\u00c4quators angebaut werden. Vermischt\u00a0mit hellen und intensiven Aromen entwickelte sich diese hausgemachte tropische Schokolade.<br \/>\nFreunde, lasst euch auf\u00a0ein Dschungelabenteuer ein!&#8220;<\/p>\n<p>Die von Domantas verwendeten Kakaobohnen sind eine spezielle, hausgemachte Mischung aus Bohnen hervorragender Qualit\u00e4t, die derzeit gr\u00f6\u00dftenteils aus Venezuela stammen.<span id=\"result_box\" lang=\"de\"><\/span><span id=\"t-served-community-button\" class=\"trans-verified-button goog-toolbar-button\"><\/span><\/p>\n<p><strong>Zutaten<\/strong>: Kakaomasse*, Rohrzucker*, Kakaobutter*, <strong><em>Milch<\/em><\/strong>pulver*, Physalis*, Banane*.<\/p>\n<p>* = wild oder naturbelassener Anbau<\/p>\n<p><span style=\"color: #993300;\"><strong>Enth\u00e4lt Milch. Kann Spuren von Schalenfr\u00fcchten, Erdn\u00fcsse und Weizen enthalten.<\/strong><\/span><\/p>\n<table border=\"0\" width=\"593\" cellspacing=\"0\" cellpadding=\"0\">\n<colgroup>\n<col width=\"333\" \/>\n<col width=\"260\" \/><\/colgroup>\n<tbody>\n<tr>\n<td class=\"xl68\" width=\"333\" height=\"15\"><strong>N\u00e4hrwerte<\/strong><\/td>\n<td class=\"xl66\" width=\"260\"><strong>pro\u00a0100 g<\/strong><\/td>\n<\/tr>\n<tr>\n<td class=\"xl64\" height=\"15\">Energie<\/td>\n<td class=\"xl65\">560 kcal\/2320 kj<\/td>\n<\/tr>\n<tr>\n<td class=\"xl64\" height=\"15\">Fett<\/td>\n<td class=\"xl65\">34 g<\/td>\n<\/tr>\n<tr>\n<td class=\"xl64\" height=\"15\">davon ges\u00e4ttigte Fetts\u00e4uren<\/td>\n<td class=\"xl65\">17,5 g<\/td>\n<\/tr>\n<tr>\n<td class=\"xl64\" height=\"15\">Kohlenhydrate<\/td>\n<td class=\"xl65\">53 g<\/td>\n<\/tr>\n<tr>\n<td class=\"xl64\" height=\"15\">davon Zucker<\/td>\n<td class=\"xl65\">36 g<\/td>\n<\/tr>\n<tr>\n<td class=\"xl64\" height=\"15\">Eiweiss<\/td>\n<td class=\"xl65\">7.5 g<\/td>\n<\/tr>\n<tr>\n<td class=\"xl67\" height=\"15\">Salz<\/td>\n<td class=\"xl63\">20 mg<\/td>\n<\/tr>\n<\/tbody>\n<\/table>\n<p>&nbsp;<\/p>\n","protected":false},"excerpt":{"rendered":"<p>In dieser Tafel wird das vielf\u00e4ltig fruchtige Kakaoaroma ohne Misst\u00f6ne mit den exotischen Zitrusnoten der Physalis unterstrichen. Gepaart mit Banane und Milch schmeichelt es dem Gaumen und rundet die fruchtigen Aromen ab. Eine wahrlich g\u00f6ttliche Speise.<\/p>\n","protected":false},"featured_media":132930,"comment_status":"open","ping_status":"closed","template":"","meta":[],"product_brand":[100],"product_cat":[15],"product_tag":[1237,1181,1236,1213,1235],"class_list":{"0":"post-274","1":"product","2":"type-product","3":"status-publish","4":"has-post-thumbnail","6":"product_brand-naive","7":"product_cat-schokolade","8":"product_tag-banana","9":"product_tag-banane","10":"product_tag-golden-berry","11":"product_tag-milch","12":"product_tag-physalis","13":"product_shipping_class-16","14":"infinite-scroll-item","15":"resize-featured-image","16":"sales-flash-overlay","17":"woocommerce-text-align-center","18":"woocommerce-image-align-center","19":"wc-has-gallery","21":"first","22":"instock","23":"shipping-taxable","24":"purchasable","25":"product-type-simple"},"_links":{"self":[{"href":"https:\/\/clearchox.com\/de\/wp-json\/wp\/v2\/product\/274","targetHints":{"allow":["GET"]}}],"collection":[{"href":"https:\/\/clearchox.com\/de\/wp-json\/wp\/v2\/product"}],"about":[{"href":"https:\/\/clearchox.com\/de\/wp-json\/wp\/v2\/types\/product"}],"replies":[{"embeddable":true,"href":"https:\/\/clearchox.com\/de\/wp-json\/wp\/v2\/comments?post=274"}],"wp:featuredmedia":[{"embeddable":true,"href":"https:\/\/clearchox.com\/de\/wp-json\/wp\/v2\/media\/132930"}],"wp:attachment":[{"href":"https:\/\/clearchox.com\/de\/wp-json\/wp\/v2\/media?parent=274"}],"wp:term":[{"taxonomy":"product_brand","embeddable":true,"href":"https:\/\/clearchox.com\/de\/wp-json\/wp\/v2\/product_brand?post=274"},{"taxonomy":"product_cat","embeddable":true,"href":"https:\/\/clearchox.com\/de\/wp-json\/wp\/v2\/product_cat?post=274"},{"taxonomy":"product_tag","embeddable":true,"href":"https:\/\/clearchox.com\/de\/wp-json\/wp\/v2\/product_tag?post=274"}],"curies":[{"name":"wp","href":"https:\/\/api.w.org\/{rel}","templated":true}]}}