{"id":275,"date":"2017-06-07T00:00:00","date_gmt":"2017-06-07T00:00:00","guid":{"rendered":"https:\/\/clearchox.com\/product\/naive-peanut-butter-pindakaas-bio\/"},"modified":"2026-03-30T14:53:24","modified_gmt":"2026-03-30T14:53:24","slug":"naive-peanut-butter-pindakaas-bio","status":"publish","type":"product","link":"https:\/\/clearchox.com\/de\/shop\/naive-peanut-butter-pindakaas-bio\/","title":{"rendered":"Naive Peanut Butter (Erdnussbutter) 42%"},"content":{"rendered":"<div>\n<p><strong>Milchschokolade mit Erdnussbutter<\/strong><br \/>\nDiese Erdnussbutter Schokolade wird vom Teufel selbst gemacht. Die Schokolade ist mit dem Horn des Teufels vermischt und ist so verf\u00fchrerisch, dass das Rezept in die Liste der gr\u00f6\u00dften Welts\u00fcnden aufgenommen wurde. Fast vier Tage lang wird die Erdnussbutter von Jungfrauen gepeitscht und geschlagen und am f\u00fcnften Tag wohnt Lucifer dem Prozess der Schokoladenherstellung bei. Die g\u00f6ttlichen Tr\u00e4nen der jungfr\u00e4ulichen M\u00e4dchen mischen sich mit dem Fegefeuer und aus dieser Tat der Entjungferung ist die Erdnussbutter Schokoladentafel geboren. So verflucht gut &#8230;<\/p>\n<\/div>\n<h2>Equator-Kollektion<\/h2>\n<p>Chocolatier Domantas Uzpalis sagt dazu: \u201eF\u00fcr mich\u00a0bedeutet die Equator-Kollektion, Zutaten zu verwenden, die aus einem einzigen \u00d6kosystem kommen.\u00a0Weil \u00d6kosysteme seinen Pflanzen das Leben aus seinen\u00a0Mineralien, Wasser und B\u00f6den spenden, weil die\u00a0Pflanzen,\u00a0die gemeinsam gedeihen, gut zusammen schmecken.\u00a0Jede Schokolade aus dieser Kollektion besteht ausschlie\u00dflich aus Zutaten, die in der umliegenden\u00a0Region\u00a0des\u00a0\u00c4quators angebaut werden. Vermischt\u00a0mit hellen und intensiven Aromen entwickelte sich diese hausgemachte tropische Schokolade.<br \/>\nFreunde, lasst euch auf\u00a0ein Dschungelabenteuer ein!&#8220;<\/p>\n<p>Die von Domantas verwendeten Kakaobohnen sind eine spezielle, hausgemachte Mischung aus Bohnen hervorragender Qualit\u00e4t, die derzeit gr\u00f6\u00dftenteils aus Venezuela stammen.<span id=\"result_box\" lang=\"de\"><\/span><span id=\"t-served-community-button\" class=\"trans-verified-button goog-toolbar-button\"><\/span><\/p>\n<p><strong>Zutaten<\/strong>: Kakao* (42%), Zucker*, Kakaobutter*, <em><strong><span style=\"color: #800000;\">Milch<\/span><\/strong>pulver<\/em> von Weidek\u00fchen, <span style=\"color: #800000;\"><strong><em>Erdn\u00fcsse<\/em><\/strong><\/span>*, Meersalz<br \/>\n* wild oder naturbelassener Anbau!<\/p>\n<p><span style=\"color: #993300;\"><strong>Kann Spuren von Schalenfr\u00fcchten und\u00a0Sesam\u00a0enthalten.<\/strong><\/span><\/p>\n<table border=\"0\" width=\"593\" cellspacing=\"0\" cellpadding=\"0\">\n<colgroup>\n<col width=\"333\" \/>\n<col width=\"260\" \/><\/colgroup>\n<tbody>\n<tr>\n<td class=\"xl68\" width=\"333\" height=\"15\"><strong>N\u00e4hrwerte<\/strong><\/td>\n<td class=\"xl66\" width=\"260\"><strong>pro\u00a0100 g<\/strong><\/td>\n<\/tr>\n<tr>\n<td class=\"xl64\" height=\"15\">Energie<\/td>\n<td class=\"xl65\">727,5\u00a0kcal\/\u00a02243 kj<\/td>\n<\/tr>\n<tr>\n<td class=\"xl64\" height=\"15\">Fett<\/td>\n<td class=\"xl65\">41,8\u00a0g<\/td>\n<\/tr>\n<tr>\n<td class=\"xl64\" height=\"15\">davon ges\u00e4ttigte Fetts\u00e4uren<\/td>\n<td class=\"xl65\">22,8\u00a0g<\/td>\n<\/tr>\n<tr>\n<td class=\"xl64\" height=\"15\">Kohlenhydrate<\/td>\n<td class=\"xl65\">34\u00a0g<\/td>\n<\/tr>\n<tr>\n<td class=\"xl64\" height=\"15\">davon Zucker<\/td>\n<td class=\"xl65\">28,5 g<\/td>\n<\/tr>\n<tr>\n<td class=\"xl64\" height=\"15\">Eiweiss<\/td>\n<td class=\"xl65\">7,5\u00a0g<\/td>\n<\/tr>\n<tr>\n<td class=\"xl67\" height=\"15\">Salz<\/td>\n<td class=\"xl63\">0,285 g<\/td>\n<\/tr>\n<\/tbody>\n<\/table>\n<p>&nbsp;<\/p>\n","protected":false},"excerpt":{"rendered":"<p>Diese 42% Milchschokolade h\u00e4lt, was ihr Name verspricht. Wunderbar zart-cremig schmilzt diese Erdnusstafel mit Karamell-s\u00fc\u00dfen und buttrigen Kakaoaromen. Man ist versucht sie sofort zu verspeisen. So verflucht gut ist sie.<\/p>\n","protected":false},"featured_media":83954,"comment_status":"open","ping_status":"closed","template":"","meta":[],"product_brand":[100],"product_cat":[754,733,15],"product_tag":[1234],"class_list":{"0":"post-275","1":"product","2":"type-product","3":"status-publish","4":"has-post-thumbnail","6":"product_brand-naive","7":"product_cat-herkunftschokolade","8":"product_cat-preistraeger","9":"product_cat-schokolade","10":"product_tag-erdnussbutter","11":"product_shipping_class-16","12":"infinite-scroll-item","13":"resize-featured-image","14":"sales-flash-overlay","15":"woocommerce-text-align-center","16":"woocommerce-image-align-center","17":"wc-has-gallery","19":"first","20":"outofstock","21":"shipping-taxable","22":"purchasable","23":"product-type-simple"},"_links":{"self":[{"href":"https:\/\/clearchox.com\/de\/wp-json\/wp\/v2\/product\/275","targetHints":{"allow":["GET"]}}],"collection":[{"href":"https:\/\/clearchox.com\/de\/wp-json\/wp\/v2\/product"}],"about":[{"href":"https:\/\/clearchox.com\/de\/wp-json\/wp\/v2\/types\/product"}],"replies":[{"embeddable":true,"href":"https:\/\/clearchox.com\/de\/wp-json\/wp\/v2\/comments?post=275"}],"wp:featuredmedia":[{"embeddable":true,"href":"https:\/\/clearchox.com\/de\/wp-json\/wp\/v2\/media\/83954"}],"wp:attachment":[{"href":"https:\/\/clearchox.com\/de\/wp-json\/wp\/v2\/media?parent=275"}],"wp:term":[{"taxonomy":"product_brand","embeddable":true,"href":"https:\/\/clearchox.com\/de\/wp-json\/wp\/v2\/product_brand?post=275"},{"taxonomy":"product_cat","embeddable":true,"href":"https:\/\/clearchox.com\/de\/wp-json\/wp\/v2\/product_cat?post=275"},{"taxonomy":"product_tag","embeddable":true,"href":"https:\/\/clearchox.com\/de\/wp-json\/wp\/v2\/product_tag?post=275"}],"curies":[{"name":"wp","href":"https:\/\/api.w.org\/{rel}","templated":true}]}}