{"id":280,"date":"2017-06-08T00:00:00","date_gmt":"2017-06-08T00:00:00","guid":{"rendered":"https:\/\/clearchox.com\/product\/naive-porcini\/"},"modified":"2026-04-23T07:34:17","modified_gmt":"2026-04-23T07:34:17","slug":"naive-porcini","status":"publish","type":"product","link":"https:\/\/clearchox.com\/de\/shop\/naive-porcini\/","title":{"rendered":"Naive Porcini 62%"},"content":{"rendered":"<p><strong>Schokolade mit Steinpilzen<\/strong><br \/>\nDomantas sagt: &#8222;Die Steinpilz-Schokolade ist eine meiner patentierten Geschmackskombinationen, die durch reinen Zufall entstanden ist. Es ist eine Verk\u00f6rperung der Naive Forager Kollektion, die niemanden gleichg\u00fcltig l\u00e4sst. Ich sammle die wilden Steinpilze, trockne und kombiniere sie durch eine speziell von mir entwickelten Methode mit samtiger Schokolade. Nimm dir ruhig ein wenig und umarme deine abenteuerliche Seite!&#8220;<\/p>\n<h2>Forager-Kollektion<\/h2>\n<p>Chocolatier Domantas Uzpalis\u00a0sagt dazu: \u201eDie Forager-Kollektion ist wahnsinnig experimentell und vielschichtig. Zuerst nehme ich alle Zutaten auseinander. Dann kombiniere ich sie wieder zu einer Art Schokoladentafel mit &#8222;patentierten&#8220; Aromen.\u00a0Mit dieser Kollektion habe ich eine neue Methode geschaffen Aromen in Schokolade einzubringen.<br \/>\nDie Verwendung von lokal authentischen und intensiven Zutaten verfeinert die Schokolade, wodurch sich der komplexe Prozess des Empfindens f\u00fcr Wohlgeschmack nat\u00fcrlich verl\u00e4ngert. Eine Kakao-Komposition.&#8220;<\/p>\n<p>Die von Domantas verwendeten Kakaobohnen sind eine spezielle, hausgemachte Mischung aus Bohnen hervorragender Qualit\u00e4t, die derzeit gr\u00f6\u00dftenteils aus Venezuela stammen.<span id=\"result_box\" lang=\"de\"><\/span><\/p>\n<p><strong>Zutaten<\/strong>: Kakaomasse* (62%), Zucker*, Kakaobutter*, <span style=\"color: #800000;\"><strong><em>Milch<\/em><\/strong><\/span>pulver von Weidek\u00fchen*, wilde Steinpilze<br \/>\n* wild oder naturbelassener Anbau!<\/p>\n<p><span style=\"color: #993300;\"><strong>Kann Spuren von Schalenfr\u00fcchten,\u00a0Sesam und\u00a0N\u00fcssen enthalten.<\/strong><\/span><\/p>\n<table border=\"0\" width=\"593\" cellspacing=\"0\" cellpadding=\"0\">\n<colgroup>\n<col width=\"333\" \/>\n<col width=\"260\" \/><\/colgroup>\n<tbody>\n<tr>\n<td class=\"xl68\" width=\"333\" height=\"15\"><strong>N\u00e4hrwerte<\/strong><\/td>\n<td class=\"xl66\" width=\"260\"><strong>pro\u00a0100 g<\/strong><\/td>\n<\/tr>\n<tr>\n<td class=\"xl64\" height=\"15\">Energie<\/td>\n<td class=\"xl65\">570 kcal\/\u00a02396 kj<\/td>\n<\/tr>\n<tr>\n<td class=\"xl64\" height=\"15\">Fett<\/td>\n<td class=\"xl65\">38\u00a0g<\/td>\n<\/tr>\n<tr>\n<td class=\"xl64\" height=\"15\">davon ges\u00e4ttigte Fetts\u00e4uren<\/td>\n<td class=\"xl65\">23,1\u00a0g<\/td>\n<\/tr>\n<tr>\n<td class=\"xl64\" height=\"15\">Kohlenhydrate<\/td>\n<td class=\"xl65\">44 g<\/td>\n<\/tr>\n<tr>\n<td class=\"xl64\" height=\"15\">davon Zucker<\/td>\n<td class=\"xl65\">27\u00a0g<\/td>\n<\/tr>\n<tr>\n<td class=\"xl64\" height=\"15\">Eiweiss<\/td>\n<td class=\"xl65\">5,9\u00a0g<\/td>\n<\/tr>\n<tr>\n<td class=\"xl67\" height=\"15\">Salz<\/td>\n<td class=\"xl63\">0,0437 g<\/td>\n<\/tr>\n<\/tbody>\n<\/table>\n<p>&nbsp;<\/p>\n","protected":false},"excerpt":{"rendered":"<p>Der Duft und Geschmack von edlen Steinpilzen schmiegt sich rund und \u00fcberraschend harmonisch um die zarte Milchschokolade. Lassen Sie die Schokolade gen\u00fc\u00dflich auf der Zunge zergehen, dann entfalten sich die wunderbaren Aromen nach und nach.<\/p>\n","protected":false},"featured_media":83966,"comment_status":"open","ping_status":"closed","template":"","meta":[],"product_brand":[100],"product_cat":[15],"product_tag":[1227,1228],"class_list":{"0":"post-280","1":"product","2":"type-product","3":"status-publish","4":"has-post-thumbnail","6":"product_brand-naive","7":"product_cat-schokolade","8":"product_tag-porcini","9":"product_tag-steinpilze","10":"product_shipping_class-16","11":"infinite-scroll-item","12":"resize-featured-image","13":"sales-flash-overlay","14":"woocommerce-text-align-center","15":"woocommerce-image-align-center","16":"wc-has-gallery","18":"first","19":"instock","20":"shipping-taxable","21":"purchasable","22":"product-type-simple"},"_links":{"self":[{"href":"https:\/\/clearchox.com\/de\/wp-json\/wp\/v2\/product\/280","targetHints":{"allow":["GET"]}}],"collection":[{"href":"https:\/\/clearchox.com\/de\/wp-json\/wp\/v2\/product"}],"about":[{"href":"https:\/\/clearchox.com\/de\/wp-json\/wp\/v2\/types\/product"}],"replies":[{"embeddable":true,"href":"https:\/\/clearchox.com\/de\/wp-json\/wp\/v2\/comments?post=280"}],"wp:featuredmedia":[{"embeddable":true,"href":"https:\/\/clearchox.com\/de\/wp-json\/wp\/v2\/media\/83966"}],"wp:attachment":[{"href":"https:\/\/clearchox.com\/de\/wp-json\/wp\/v2\/media?parent=280"}],"wp:term":[{"taxonomy":"product_brand","embeddable":true,"href":"https:\/\/clearchox.com\/de\/wp-json\/wp\/v2\/product_brand?post=280"},{"taxonomy":"product_cat","embeddable":true,"href":"https:\/\/clearchox.com\/de\/wp-json\/wp\/v2\/product_cat?post=280"},{"taxonomy":"product_tag","embeddable":true,"href":"https:\/\/clearchox.com\/de\/wp-json\/wp\/v2\/product_tag?post=280"}],"curies":[{"name":"wp","href":"https:\/\/api.w.org\/{rel}","templated":true}]}}