{"id":354,"date":"2018-02-14T00:00:00","date_gmt":"2018-02-14T00:00:00","guid":{"rendered":"https:\/\/clearchox.com\/product\/krakakoa-saludengen-sulawesi-75\/"},"modified":"2026-02-19T08:04:40","modified_gmt":"2026-02-19T08:04:40","slug":"krakakoa-saludengen-sulawesi-75","status":"publish","type":"product","link":"https:\/\/clearchox.com\/de\/shop\/krakakoa-saludengen-sulawesi-75\/","title":{"rendered":"Krakakoa &#8211; Saludengen Sulawesi 75%"},"content":{"rendered":"<p>Dieser Kakao, der in West Sulawesi kultiviert wird, ist ein Geschenk der Wildnis: entlang gr\u00fcner H\u00fcgel und verzweigter Wasserwege gelegen, wird das Dorf Saludengen nach dem Monsun wiederbelebt. Die Erde, die die F\u00fclle der Kakaob\u00e4ume der Insel ern\u00e4hrt ist abgek\u00fchlt.<\/p>\n<p><strong>Zutaten<\/strong>: Kakaomasse, Rohrzucker, Kakaobutter<br \/>\n<strong>Aroma<\/strong>: Schwarzer Tee, Zeder, Hopfen<\/p>\n<p><span style=\"color: #993300\"><strong>Kann Spuren von Milch und Schalenfr\u00fcchten enthalten.<\/strong><\/span><\/p>\n<table border=\"0\" width=\"593\" cellspacing=\"0\" cellpadding=\"0\">\n<colgroup>\n<col width=\"333\" \/>\n<col width=\"260\" \/><\/colgroup>\n<tbody>\n<tr>\n<td class=\"xl68\" width=\"333\" height=\"15\"><strong>N\u00e4hrwerte<\/strong><\/td>\n<td class=\"xl66\" width=\"260\"><strong>pro\u00a0100 g<\/strong><\/td>\n<\/tr>\n<tr>\n<td class=\"xl64\" height=\"15\">Energie<\/td>\n<td class=\"xl65\">620 kCal\/2604 kJ<\/td>\n<\/tr>\n<tr>\n<td class=\"xl64\" height=\"15\">Fett<\/td>\n<td class=\"xl65\">46 g<\/td>\n<\/tr>\n<tr>\n<td class=\"xl64\" height=\"15\">davon ges\u00e4ttigte Fetts\u00e4uren<\/td>\n<td class=\"xl65\">34 g<\/td>\n<\/tr>\n<tr>\n<td class=\"xl64\" height=\"15\">Kohlenhydrate<\/td>\n<td class=\"xl65\">44 g<\/td>\n<\/tr>\n<tr>\n<td class=\"xl64\" height=\"15\">davon Zucker<\/td>\n<td class=\"xl65\">28 g<\/td>\n<\/tr>\n<tr>\n<td class=\"xl64\" height=\"15\">Eiweiss<\/td>\n<td class=\"xl65\">8 g<\/td>\n<\/tr>\n<tr>\n<td class=\"xl67\" height=\"15\">Salz<\/td>\n<td class=\"xl63\">0 g<\/td>\n<\/tr>\n<\/tbody>\n<\/table>\n<p>&nbsp;<\/p>\n","protected":false},"excerpt":{"rendered":"<p>In 2017 ausgezeichnet von der Academy of Chocolate mit der Silbermedaille. Sulawesi hat eine einzigartige Natur mit asiatischen und australischen Eigenschaften. Und in dieser Natur w\u00e4chst eine F\u00fclle von gro\u00dfartigem Kakao.<\/p>\n","protected":false},"featured_media":84070,"comment_status":"open","ping_status":"open","template":"","meta":[],"product_brand":[105],"product_cat":[754,733,15,736],"product_tag":[],"class_list":{"0":"post-354","1":"product","2":"type-product","3":"status-publish","4":"has-post-thumbnail","6":"product_brand-krakakoa","7":"product_cat-herkunftschokolade","8":"product_cat-preistraeger","9":"product_cat-schokolade","10":"product_cat-vegan","11":"product_shipping_class-16","12":"infinite-scroll-item","13":"resize-featured-image","14":"sales-flash-overlay","15":"woocommerce-text-align-center","16":"woocommerce-image-align-center","17":"wc-has-gallery","19":"first","20":"outofstock","21":"shipping-taxable","22":"purchasable","23":"product-type-simple"},"_links":{"self":[{"href":"https:\/\/clearchox.com\/de\/wp-json\/wp\/v2\/product\/354","targetHints":{"allow":["GET"]}}],"collection":[{"href":"https:\/\/clearchox.com\/de\/wp-json\/wp\/v2\/product"}],"about":[{"href":"https:\/\/clearchox.com\/de\/wp-json\/wp\/v2\/types\/product"}],"replies":[{"embeddable":true,"href":"https:\/\/clearchox.com\/de\/wp-json\/wp\/v2\/comments?post=354"}],"wp:featuredmedia":[{"embeddable":true,"href":"https:\/\/clearchox.com\/de\/wp-json\/wp\/v2\/media\/84070"}],"wp:attachment":[{"href":"https:\/\/clearchox.com\/de\/wp-json\/wp\/v2\/media?parent=354"}],"wp:term":[{"taxonomy":"product_brand","embeddable":true,"href":"https:\/\/clearchox.com\/de\/wp-json\/wp\/v2\/product_brand?post=354"},{"taxonomy":"product_cat","embeddable":true,"href":"https:\/\/clearchox.com\/de\/wp-json\/wp\/v2\/product_cat?post=354"},{"taxonomy":"product_tag","embeddable":true,"href":"https:\/\/clearchox.com\/de\/wp-json\/wp\/v2\/product_tag?post=354"}],"curies":[{"name":"wp","href":"https:\/\/api.w.org\/{rel}","templated":true}]}}