{"id":361,"date":"2018-02-16T00:00:00","date_gmt":"2018-02-16T00:00:00","guid":{"rendered":"https:\/\/clearchox.com\/product\/krakakoa-geschenkverpakking\/"},"modified":"2026-01-29T14:53:59","modified_gmt":"2026-01-29T14:53:59","slug":"krakakoa-geschenkverpakking","status":"publish","type":"product","link":"https:\/\/clearchox.com\/de\/shop\/krakakoa-geschenkverpakking\/","title":{"rendered":"Krakakoa &#8211; Geschenkverpackung"},"content":{"rendered":"<p><a href=\"\/?p=50707\" target=\"_blank\" rel=\"noopener noreferrer\">Krakakoa Ingwer<\/a><br \/>\n<a href=\"\/?p=50753\" target=\"_blank\" rel=\"noopener noreferrer\">Krakakoa Zimt<\/a><br \/>\n<a href=\"\/?p=50746\" target=\"_blank\" rel=\"noopener noreferrer\">Krakakoa Kaffee<\/a><br \/>\n<a href=\"\/?p=50748\" target=\"_blank\" rel=\"noopener noreferrer\">Krakakoa Chili<\/a><br \/>\n<a href=\"\/?p=50757\" target=\"_blank\" rel=\"noopener noreferrer\">Krakakoa Meersalz &amp; Pfeffer<\/a><\/p>\n","protected":false},"excerpt":{"rendered":"<p>Indonesien in einer Schachtel &#8211; Die f\u00fcnf wunderbar aromatisierten Tafeln von Krakakoa zusammen in einer Verpackung. Das ist ein sehr sch\u00f6nes Geschenk f\u00fcr den wahren Schokoladenliebhaber.<\/p>\n","protected":false},"featured_media":130444,"comment_status":"open","ping_status":"closed","template":"","meta":[],"product_brand":[105],"product_cat":[754,733,15,736],"product_tag":[],"class_list":{"0":"post-361","1":"product","2":"type-product","3":"status-publish","4":"has-post-thumbnail","6":"product_brand-krakakoa","7":"product_cat-herkunftschokolade","8":"product_cat-preistraeger","9":"product_cat-schokolade","10":"product_cat-vegan","11":"product_shipping_class-16","12":"infinite-scroll-item","13":"resize-featured-image","14":"sales-flash-overlay","15":"woocommerce-text-align-center","16":"woocommerce-image-align-center","17":"wc-has-gallery","19":"first","20":"outofstock","21":"shipping-taxable","22":"purchasable","23":"product-type-simple"},"_links":{"self":[{"href":"https:\/\/clearchox.com\/de\/wp-json\/wp\/v2\/product\/361","targetHints":{"allow":["GET"]}}],"collection":[{"href":"https:\/\/clearchox.com\/de\/wp-json\/wp\/v2\/product"}],"about":[{"href":"https:\/\/clearchox.com\/de\/wp-json\/wp\/v2\/types\/product"}],"replies":[{"embeddable":true,"href":"https:\/\/clearchox.com\/de\/wp-json\/wp\/v2\/comments?post=361"}],"wp:featuredmedia":[{"embeddable":true,"href":"https:\/\/clearchox.com\/de\/wp-json\/wp\/v2\/media\/130444"}],"wp:attachment":[{"href":"https:\/\/clearchox.com\/de\/wp-json\/wp\/v2\/media?parent=361"}],"wp:term":[{"taxonomy":"product_brand","embeddable":true,"href":"https:\/\/clearchox.com\/de\/wp-json\/wp\/v2\/product_brand?post=361"},{"taxonomy":"product_cat","embeddable":true,"href":"https:\/\/clearchox.com\/de\/wp-json\/wp\/v2\/product_cat?post=361"},{"taxonomy":"product_tag","embeddable":true,"href":"https:\/\/clearchox.com\/de\/wp-json\/wp\/v2\/product_tag?post=361"}],"curies":[{"name":"wp","href":"https:\/\/api.w.org\/{rel}","templated":true}]}}