{"id":380,"date":"2018-07-13T00:00:00","date_gmt":"2018-07-13T00:00:00","guid":{"rendered":"https:\/\/clearchox.com\/product\/georgia-ramon-schaduwmelk-75-bio\/"},"modified":"2026-04-20T07:58:33","modified_gmt":"2026-04-20T07:58:33","slug":"georgia-ramon-schaduwmelk-75-bio","status":"publish","type":"product","link":"https:\/\/clearchox.com\/de\/shop\/georgia-ramon-schaduwmelk-75-bio\/","title":{"rendered":"Georgia Ramon Schattenmilch 75% BIO"},"content":{"rendered":"<p>Wer glaubt Milchschokolade h\u00f6rt bei Georgia Ramon mit einem Kakaoanteil von 55% auf, wird hier eines Besseren belehrt. Der aromatisch-fruchtige Kakao aus der Dominikanischen Republik, von <a href=\"https:\/\/www.uncommoncacao.com\/oko-caribe\/\" target=\"_blank\" rel=\"noopener noreferrer\">\u00d6ko Caribe<\/a> wird hochprozentig verarbeitet. Der ebenfalls hohe Milchanteil von 25% schafft einen Ausgleich zum kraftvollen Kakaoaroma. Und das Zusammenspiel funktioniert \u00fcberraschend harmonisch, obwohl oder vielleicht gerade weil g\u00e4nzlich auf Zucker verzichtet wird. Der pure Schokoladengeschmack gewinnt auf der Zunge an Cremigkeit und zarter S\u00fc\u00dfe.<\/p>\n<p><strong>Zutaten: <\/strong>Kakaomasse, Voll<span style=\"color: #993300\"><em><strong>milch<\/strong><\/em><\/span>pulver (25%), Kakaobutter &#8211; <span style=\"color: #993300\"><em><strong>also ohne Zuckerzusatz<\/strong><\/em><\/span><\/p>\n<p><strong>Aromaprofil<\/strong>: Cremig aromatisch mit Noten von roten Trauben, Pflaumen und Honig.<\/p>\n<p>Garantiert glutenfrei<br \/>\n<span style=\"color: #993300\"><strong>Enth\u00e4lt Milch. Kann Spuren von Eier, Schalenfr\u00fcchten und Erdn\u00fcssen enthalten.<\/strong><\/span><\/p>\n<table width=\"593\">\n<tbody>\n<tr>\n<td width=\"333\">N\u00e4hrwerte\/Nutritional values<\/td>\n<td width=\"260\">Per 100 g<\/td>\n<\/tr>\n<tr>\n<td>Energie\/Energy<\/td>\n<td>580 kcal\/2427 kJ<\/td>\n<\/tr>\n<tr>\n<td>Fett\/Fat<\/td>\n<td>51 g<\/td>\n<\/tr>\n<tr>\n<td>davon ges\u00e4ttigte Fetts\u00e4uren\/of that saturated fatty acids<\/td>\n<td>30 g<\/td>\n<\/tr>\n<tr>\n<td>Kohlenhydrate\/Carbohydrates<\/td>\n<td>15 g<\/td>\n<\/tr>\n<tr>\n<td>davon Zucker\/of that sugar<\/td>\n<td>10 g<\/td>\n<\/tr>\n<tr>\n<td>Eiweiss\/Protein<\/td>\n<td>18 g<\/td>\n<\/tr>\n<tr>\n<td>Salz\/Salt<\/td>\n<td>0.23 g<\/td>\n<\/tr>\n<\/tbody>\n<\/table>\n<p>&nbsp;<\/p>\n","protected":false},"excerpt":{"rendered":"<p>Noch dunkler geht es kaum noch. Ohne Zucker hergestellt, stellt diese 75% Milchschokolade alles in den Schatten. Cremig und kraftvoll zugleich ziehen sich scheinbare Gegens\u00e4tze an, wie Yin und Yang.<\/p>\n","protected":false},"featured_media":381,"comment_status":"open","ping_status":"closed","template":"","meta":[],"product_brand":[77],"product_cat":[735,15],"product_tag":[],"class_list":{"0":"post-380","1":"product","2":"type-product","3":"status-publish","4":"has-post-thumbnail","6":"product_brand-georgia-ramon","7":"product_cat-bio","8":"product_cat-schokolade","9":"product_shipping_class-16","10":"infinite-scroll-item","11":"resize-featured-image","12":"sales-flash-overlay","13":"woocommerce-text-align-center","14":"woocommerce-image-align-center","16":"first","17":"instock","18":"shipping-taxable","19":"purchasable","20":"product-type-simple"},"_links":{"self":[{"href":"https:\/\/clearchox.com\/de\/wp-json\/wp\/v2\/product\/380","targetHints":{"allow":["GET"]}}],"collection":[{"href":"https:\/\/clearchox.com\/de\/wp-json\/wp\/v2\/product"}],"about":[{"href":"https:\/\/clearchox.com\/de\/wp-json\/wp\/v2\/types\/product"}],"replies":[{"embeddable":true,"href":"https:\/\/clearchox.com\/de\/wp-json\/wp\/v2\/comments?post=380"}],"wp:featuredmedia":[{"embeddable":true,"href":"https:\/\/clearchox.com\/de\/wp-json\/wp\/v2\/media\/381"}],"wp:attachment":[{"href":"https:\/\/clearchox.com\/de\/wp-json\/wp\/v2\/media?parent=380"}],"wp:term":[{"taxonomy":"product_brand","embeddable":true,"href":"https:\/\/clearchox.com\/de\/wp-json\/wp\/v2\/product_brand?post=380"},{"taxonomy":"product_cat","embeddable":true,"href":"https:\/\/clearchox.com\/de\/wp-json\/wp\/v2\/product_cat?post=380"},{"taxonomy":"product_tag","embeddable":true,"href":"https:\/\/clearchox.com\/de\/wp-json\/wp\/v2\/product_tag?post=380"}],"curies":[{"name":"wp","href":"https:\/\/api.w.org\/{rel}","templated":true}]}}