{"id":382,"date":"2018-07-13T00:00:00","date_gmt":"2018-07-13T00:00:00","guid":{"rendered":"https:\/\/clearchox.com\/product\/georgia-ramon-espresso-70-bio\/"},"modified":"2026-04-24T11:03:10","modified_gmt":"2026-04-24T11:03:10","slug":"georgia-ramon-espresso-70-bio","status":"publish","type":"product","link":"https:\/\/clearchox.com\/de\/shop\/georgia-ramon-espresso-70-bio\/","title":{"rendered":"Georgia Ramon Espresso 70% BIO"},"content":{"rendered":"<p>Die Kakaobohnen werden von <a href=\"https:\/\/www.uncommoncacao.com\/oko-caribe\/\" target=\"_blank\" rel=\"noopener noreferrer\">\u00d6KO Caribe<\/a> aus der Dominikanischen Republik bezogen.<\/p>\n<p>Dominikanische Kakaobohnen (von \u00d6ko Caribe) conchiert mit verfl\u00fcssigten Kaffeebohnen, ger\u00f6stet von der <a href=\"https:\/\/www.speicherstadt-kaffee.de\/\" target=\"_blank\" rel=\"noopener noreferrer\">Speicherstadt Kaffeer\u00f6sterei <\/a>in Hamburg. Der Spitzen-Espresso &#8222;<a href=\"https:\/\/www.roastmarket.de\/speicherstadt-il-gusto-espresso-bohnen.html\" target=\"_blank\" rel=\"noopener noreferrer\">Il Gusto<\/a>&#8222;,\u00a0ist ein Blend aus hochwertigen Bio-Robustabohnen aus Indien mit Bio-Arabicasorten aus der Dominikanischen Republik und Brasilien.<\/p>\n<p>Die Espressobohnen wurden solange gemahlen bis sie fl\u00fcssig wurden und dann mit die Kakaobohnen conchiert. In\u00a0dieser dunklen Schokolade ist also das ganze Aroma des Espressos enthalten.<\/p>\n<p><strong>Zutaten:\u00a0<\/strong>Kakaomasse, Rohrohrzucker, Kakaobutter, Kaffeebohnen (9%), Sonnenblumenlecithin.<\/p>\n<p><strong>Aromaprofil<\/strong>: Espresso mit fruchtigen Kakaoaromen<\/p>\n<p>Garantiert glutenfrei<br \/>\n<span style=\"color: #993300\"><strong>Kann Spuren von Eier, Schalenfr\u00fcchten, Erdn\u00fcssen und Milch enthalten.<\/strong><\/span><\/p>\n<table width=\"593\">\n<tbody>\n<tr>\n<td width=\"333\">N\u00e4hrwerte\/Nutritional values<\/td>\n<td width=\"260\">Per 100 g<\/td>\n<\/tr>\n<tr>\n<td>Energie\/Energy<\/td>\n<td>540 kcal\/2260 kJ<\/td>\n<\/tr>\n<tr>\n<td>Fett\/Fat<\/td>\n<td>43 g<\/td>\n<\/tr>\n<tr>\n<td>davon ges\u00e4ttigte Fetts\u00e4uren\/of that saturated fatty acids<\/td>\n<td>25 g<\/td>\n<\/tr>\n<tr>\n<td>Kohlenhydrate\/Carbohydrates<\/td>\n<td>26 g<\/td>\n<\/tr>\n<tr>\n<td>davon Zucker\/of that sugar<\/td>\n<td>21 g<\/td>\n<\/tr>\n<tr>\n<td>Eiweiss\/Protein<\/td>\n<td>11 g<\/td>\n<\/tr>\n<tr>\n<td>Salz\/Salt<\/td>\n<td>0.01 g<\/td>\n<\/tr>\n<\/tbody>\n<\/table>\n<p>&nbsp;<\/p>\n","protected":false},"excerpt":{"rendered":"<p>Die Espressobohnen wurden solange gemahlen bis sie sich verfl\u00fcssigen und mit der aromatischen Schokolade eine Einheit bilden. So gut kann Espresso schmecken.<\/p>\n","protected":false},"featured_media":383,"comment_status":"open","ping_status":"closed","template":"","meta":[],"product_brand":[77],"product_cat":[735,15,736],"product_tag":[],"class_list":{"0":"post-382","1":"product","2":"type-product","3":"status-publish","4":"has-post-thumbnail","6":"product_brand-georgia-ramon","7":"product_cat-bio","8":"product_cat-schokolade","9":"product_cat-vegan","10":"product_shipping_class-16","11":"infinite-scroll-item","12":"resize-featured-image","13":"sales-flash-overlay","14":"woocommerce-text-align-center","15":"woocommerce-image-align-center","17":"first","18":"instock","19":"shipping-taxable","20":"purchasable","21":"product-type-simple"},"_links":{"self":[{"href":"https:\/\/clearchox.com\/de\/wp-json\/wp\/v2\/product\/382","targetHints":{"allow":["GET"]}}],"collection":[{"href":"https:\/\/clearchox.com\/de\/wp-json\/wp\/v2\/product"}],"about":[{"href":"https:\/\/clearchox.com\/de\/wp-json\/wp\/v2\/types\/product"}],"replies":[{"embeddable":true,"href":"https:\/\/clearchox.com\/de\/wp-json\/wp\/v2\/comments?post=382"}],"wp:featuredmedia":[{"embeddable":true,"href":"https:\/\/clearchox.com\/de\/wp-json\/wp\/v2\/media\/383"}],"wp:attachment":[{"href":"https:\/\/clearchox.com\/de\/wp-json\/wp\/v2\/media?parent=382"}],"wp:term":[{"taxonomy":"product_brand","embeddable":true,"href":"https:\/\/clearchox.com\/de\/wp-json\/wp\/v2\/product_brand?post=382"},{"taxonomy":"product_cat","embeddable":true,"href":"https:\/\/clearchox.com\/de\/wp-json\/wp\/v2\/product_cat?post=382"},{"taxonomy":"product_tag","embeddable":true,"href":"https:\/\/clearchox.com\/de\/wp-json\/wp\/v2\/product_tag?post=382"}],"curies":[{"name":"wp","href":"https:\/\/api.w.org\/{rel}","templated":true}]}}