{"id":384,"date":"2018-07-23T00:00:00","date_gmt":"2018-07-23T00:00:00","guid":{"rendered":"https:\/\/clearchox.com\/product\/soklet-puur-82\/"},"modified":"2026-04-24T11:03:36","modified_gmt":"2026-04-24T11:03:36","slug":"soklet-puur-82","status":"publish","type":"product","link":"https:\/\/clearchox.com\/de\/shop\/soklet-puur-82\/","title":{"rendered":"Soklet Dunkel 82%"},"content":{"rendered":"<p><strong>vom-Baum-zur-Tafel<br \/>\nNachhaltig angebaut und gewissenhaft hergestellt<br \/>\n<\/strong>Diese Qualit\u00e4tstafel wird aus Kakao hergestellt, der auf unseren eigenen Plantagen, in den Ausl\u00e4ufern des Anamalais gedeiht. Dort selektieren und fermentieren wir das Beste heraus, bevor es in pure Schokolade verwandelt wird. Altbew\u00e4hrte Methoden stellen den vollendeten Geschmack von Soklet sicher, sodass man ein luxuri\u00f6ses Mundgef\u00fchl gewinnt. Soklet verk\u00f6rpert das Beste aller nat\u00fcrlichen feinen indischen Schokoladen, damit Sie den wahren Geschmack des Terroirs genie\u00dfen k\u00f6nnen.<\/p>\n<p>Im Jahr 2017 erhielten sie den <a href=\"http:\/\/www.cocoaofexcellence.org\/\" target=\"_blank\" rel=\"noopener noreferrer\">Cocoa of Excellence Award<\/a>, der u.a. von <a href=\"https:\/\/www.bioversityinternational.org\/\" target=\"_blank\" rel=\"noopener noreferrer\">Biodiversity International<\/a> vergeben wurde. Das ist etwas ganz besonderes!<\/p>\n<p><strong>Zutaten:\u00a0<\/strong>Kakaomasse, Kakaobutter, Rohrohrzucker,<\/p>\n<p><strong>Aromaprofil<\/strong>: w\u00fcrzig, Zeder, Lakritz, fruchtiger Nachgeschmack<\/p>\n<p><span style=\"color: #993300\"><strong>Kann Spuren von Schalenfr\u00fcchten, Erdn\u00fcssen und Milch enthalten.<\/strong><\/span><\/p>\n<table width=\"593\">\n<tbody>\n<tr>\n<td width=\"333\">N\u00e4hrwerte\/Nutritional values<\/td>\n<td width=\"260\">Per 100 g<\/td>\n<\/tr>\n<tr>\n<td>Energie\/Energy<\/td>\n<td>549 kcal\/2299 kJ<\/td>\n<\/tr>\n<tr>\n<td>Fett\/Fat<\/td>\n<td>33,70 g<\/td>\n<\/tr>\n<tr>\n<td>davon ges\u00e4ttigte Fetts\u00e4uren\/of that saturated fatty acids<\/td>\n<td>10,11 g<\/td>\n<\/tr>\n<tr>\n<td>Kohlenhydrate\/Carbohydrates<\/td>\n<td>47,67 g<\/td>\n<\/tr>\n<tr>\n<td>davon Zucker\/of that sugar<\/td>\n<td>20,80 g<\/td>\n<\/tr>\n<tr>\n<td>Eiweiss\/Protein<\/td>\n<td>14,10 g<\/td>\n<\/tr>\n<tr>\n<td>Salz\/Salt<\/td>\n<td>0 mg<\/td>\n<\/tr>\n<\/tbody>\n<\/table>\n<p>&nbsp;<\/p>\n","protected":false},"excerpt":{"rendered":"<p>Vollmundige, dunkle Schokolade vom Fu\u00dfe der Anamalais Mountains. W\u00fcrziger, reicher Geschmack mit Noten von Zedernholz, Lakritz und einem fruchtigen Nachgeschmack. Topqualit\u00e4t aus Indien.<\/p>\n","protected":false},"featured_media":84103,"comment_status":"open","ping_status":"open","template":"","meta":[],"product_brand":[108],"product_cat":[754,15,736],"product_tag":[],"class_list":{"0":"post-384","1":"product","2":"type-product","3":"status-publish","4":"has-post-thumbnail","6":"product_brand-soklet","7":"product_cat-herkunftschokolade","8":"product_cat-schokolade","9":"product_cat-vegan","10":"product_shipping_class-16","11":"infinite-scroll-item","12":"resize-featured-image","13":"sales-flash-overlay","14":"woocommerce-text-align-center","15":"woocommerce-image-align-center","16":"wc-has-gallery","18":"first","19":"instock","20":"shipping-taxable","21":"purchasable","22":"product-type-simple"},"_links":{"self":[{"href":"https:\/\/clearchox.com\/de\/wp-json\/wp\/v2\/product\/384","targetHints":{"allow":["GET"]}}],"collection":[{"href":"https:\/\/clearchox.com\/de\/wp-json\/wp\/v2\/product"}],"about":[{"href":"https:\/\/clearchox.com\/de\/wp-json\/wp\/v2\/types\/product"}],"replies":[{"embeddable":true,"href":"https:\/\/clearchox.com\/de\/wp-json\/wp\/v2\/comments?post=384"}],"wp:featuredmedia":[{"embeddable":true,"href":"https:\/\/clearchox.com\/de\/wp-json\/wp\/v2\/media\/84103"}],"wp:attachment":[{"href":"https:\/\/clearchox.com\/de\/wp-json\/wp\/v2\/media?parent=384"}],"wp:term":[{"taxonomy":"product_brand","embeddable":true,"href":"https:\/\/clearchox.com\/de\/wp-json\/wp\/v2\/product_brand?post=384"},{"taxonomy":"product_cat","embeddable":true,"href":"https:\/\/clearchox.com\/de\/wp-json\/wp\/v2\/product_cat?post=384"},{"taxonomy":"product_tag","embeddable":true,"href":"https:\/\/clearchox.com\/de\/wp-json\/wp\/v2\/product_tag?post=384"}],"curies":[{"name":"wp","href":"https:\/\/api.w.org\/{rel}","templated":true}]}}