{"id":385,"date":"2018-07-23T00:00:00","date_gmt":"2018-07-23T00:00:00","guid":{"rendered":"https:\/\/clearchox.com\/product\/soklet-puur-70\/"},"modified":"2026-03-23T08:27:54","modified_gmt":"2026-03-23T08:27:54","slug":"soklet-puur-70","status":"publish","type":"product","link":"https:\/\/clearchox.com\/de\/shop\/soklet-puur-70\/","title":{"rendered":"Soklet Dunkel 70%"},"content":{"rendered":"<p><strong>vom-Baum-zur-Tafel<br \/>\nNachhaltig angebaut und gewissenhaft hergestellt<br \/>\n<\/strong>Diese Qualit\u00e4tstafel wird aus Kakao hergestellt, der auf unseren eigenen Plantagen, in den Ausl\u00e4ufern des Anamalais gedeiht. Dort selektieren und fermentieren wir das Beste heraus, bevor es in pure Schokolade verwandelt wird. Altbew\u00e4hrte Methoden stellen den vollendeten Geschmack von Soklet sicher, sodass man ein luxuri\u00f6ses Mundgef\u00fchl gewinnt. Soklet verk\u00f6rpert das Beste aller nat\u00fcrlichen feinen indischen Schokoladen, damit Sie den wahren Geschmack des Terroirs genie\u00dfen k\u00f6nnen.<\/p>\n<p>Im Jahr 2017 erhielten sie den <a href=\"http:\/\/www.cocoaofexcellence.org\/\" target=\"_blank\" rel=\"noopener noreferrer\">Cocoa of Excellence Award<\/a>, der u.a. von <a href=\"https:\/\/www.bioversityinternational.org\/\" target=\"_blank\" rel=\"noopener noreferrer\">Biodiversity International<\/a> vergeben wurde. Das ist etwas ganz besonderes!<\/p>\n<p><strong>Zutaten:\u00a0<\/strong>Kakaomasse, Rohrzucker<\/p>\n<p><strong>Aromaprofil<\/strong>: Kaffee, Lakritz, Paran\u00fcsse<\/p>\n<p><span style=\"color: #993300\"><strong>Kann Spuren von Schalenfr\u00fcchten, Erdn\u00fcssen und Milch enthalten.<\/strong><\/span><\/p>\n<table width=\"593\">\n<tbody>\n<tr>\n<td width=\"333\">N\u00e4hrwerte\/Nutritional values<\/td>\n<td width=\"260\">Per 100 g<\/td>\n<\/tr>\n<tr>\n<td>Energie\/Energy<\/td>\n<td>547 kcal\/2288 kJ<\/td>\n<\/tr>\n<tr>\n<td>Fett\/Fat<\/td>\n<td>32 g<\/td>\n<\/tr>\n<tr>\n<td>davon ges\u00e4ttigte Fetts\u00e4uren\/of that saturated fatty acids<\/td>\n<td>9,6 g<\/td>\n<\/tr>\n<tr>\n<td>Kohlenhydrate\/Carbohydrates<\/td>\n<td>52,18 g<\/td>\n<\/tr>\n<tr>\n<td>davon Zucker\/of that sugar<\/td>\n<td>23,6 g<\/td>\n<\/tr>\n<tr>\n<td>Eiweiss\/Protein<\/td>\n<td>12,7 g<\/td>\n<\/tr>\n<tr>\n<td>Salz\/Salt<\/td>\n<td>0 mg<\/td>\n<\/tr>\n<\/tbody>\n<\/table>\n<p>&nbsp;<\/p>\n","protected":false},"excerpt":{"rendered":"<p>Voll und reich, diese dunkle Schokolade. Als ob sie die Natur einf\u00e4ngt. W\u00fcrziger, milder Geschmack mit Noten von Kaffee und Paran\u00fcssen. Eine K\u00f6stlichkeit aus Indien.<\/p>\n","protected":false},"featured_media":84110,"comment_status":"open","ping_status":"open","template":"","meta":[],"product_brand":[108],"product_cat":[754,733,15,736],"product_tag":[],"class_list":{"0":"post-385","1":"product","2":"type-product","3":"status-publish","4":"has-post-thumbnail","6":"product_brand-soklet","7":"product_cat-herkunftschokolade","8":"product_cat-preistraeger","9":"product_cat-schokolade","10":"product_cat-vegan","11":"product_shipping_class-16","12":"infinite-scroll-item","13":"resize-featured-image","14":"sales-flash-overlay","15":"woocommerce-text-align-center","16":"woocommerce-image-align-center","17":"wc-has-gallery","19":"first","20":"outofstock","21":"shipping-taxable","22":"purchasable","23":"product-type-simple"},"_links":{"self":[{"href":"https:\/\/clearchox.com\/de\/wp-json\/wp\/v2\/product\/385","targetHints":{"allow":["GET"]}}],"collection":[{"href":"https:\/\/clearchox.com\/de\/wp-json\/wp\/v2\/product"}],"about":[{"href":"https:\/\/clearchox.com\/de\/wp-json\/wp\/v2\/types\/product"}],"replies":[{"embeddable":true,"href":"https:\/\/clearchox.com\/de\/wp-json\/wp\/v2\/comments?post=385"}],"wp:featuredmedia":[{"embeddable":true,"href":"https:\/\/clearchox.com\/de\/wp-json\/wp\/v2\/media\/84110"}],"wp:attachment":[{"href":"https:\/\/clearchox.com\/de\/wp-json\/wp\/v2\/media?parent=385"}],"wp:term":[{"taxonomy":"product_brand","embeddable":true,"href":"https:\/\/clearchox.com\/de\/wp-json\/wp\/v2\/product_brand?post=385"},{"taxonomy":"product_cat","embeddable":true,"href":"https:\/\/clearchox.com\/de\/wp-json\/wp\/v2\/product_cat?post=385"},{"taxonomy":"product_tag","embeddable":true,"href":"https:\/\/clearchox.com\/de\/wp-json\/wp\/v2\/product_tag?post=385"}],"curies":[{"name":"wp","href":"https:\/\/api.w.org\/{rel}","templated":true}]}}