{"id":403,"date":"2018-07-31T00:00:00","date_gmt":"2018-07-31T00:00:00","guid":{"rendered":"https:\/\/clearchox.com\/product\/kuna-71-napo-2-x-30-gr-bio\/"},"modified":"2026-04-20T07:58:43","modified_gmt":"2026-04-20T07:58:43","slug":"kuna-71-napo-2-x-30-gr-bio","status":"publish","type":"product","link":"https:\/\/clearchox.com\/de\/shop\/kuna-71-napo-2-x-30-gr-bio\/","title":{"rendered":"Kun\u00e1 71% Napo 2 x 30 gr BIO"},"content":{"rendered":"<p>Wie aus dem Nichts gewann Kun\u00e1 2012 den ersten Preis am\u00a0<a href=\"http:\/\/www.anecacao.com\/salon-del-cacao-chocolate-guayaquil-2012\/\" target=\"_blank\" rel=\"noopener noreferrer\">El Salon del Cacao y chocolate Ecuatoriano<\/a>\u00a0in Guayaquil (Ecuador)<\/p>\n<p><strong>Mehr als Fair-Trade<br \/>\n<\/strong>Kuna ist eine Marke\u00a0der ecuadorianischen Firma FreshCosta, die &#8211; nach unseren Ma\u00dfst\u00e4ben &#8211; eine\u00a0bemerkenswerte Sozialpolitik betreibt. Was wir fairen Handel nennen, ist ganz normal in Ecuador. Es\u00a0bedeutet bei Kun\u00e1 soziale Verantwortung &#8211; fest etabliert im gesamten Konzept.\u00a0Das Wohl der Erzeuger, die Schaffung von Arbeitspl\u00e4tzen und der Anbau hochwertigen Kakaos sind wesentliche Bestandteile.<\/p>\n<p><a href=\"https:\/\/clearchox.com\/wp-content\/uploads\/Santa-Rita-bord.jpg\"><img loading=\"lazy\" decoding=\"async\" class=\"wp-image-11892 alignleft\" src=\"https:\/\/clearchox.com\/wp-content\/uploads\/Santa-Rita-bord.jpg\" alt=\"Santa Rita bord\" width=\"134\" height=\"180\" \/><\/a><\/p>\n<p><strong>Eine perfekte 71%<br \/>\n<\/strong>Eine k\u00f6stliche, dunkle Schokolade mit besonders sanftem, reichhaltigem Geschmack. Wir waren angenehm \u00fcberrascht, als wir das erste Mal probieren durften.<\/p>\n<p>Der &#8222;Nacional&#8220; oder &#8222;Arriba&#8220;-Kakao kommt von\u00a0der Kichwa Genossenschaft Asociaci\u00f3n Wi\u00f1ak aus der Unesco Biosph\u00e4re Sumaco.<br \/>\nLesen Sie <a href=\"\/?p=11871\" target=\"_blank\" rel=\"noopener noreferrer\">hier <\/a>die Geschichte unseres Besuches und \u00fcber die wunderbare Philosophie der nat\u00fcrlichen Art von Landwirtschaft, &#8222;Chakra&#8220; genannt .<\/p>\n<p><strong>Geschmack: <\/strong>Tief, reichhaltig und fruchtig im Geschmack, sanft im Mund\u00a0<strong><br \/>\nZutaten<\/strong>: Kakaomasse, Kakaobutter, Panela (unraffinierter Rohrzucker: der Saft der Pflanze wird eingekocht)<\/p>\n<p>&nbsp;<\/p>\n","protected":false},"excerpt":{"rendered":"<p>Kakao aus der Unesco Biosph\u00e4re Sumaco im Amazonas von Ecuador. Die handverlesenen Bohnen stammen von der Kichwa-Genossenschaft Wi\u00f1ak. In dieser aromatischen Schokolade kommen die Aromen des Regenwaldes zur Geltung.\u00a0Kein Baum wurde f\u00fcr die Verpackung gef\u00e4llt. Papier aus Zuckerrohrfasern. Enth\u00e4lt 2 x 30 gr Tafeln.<\/p>\n","protected":false},"featured_media":404,"comment_status":"open","ping_status":"closed","template":"","meta":[],"product_brand":[56],"product_cat":[737,735,754,15,736],"product_tag":[],"class_list":{"0":"post-403","1":"product","2":"type-product","3":"status-publish","4":"has-post-thumbnail","6":"product_brand-kuna","7":"product_cat-allergenfrei","8":"product_cat-bio","9":"product_cat-herkunftschokolade","10":"product_cat-schokolade","11":"product_cat-vegan","12":"product_shipping_class-16","13":"infinite-scroll-item","14":"resize-featured-image","15":"sales-flash-overlay","16":"woocommerce-text-align-center","17":"woocommerce-image-align-center","19":"first","20":"instock","21":"shipping-taxable","22":"purchasable","23":"product-type-simple"},"_links":{"self":[{"href":"https:\/\/clearchox.com\/de\/wp-json\/wp\/v2\/product\/403","targetHints":{"allow":["GET"]}}],"collection":[{"href":"https:\/\/clearchox.com\/de\/wp-json\/wp\/v2\/product"}],"about":[{"href":"https:\/\/clearchox.com\/de\/wp-json\/wp\/v2\/types\/product"}],"replies":[{"embeddable":true,"href":"https:\/\/clearchox.com\/de\/wp-json\/wp\/v2\/comments?post=403"}],"wp:featuredmedia":[{"embeddable":true,"href":"https:\/\/clearchox.com\/de\/wp-json\/wp\/v2\/media\/404"}],"wp:attachment":[{"href":"https:\/\/clearchox.com\/de\/wp-json\/wp\/v2\/media?parent=403"}],"wp:term":[{"taxonomy":"product_brand","embeddable":true,"href":"https:\/\/clearchox.com\/de\/wp-json\/wp\/v2\/product_brand?post=403"},{"taxonomy":"product_cat","embeddable":true,"href":"https:\/\/clearchox.com\/de\/wp-json\/wp\/v2\/product_cat?post=403"},{"taxonomy":"product_tag","embeddable":true,"href":"https:\/\/clearchox.com\/de\/wp-json\/wp\/v2\/product_tag?post=403"}],"curies":[{"name":"wp","href":"https:\/\/api.w.org\/{rel}","templated":true}]}}