{"id":409,"date":"2018-08-02T00:00:00","date_gmt":"2018-08-02T00:00:00","guid":{"rendered":"https:\/\/clearchox.com\/product\/kuna-71-vanille-2-x-30-gr-bio\/"},"modified":"2026-01-08T09:55:06","modified_gmt":"2026-01-08T09:55:06","slug":"kuna-71-vanille-2-x-30-gr-bio","status":"publish","type":"product","link":"https:\/\/clearchox.com\/de\/shop\/kuna-71-vanille-2-x-30-gr-bio\/","title":{"rendered":"Kuna 71% Vanille 2 x 30 gr BIO"},"content":{"rendered":"<p>Wie aus dem Nichts gewann Kun\u00e1 2012 den ersten Preis am\u00a0<a href=\"http:\/\/www.anecacao.com\/salon-del-cacao-chocolate-guayaquil-2012\/\" target=\"_blank\" rel=\"noopener noreferrer\">El Salon del Cacao y chocolate Ecuatoriano<\/a>\u00a0in Guayaquil (Ecuador).<\/p>\n<p><strong>Mehr als Fair-Trade<\/strong><br \/>\nKuna ist eine Marke\u00a0der ecuadorianischen Firma FreshCosta, die &#8211; nach unseren Ma\u00dfst\u00e4ben &#8211; eine\u00a0bemerkenswerte Sozialpolitik betreibt. Was wir fairen Handel nennen, ist ganz normal in Ecuador. Es\u00a0bedeutet bei Kuna soziale Verantwortung &#8211; fest etabliert im gesamten Konzept.\u00a0Das Wohl der Erzeuger, die Schaffung von Arbeitspl\u00e4tzen und der Anbau hochwertigen Kakaos sind wesentliche Bestandteile.<\/p>\n<p><a href=\"https:\/\/clearchox.com\/wp-content\/uploads\/Cacaopeul.jpg\"><img loading=\"lazy\" decoding=\"async\" class=\"alignleft wp-image-11894\" src=\"https:\/\/clearchox.com\/wp-content\/uploads\/Cacaopeul.jpg\" alt=\"Cacaopeul\" width=\"180\" height=\"136\" \/><\/a>Der &#8222;Nacional&#8220; oder &#8222;Arriba&#8220;-Kakao kommt von\u00a0der Kichwa Genossenschaft Asociaci\u00f3n Wi\u00f1ak aus der Unesco Biosph\u00e4re Sumaco.<br \/>\nLesen Sie <a href=\"\/?p=11871\" target=\"_blank\" rel=\"noopener noreferrer\">hier <\/a>die Geschichte unseres Besuches. Und die wunderbare Philosophie der nat\u00fcrlichen Art von Landwirtschaft, &#8222;Chakra&#8220; genannt.<\/p>\n<p>Die Vanille kommt aus <a href=\"https:\/\/vainillapapantla.com\/la-leyenda-de-la-vainilla\/\" target=\"_blank\" rel=\"noopener noreferrer\">Papantla aus Veracruz<\/a>, Mexiko. Dort liegt ein Familienbauernhof, der seit Hunderten von Jahren Vanille z\u00fcchtet. Papantla nennt sich die Wiege der Vanille.<\/p>\n<p><strong>Zutaten<\/strong>: Kakaomasse, Kakaobutter, Panela (Unraffinierter Rohrzucker: der Saft der Pflanze wird eingedampft), nat\u00fcrlicher Vanilleextrakt,<br \/>\n<strong>Geschmack<\/strong>:\u00a0intensiv fruchtig und frisch mit einem zarten Vanille Beigeschmack<\/p>\n","protected":false},"excerpt":{"rendered":"<p>Schokolade mit Arriba-Kakaobohnen aus dem Amazonas von Ecuador, angereichert mit Vanille aus Paplanta, Mexiko. Die Komposition ist intensiv fruchtig und frisch mit weichen Vanillenoten.\u00a0Kein Baum wurde f\u00fcr die Verpackung gef\u00e4llt. Papier aus Zuckerrohrfasern. Enth\u00e4lt 2 x 30 gr Tafeln.<\/p>\n","protected":false},"featured_media":84162,"comment_status":"open","ping_status":"closed","template":"","meta":[],"product_brand":[56],"product_cat":[737,735,754,15,736],"product_tag":[],"class_list":{"0":"post-409","1":"product","2":"type-product","3":"status-publish","4":"has-post-thumbnail","6":"product_brand-kuna","7":"product_cat-allergenfrei","8":"product_cat-bio","9":"product_cat-herkunftschokolade","10":"product_cat-schokolade","11":"product_cat-vegan","12":"product_shipping_class-16","13":"infinite-scroll-item","14":"resize-featured-image","15":"sales-flash-overlay","16":"woocommerce-text-align-center","17":"woocommerce-image-align-center","18":"wc-has-gallery","20":"first","21":"outofstock","22":"shipping-taxable","23":"purchasable","24":"product-type-simple"},"_links":{"self":[{"href":"https:\/\/clearchox.com\/de\/wp-json\/wp\/v2\/product\/409","targetHints":{"allow":["GET"]}}],"collection":[{"href":"https:\/\/clearchox.com\/de\/wp-json\/wp\/v2\/product"}],"about":[{"href":"https:\/\/clearchox.com\/de\/wp-json\/wp\/v2\/types\/product"}],"replies":[{"embeddable":true,"href":"https:\/\/clearchox.com\/de\/wp-json\/wp\/v2\/comments?post=409"}],"wp:featuredmedia":[{"embeddable":true,"href":"https:\/\/clearchox.com\/de\/wp-json\/wp\/v2\/media\/84162"}],"wp:attachment":[{"href":"https:\/\/clearchox.com\/de\/wp-json\/wp\/v2\/media?parent=409"}],"wp:term":[{"taxonomy":"product_brand","embeddable":true,"href":"https:\/\/clearchox.com\/de\/wp-json\/wp\/v2\/product_brand?post=409"},{"taxonomy":"product_cat","embeddable":true,"href":"https:\/\/clearchox.com\/de\/wp-json\/wp\/v2\/product_cat?post=409"},{"taxonomy":"product_tag","embeddable":true,"href":"https:\/\/clearchox.com\/de\/wp-json\/wp\/v2\/product_tag?post=409"}],"curies":[{"name":"wp","href":"https:\/\/api.w.org\/{rel}","templated":true}]}}