{"id":415,"date":"2018-08-02T00:00:00","date_gmt":"2018-08-02T00:00:00","guid":{"rendered":"https:\/\/clearchox.com\/product\/kuna-zout-en-raw-nibs-2-x-30-gr-bio\/"},"modified":"2026-01-19T19:42:37","modified_gmt":"2026-01-19T19:42:37","slug":"kuna-zout-en-raw-nibs-2-x-30-gr-bio","status":"publish","type":"product","link":"https:\/\/clearchox.com\/de\/shop\/kuna-zout-en-raw-nibs-2-x-30-gr-bio\/","title":{"rendered":"Kun\u00e1 71% Salz und rohe Nibs 2 x 30 gr BIO"},"content":{"rendered":"<p>Zutaten: Kakaomasse, Rohrohrzucker, Kakaobutter, rohe Kakaobohnenst\u00fccke, Atacama-Salz<\/p>\n<p><span style=\"color: #993300\"><em><strong>Frei von Allergenen (N\u00fcsse, Schalenfr\u00fcchte, Sesam, Milch, Soja, Gluten)<br \/>\n<\/strong><\/em><\/span><\/p>\n<p>Die Verpackung sagt, dass es Spuren von Milch geben kann, das stimmt nicht. Die Produktion ist &#8222;sauber&#8220;, aber die Verpackung war noch nicht erneut.<span style=\"color: #993300\"><em><strong><br \/>\n<\/strong><\/em><\/span><\/p>\n","protected":false},"excerpt":{"rendered":"<p>Das ist die perfekte Begegnung. Aromatischer Kakao aus der Unesco-Biosph\u00e4re Sumaco im Amazonas von Ecuador angereichert mit rohen Kakao-Nibs und dezent gestreuten funkelnden Salzkristallen aus Salar de Atacama aus dem Norden Chiles.\u00a0Und\u00a0f\u00fcr die Verpackung wurde kein Baum gef\u00e4llt. Papier aus Zuckerrohrfasern. Enth\u00e4lt 2 x 30 gr Tafeln.<\/p>\n","protected":false},"featured_media":84165,"comment_status":"open","ping_status":"closed","template":"","meta":[],"product_brand":[56],"product_cat":[737,735,754,15,736],"product_tag":[],"class_list":{"0":"post-415","1":"product","2":"type-product","3":"status-publish","4":"has-post-thumbnail","6":"product_brand-kuna","7":"product_cat-allergenfrei","8":"product_cat-bio","9":"product_cat-herkunftschokolade","10":"product_cat-schokolade","11":"product_cat-vegan","12":"product_shipping_class-16","13":"infinite-scroll-item","14":"resize-featured-image","15":"sales-flash-overlay","16":"woocommerce-text-align-center","17":"woocommerce-image-align-center","18":"wc-has-gallery","20":"first","21":"outofstock","22":"shipping-taxable","23":"purchasable","24":"product-type-simple"},"_links":{"self":[{"href":"https:\/\/clearchox.com\/de\/wp-json\/wp\/v2\/product\/415","targetHints":{"allow":["GET"]}}],"collection":[{"href":"https:\/\/clearchox.com\/de\/wp-json\/wp\/v2\/product"}],"about":[{"href":"https:\/\/clearchox.com\/de\/wp-json\/wp\/v2\/types\/product"}],"replies":[{"embeddable":true,"href":"https:\/\/clearchox.com\/de\/wp-json\/wp\/v2\/comments?post=415"}],"wp:featuredmedia":[{"embeddable":true,"href":"https:\/\/clearchox.com\/de\/wp-json\/wp\/v2\/media\/84165"}],"wp:attachment":[{"href":"https:\/\/clearchox.com\/de\/wp-json\/wp\/v2\/media?parent=415"}],"wp:term":[{"taxonomy":"product_brand","embeddable":true,"href":"https:\/\/clearchox.com\/de\/wp-json\/wp\/v2\/product_brand?post=415"},{"taxonomy":"product_cat","embeddable":true,"href":"https:\/\/clearchox.com\/de\/wp-json\/wp\/v2\/product_cat?post=415"},{"taxonomy":"product_tag","embeddable":true,"href":"https:\/\/clearchox.com\/de\/wp-json\/wp\/v2\/product_tag?post=415"}],"curies":[{"name":"wp","href":"https:\/\/api.w.org\/{rel}","templated":true}]}}