{"id":437,"date":"2019-01-15T00:00:00","date_gmt":"2019-01-15T00:00:00","guid":{"rendered":"https:\/\/clearchox.com\/product\/georgia-ramon-geitenmelk-55-bio\/"},"modified":"2026-04-23T07:34:08","modified_gmt":"2026-04-23T07:34:08","slug":"georgia-ramon-geitenmelk-55-bio","status":"publish","type":"product","link":"https:\/\/clearchox.com\/de\/shop\/georgia-ramon-geitenmelk-55-bio\/","title":{"rendered":"Georgia Ramon Ziegenmilch 55 % BIO"},"content":{"rendered":"<p>Die Kakaobohnen stammen von <a href=\"https:\/\/www.uncommoncacao.com\/oko-caribe\/\" target=\"_blank\" rel=\"noopener noreferrer\">\u00d6ko Caribe<\/a>. Georg Bernardini verwendet diesen Kakao auch f\u00fcr die <a href=\"\/?p=51992\" target=\"_blank\" rel=\"noopener noreferrer\">Dominikanische Republik 72% BIO-Tafel<\/a> .<\/p>\n<p>Die Bio-Ziegenmilch, aus der das Ziegenmilchpulver hergestellt wird, ist mild und reich an Eiwei\u00df und stammt von <a href=\"https:\/\/www.bettine.nl\/de\" target=\"_blank\" rel=\"noopener noreferrer\">Bettinehoeve<\/a>, NL. Etwa 45 Ziegenz\u00fcchter sind hierf\u00fcr im Verbund t\u00e4tig.<\/p>\n<p><strong>Aroma: <\/strong>Milchig-cremig mit einer dezenten Note von Ziegenmilch<strong><br \/>\n<\/strong><\/p>\n<p><strong>Zutaten:<\/strong> Kakaobutter, Rohrohrzucker, Kakaomasse, Ziegen<span style=\"color: #993300\"><strong><em>milch<\/em><\/strong><\/span>pulver (15%)<\/p>\n<p><span style=\"color: #993300\"><strong>Kann Spuren von Schalenfr\u00fcchten, Erdn\u00fcsse, Sesam und <em>Kuh<\/em>milch enthalten.<\/strong><\/span><\/p>\n<table border=\"0\" width=\"593\" cellspacing=\"0\" cellpadding=\"0\">\n<colgroup>\n<col width=\"333\" \/>\n<col width=\"260\" \/><\/colgroup>\n<tbody>\n<tr>\n<td class=\"xl68\" width=\"333\" height=\"15\"><strong>N\u00e4hrwerte<\/strong><\/td>\n<td class=\"xl66\" width=\"260\"><strong>pro\u00a0100 g<\/strong><\/td>\n<\/tr>\n<tr>\n<td class=\"xl64\" height=\"15\">Energie<\/td>\n<td class=\"xl65\">604 kCal\/\u00a02529\u00a0 kJ<\/td>\n<\/tr>\n<tr>\n<td class=\"xl64\" height=\"15\">Fett<\/td>\n<td class=\"xl65\">48\u00a0 g<\/td>\n<\/tr>\n<tr>\n<td class=\"xl64\" height=\"15\">davon ges\u00e4ttigte Fetts\u00e4uren<\/td>\n<td class=\"xl65\">30 g<\/td>\n<\/tr>\n<tr>\n<td class=\"xl64\" height=\"15\">Kohlenhydrate<\/td>\n<td class=\"xl65\">37 g<\/td>\n<\/tr>\n<tr>\n<td class=\"xl64\" height=\"15\">davon Zucker<\/td>\n<td class=\"xl65\">35 g<\/td>\n<\/tr>\n<tr>\n<td class=\"xl64\" height=\"15\">Eiweiss<\/td>\n<td class=\"xl65\">9 g<\/td>\n<\/tr>\n<tr>\n<td class=\"xl67\" height=\"15\">Salz<\/td>\n<td class=\"xl63\">0,11 g<\/td>\n<\/tr>\n<\/tbody>\n<\/table>\n<p>EAN-Code:\u00a0<span style=\"font-family: inherit;font-size: inherit\">4260441821213<\/span><\/p>\n","protected":false},"excerpt":{"rendered":"<p>Ziegenmilch und Schokolade passen sehr gut zusammen. Diese Tafel enth\u00e4lt milde 15% Bio-Ziegenmilch und ist milchig-cremig im Geschmack.<\/p>\n","protected":false},"featured_media":83881,"comment_status":"open","ping_status":"closed","template":"","meta":[],"product_brand":[77],"product_cat":[735,15],"product_tag":[],"class_list":{"0":"post-437","1":"product","2":"type-product","3":"status-publish","4":"has-post-thumbnail","6":"product_brand-georgia-ramon","7":"product_cat-bio","8":"product_cat-schokolade","9":"product_shipping_class-16","10":"infinite-scroll-item","11":"resize-featured-image","12":"sales-flash-overlay","13":"woocommerce-text-align-center","14":"woocommerce-image-align-center","15":"wc-has-gallery","17":"first","18":"instock","19":"shipping-taxable","20":"purchasable","21":"product-type-simple"},"_links":{"self":[{"href":"https:\/\/clearchox.com\/de\/wp-json\/wp\/v2\/product\/437","targetHints":{"allow":["GET"]}}],"collection":[{"href":"https:\/\/clearchox.com\/de\/wp-json\/wp\/v2\/product"}],"about":[{"href":"https:\/\/clearchox.com\/de\/wp-json\/wp\/v2\/types\/product"}],"replies":[{"embeddable":true,"href":"https:\/\/clearchox.com\/de\/wp-json\/wp\/v2\/comments?post=437"}],"wp:featuredmedia":[{"embeddable":true,"href":"https:\/\/clearchox.com\/de\/wp-json\/wp\/v2\/media\/83881"}],"wp:attachment":[{"href":"https:\/\/clearchox.com\/de\/wp-json\/wp\/v2\/media?parent=437"}],"wp:term":[{"taxonomy":"product_brand","embeddable":true,"href":"https:\/\/clearchox.com\/de\/wp-json\/wp\/v2\/product_brand?post=437"},{"taxonomy":"product_cat","embeddable":true,"href":"https:\/\/clearchox.com\/de\/wp-json\/wp\/v2\/product_cat?post=437"},{"taxonomy":"product_tag","embeddable":true,"href":"https:\/\/clearchox.com\/de\/wp-json\/wp\/v2\/product_tag?post=437"}],"curies":[{"name":"wp","href":"https:\/\/api.w.org\/{rel}","templated":true}]}}